{"id":467492,"date":"2024-10-17T14:37:08","date_gmt":"2024-10-17T12:37:08","guid":{"rendered":"http:\/\/primalflow.eu\/?page_id=467492"},"modified":"2024-10-18T15:11:25","modified_gmt":"2024-10-18T13:11:25","slug":"return-policy","status":"publish","type":"page","link":"https:\/\/primalflow.eu\/pt\/return-policy\/","title":{"rendered":"Pol\u00edtica de devolu\u00e7\u00e3o"},"content":{"rendered":"<div data-elementor-type=\"wp-page\" data-elementor-id=\"467492\" class=\"elementor elementor-467492\" data-elementor-post-type=\"page\">\n\t\t\t\t\t\t<section class=\"elementor-section elementor-top-section elementor-element elementor-element-d457ae2 elementor-section-boxed elementor-section-height-default elementor-section-height-default\" data-id=\"d457ae2\" data-element_type=\"section\" data-e-type=\"section\">\n\t\t\t\t\t\t<div class=\"elementor-container elementor-column-gap-default\">\n\t\t\t\t\t<div class=\"elementor-column elementor-col-100 elementor-top-column elementor-element elementor-element-7dcee88\" data-id=\"7dcee88\" data-element_type=\"column\" data-e-type=\"column\">\n\t\t\t<div class=\"elementor-widget-wrap elementor-element-populated\">\n\t\t\t\t\t\t<div class=\"elementor-element elementor-element-892e2e3 elementor-widget elementor-widget-heading\" data-id=\"892e2e3\" data-element_type=\"widget\" data-e-type=\"widget\" data-widget_type=\"heading.default\">\n\t\t\t\t<div class=\"elementor-widget-container\">\n\t\t\t\t\t<h2 class=\"elementor-heading-title elementor-size-default\"><b>RETORNO <\/b>POL\u00cdTICA<\/h2>\t\t\t\t<\/div>\n\t\t\t\t<\/div>\n\t\t\t\t<div class=\"elementor-element elementor-element-8cd075b elementor-widget elementor-widget-text-editor\" data-id=\"8cd075b\" data-element_type=\"widget\" data-e-type=\"widget\" data-widget_type=\"text-editor.default\">\n\t\t\t\t<div class=\"elementor-widget-container\">\n\t\t\t\t\t\t\t\t\t<p>As c\u00e1psulas de suplemento adquiridas s\u00f3 podem ser devolvidas se <strong>o selo de pl\u00e1stico est\u00e1 intacto<\/strong> e a embalagem \u00e9 <strong>fechado<\/strong>. O produto deve ter sido armazenado a <strong>temperatura ambiente<\/strong>O produto deve ser conservado em local seco, ao abrigo da luz solar direta e longe de contaminantes, como produtos de limpeza ou qu\u00edmicos. Isto garante que a qualidade e a seguran\u00e7a dos suplementos permanecem intactas.<\/p><h4>\u00a0<\/h4><h4>Diretrizes de devolu\u00e7\u00e3o adicionais:<\/h4><p>\u00a0<\/p><ol><li><p><strong>Per\u00edodo de retorno<\/strong><br \/>Pode devolver produtos dentro de <strong>14 dias<\/strong> da rece\u00e7\u00e3o da encomenda. A embalagem deve permanecer fechada e o selo intacto para que a devolu\u00e7\u00e3o possa ser efectuada.<br \/><br \/><\/p><\/li><li><p><strong>Envio de devolu\u00e7\u00f5es<\/strong><br \/>O cliente \u00e9 respons\u00e1vel pelos custos de envio da devolu\u00e7\u00e3o, exceto se o produto estiver danificado ou com defeito. Recomendamos a utiliza\u00e7\u00e3o de um servi\u00e7o de transporte rastre\u00e1vel para garantir uma devolu\u00e7\u00e3o segura.<\/p><p>As devolu\u00e7\u00f5es devem ser enviadas para o seguinte endere\u00e7o:<\/p><p><strong>Kerkenbos 1063M,<br \/>6546 BB Nijmegen,<br \/>Pa\u00edses Baixos.<\/strong><\/p><p>Para garantir um processo de devolu\u00e7\u00e3o sem problemas, inclua o n\u00famero da encomenda e especifique o(s) produto(s) que est\u00e1 a devolver.<\/p><p>\u00a0<\/p><\/li><li><p><strong>Processo de reembolso<\/strong><br \/>Assim que recebermos e inspeccionarmos o artigo devolvido, notific\u00e1-lo-emos da aprova\u00e7\u00e3o ou rejei\u00e7\u00e3o do seu reembolso. Os reembolsos aprovados ser\u00e3o processados no prazo de <strong>7-10 dias \u00fateis<\/strong> e ser\u00e1 emitida para o m\u00e9todo de pagamento original.<br \/><br \/><\/p><\/li><li><p><strong>Condi\u00e7\u00f5es n\u00e3o retorn\u00e1veis<\/strong><br \/>N\u00f3s <strong>n\u00e3o pode<\/strong> aceitar devolu\u00e7\u00f5es se o <strong>o selo est\u00e1 quebrado<\/strong> ou o <strong>o pacote \u00e9 aberto<\/strong>. Isto deve-se aos requisitos de seguran\u00e7a e de controlo de qualidade dos suplementos alimentares. Al\u00e9m disso, os artigos devolvidos ap\u00f3s <strong>30 dias<\/strong> a partir da data de entrega n\u00e3o podem ser reembolsados.<br \/><br \/><\/p><\/li><\/ol><h4>Nota:<\/h4><p>Uma vez que o <strong>o selo de pl\u00e1stico est\u00e1 quebrado<\/strong>n\u00e3o podemos garantir a qualidade ou a seguran\u00e7a do suplemento, e <strong>n\u00e3o pode<\/strong> ser devolvido ou reembolsado.<\/p>\t\t\t\t\t\t\t\t<\/div>\n\t\t\t\t<\/div>\n\t\t\t\t\t<\/div>\n\t\t<\/div>\n\t\t\t\t\t<\/div>\n\t\t<\/section>\n\t\t\t\t<section class=\"elementor-section elementor-top-section elementor-element elementor-element-2493f13 elementor-section-boxed elementor-section-height-default elementor-section-height-default\" data-id=\"2493f13\" data-element_type=\"section\" data-e-type=\"section\">\n\t\t\t\t\t\t<div class=\"elementor-container elementor-column-gap-default\">\n\t\t\t\t\t<div class=\"elementor-column elementor-col-100 elementor-top-column elementor-element elementor-element-95a4179\" data-id=\"95a4179\" data-element_type=\"column\" data-e-type=\"column\">\n\t\t\t<div class=\"elementor-widget-wrap elementor-element-populated\">\n\t\t\t\t\t\t<div class=\"elementor-element elementor-element-35e8908 elementor-align-center elementor-widget elementor-widget-button\" data-id=\"35e8908\" data-element_type=\"widget\" data-e-type=\"widget\" data-widget_type=\"button.default\">\n\t\t\t\t<div class=\"elementor-widget-container\">\n\t\t\t\t\t\t\t\t\t<div class=\"elementor-button-wrapper\">\n\t\t\t\t\t<a class=\"elementor-button elementor-button-link elementor-size-sm\" href=\"\/pt\/products\/\">\n\t\t\t\t\t\t<span class=\"elementor-button-content-wrapper\">\n\t\t\t\t\t\t\t\t\t<span class=\"elementor-button-text\">ir para produtos<\/span>\n\t\t\t\t\t<\/span>\n\t\t\t\t\t<\/a>\n\t\t\t\t<\/div>\n\t\t\t\t\t\t\t\t<\/div>\n\t\t\t\t<\/div>\n\t\t\t\t\t<\/div>\n\t\t<\/div>\n\t\t\t\t\t<\/div>\n\t\t<\/section>\n\t\t\t\t<\/div>","protected":false},"excerpt":{"rendered":"<p>RETURN POLICY Purchased supplement capsules can only be returned if the plastic seal is intact and the packaging is unopened. The product must have been stored at room temperature, away from direct sunlight, and kept away from contaminants such as cleaning products or chemicals. This ensures the quality and safety of the supplements remain intact. [&hellip;]<\/p>","protected":false},"author":1,"featured_media":0,"parent":0,"menu_order":0,"comment_status":"closed","ping_status":"closed","template":"","meta":{"site-sidebar-layout":"no-sidebar","site-content-layout":"page-builder","ast-site-content-layout":"full-width-container","site-content-style":"default","site-sidebar-style":"default","ast-global-header-display":"","ast-banner-title-visibility":"","ast-main-header-display":"","ast-hfb-above-header-display":"","ast-hfb-below-header-display":"","ast-hfb-mobile-header-display":"","site-post-title":"disabled","ast-breadcrumbs-content":"","ast-featured-img":"disabled","footer-sml-layout":"","theme-transparent-header-meta":"disabled","adv-header-id-meta":"","stick-header-meta":"","header-above-stick-meta":"","header-main-stick-meta":"","header-below-stick-meta":"","astra-migrate-meta-layouts":"set","ast-page-background-enabled":"default","ast-page-background-meta":{"desktop":{"background-color":"","background-image":"","background-repeat":"repeat","background-position":"center center","background-size":"auto","background-attachment":"scroll","background-type":"","background-media":"","overlay-type":"","overlay-color":"","overlay-opacity":"","overlay-gradient":""},"tablet":{"background-color":"","background-image":"","background-repeat":"repeat","background-position":"center center","background-size":"auto","background-attachment":"scroll","background-type":"","background-media":"","overlay-type":"","overlay-color":"","overlay-opacity":"","overlay-gradient":""},"mobile":{"background-color":"","background-image":"","background-repeat":"repeat","background-position":"center center","background-size":"auto","background-attachment":"scroll","background-type":"","background-media":"","overlay-type":"","overlay-color":"","overlay-opacity":"","overlay-gradient":""}},"ast-content-background-meta":{"desktop":{"background-color":"var(--ast-global-color-5)","background-image":"","background-repeat":"repeat","background-position":"center center","background-size":"auto","background-attachment":"scroll","background-type":"","background-media":"","overlay-type":"","overlay-color":"","overlay-opacity":"","overlay-gradient":""},"tablet":{"background-color":"var(--ast-global-color-5)","background-image":"","background-repeat":"repeat","background-position":"center center","background-size":"auto","background-attachment":"scroll","background-type":"","background-media":"","overlay-type":"","overlay-color":"","overlay-opacity":"","overlay-gradient":""},"mobile":{"background-color":"var(--ast-global-color-5)","background-image":"","background-repeat":"repeat","background-position":"center center","background-size":"auto","background-attachment":"scroll","background-type":"","background-media":"","overlay-type":"","overlay-color":"","overlay-opacity":"","overlay-gradient":""}},"footnotes":""},"class_list":["post-467492","page","type-page","status-publish","hentry"],"yoast_head":"<!-- This site is optimized with the Yoast SEO plugin v27.6 - https:\/\/yoast.com\/product\/yoast-seo-wordpress\/ -->\n<title>Return Policy - Primal Flow<\/title>\n<meta name=\"robots\" content=\"index, follow, max-snippet:-1, max-image-preview:large, max-video-preview:-1\" \/>\n<link rel=\"canonical\" href=\"https:\/\/primalflow.eu\/pt\/return-policy\/\" \/>\n<meta property=\"og:locale\" content=\"pt_PT\" \/>\n<meta property=\"og:type\" content=\"article\" \/>\n<meta property=\"og:title\" content=\"Return Policy - Primal Flow\" \/>\n<meta property=\"og:description\" content=\"RETURN POLICY Purchased supplement capsules can only be returned if the plastic seal is intact and the packaging is unopened. The product must have been stored at room temperature, away from direct sunlight, and kept away from contaminants such as cleaning products or chemicals. This ensures the quality and safety of the supplements remain intact. [&hellip;]\" \/>\n<meta property=\"og:url\" content=\"https:\/\/primalflow.eu\/pt\/return-policy\/\" \/>\n<meta property=\"og:site_name\" content=\"Primal Flow\" \/>\n<meta property=\"article:modified_time\" content=\"2024-10-18T13:11:25+00:00\" \/>\n<meta name=\"twitter:card\" content=\"summary_large_image\" \/>\n<meta name=\"twitter:label1\" content=\"Tempo estimado de leitura\" \/>\n\t<meta name=\"twitter:data1\" content=\"2 minutos\" \/>\n<script type=\"application\/ld+json\" class=\"yoast-schema-graph\">{\"@context\":\"https:\\\/\\\/schema.org\",\"@graph\":[{\"@type\":\"WebPage\",\"@id\":\"https:\\\/\\\/primalflow.eu\\\/nl\\\/return-policy\\\/\",\"url\":\"https:\\\/\\\/primalflow.eu\\\/nl\\\/return-policy\\\/\",\"name\":\"Return Policy - Primal Flow\",\"isPartOf\":{\"@id\":\"https:\\\/\\\/primalflow.eu\\\/de\\\/#website\"},\"datePublished\":\"2024-10-17T12:37:08+00:00\",\"dateModified\":\"2024-10-18T13:11:25+00:00\",\"breadcrumb\":{\"@id\":\"https:\\\/\\\/primalflow.eu\\\/nl\\\/return-policy\\\/#breadcrumb\"},\"inLanguage\":\"pt-PT\",\"potentialAction\":[{\"@type\":\"ReadAction\",\"target\":[\"https:\\\/\\\/primalflow.eu\\\/nl\\\/return-policy\\\/\"]}]},{\"@type\":\"BreadcrumbList\",\"@id\":\"https:\\\/\\\/primalflow.eu\\\/nl\\\/return-policy\\\/#breadcrumb\",\"itemListElement\":[{\"@type\":\"ListItem\",\"position\":1,\"name\":\"Home\",\"item\":\"https:\\\/\\\/primalflow.eu\\\/de\\\/\"},{\"@type\":\"ListItem\",\"position\":2,\"name\":\"Return Policy\"}]},{\"@type\":\"WebSite\",\"@id\":\"https:\\\/\\\/primalflow.eu\\\/de\\\/#website\",\"url\":\"https:\\\/\\\/primalflow.eu\\\/de\\\/\",\"name\":\"Primal Flow\",\"description\":\"Fuel Your Flow with the Power of Mushrooms\",\"publisher\":{\"@id\":\"https:\\\/\\\/primalflow.eu\\\/de\\\/#organization\"},\"potentialAction\":[{\"@type\":\"SearchAction\",\"target\":{\"@type\":\"EntryPoint\",\"urlTemplate\":\"https:\\\/\\\/primalflow.eu\\\/de\\\/?s={search_term_string}\"},\"query-input\":{\"@type\":\"PropertyValueSpecification\",\"valueRequired\":true,\"valueName\":\"search_term_string\"}}],\"inLanguage\":\"pt-PT\"},{\"@type\":\"Organization\",\"@id\":\"https:\\\/\\\/primalflow.eu\\\/de\\\/#organization\",\"name\":\"Primal Flow\",\"url\":\"https:\\\/\\\/primalflow.eu\\\/de\\\/\",\"logo\":{\"@type\":\"ImageObject\",\"inLanguage\":\"pt-PT\",\"@id\":\"https:\\\/\\\/primalflow.eu\\\/de\\\/#\\\/schema\\\/logo\\\/image\\\/\",\"url\":\"https:\\\/\\\/primalflow.eu\\\/wp-content\\\/uploads\\\/2024\\\/10\\\/Primal-B.V.-logo-4.svg\",\"contentUrl\":\"https:\\\/\\\/primalflow.eu\\\/wp-content\\\/uploads\\\/2024\\\/10\\\/Primal-B.V.-logo-4.svg\",\"width\":50,\"height\":50,\"caption\":\"Primal Flow\"},\"image\":{\"@id\":\"https:\\\/\\\/primalflow.eu\\\/de\\\/#\\\/schema\\\/logo\\\/image\\\/\"}}]}<\/script>\n<!-- \/ Yoast SEO plugin. -->","yoast_head_json":{"title":"Return Policy - Primal Flow","robots":{"index":"index","follow":"follow","max-snippet":"max-snippet:-1","max-image-preview":"max-image-preview:large","max-video-preview":"max-video-preview:-1"},"canonical":"https:\/\/primalflow.eu\/pt\/return-policy\/","og_locale":"pt_PT","og_type":"article","og_title":"Return Policy - Primal Flow","og_description":"RETURN POLICY Purchased supplement capsules can only be returned if the plastic seal is intact and the packaging is unopened. The product must have been stored at room temperature, away from direct sunlight, and kept away from contaminants such as cleaning products or chemicals. This ensures the quality and safety of the supplements remain intact. [&hellip;]","og_url":"https:\/\/primalflow.eu\/pt\/return-policy\/","og_site_name":"Primal Flow","article_modified_time":"2024-10-18T13:11:25+00:00","twitter_card":"summary_large_image","twitter_misc":{"Tempo estimado de leitura":"2 minutos"},"schema":{"@context":"https:\/\/schema.org","@graph":[{"@type":"WebPage","@id":"https:\/\/primalflow.eu\/nl\/return-policy\/","url":"https:\/\/primalflow.eu\/nl\/return-policy\/","name":"Return Policy - Primal Flow","isPartOf":{"@id":"https:\/\/primalflow.eu\/de\/#website"},"datePublished":"2024-10-17T12:37:08+00:00","dateModified":"2024-10-18T13:11:25+00:00","breadcrumb":{"@id":"https:\/\/primalflow.eu\/nl\/return-policy\/#breadcrumb"},"inLanguage":"pt-PT","potentialAction":[{"@type":"ReadAction","target":["https:\/\/primalflow.eu\/nl\/return-policy\/"]}]},{"@type":"BreadcrumbList","@id":"https:\/\/primalflow.eu\/nl\/return-policy\/#breadcrumb","itemListElement":[{"@type":"ListItem","position":1,"name":"Home","item":"https:\/\/primalflow.eu\/de\/"},{"@type":"ListItem","position":2,"name":"Return Policy"}]},{"@type":"WebSite","@id":"https:\/\/primalflow.eu\/de\/#website","url":"https:\/\/primalflow.eu\/de\/","name":"Primal Flow","description":"Fuel Your Flow with the Power of Mushrooms","publisher":{"@id":"https:\/\/primalflow.eu\/de\/#organization"},"potentialAction":[{"@type":"SearchAction","target":{"@type":"EntryPoint","urlTemplate":"https:\/\/primalflow.eu\/de\/?s={search_term_string}"},"query-input":{"@type":"PropertyValueSpecification","valueRequired":true,"valueName":"search_term_string"}}],"inLanguage":"pt-PT"},{"@type":"Organization","@id":"https:\/\/primalflow.eu\/de\/#organization","name":"Primal Flow","url":"https:\/\/primalflow.eu\/de\/","logo":{"@type":"ImageObject","inLanguage":"pt-PT","@id":"https:\/\/primalflow.eu\/de\/#\/schema\/logo\/image\/","url":"https:\/\/primalflow.eu\/wp-content\/uploads\/2024\/10\/Primal-B.V.-logo-4.svg","contentUrl":"https:\/\/primalflow.eu\/wp-content\/uploads\/2024\/10\/Primal-B.V.-logo-4.svg","width":50,"height":50,"caption":"Primal Flow"},"image":{"@id":"https:\/\/primalflow.eu\/de\/#\/schema\/logo\/image\/"}}]}},"jetpack_sharing_enabled":true,"_links":{"self":[{"href":"https:\/\/primalflow.eu\/pt\/wp-json\/wp\/v2\/pages\/467492","targetHints":{"allow":["GET"]}}],"collection":[{"href":"https:\/\/primalflow.eu\/pt\/wp-json\/wp\/v2\/pages"}],"about":[{"href":"https:\/\/primalflow.eu\/pt\/wp-json\/wp\/v2\/types\/page"}],"author":[{"embeddable":true,"href":"https:\/\/primalflow.eu\/pt\/wp-json\/wp\/v2\/users\/1"}],"replies":[{"embeddable":true,"href":"https:\/\/primalflow.eu\/pt\/wp-json\/wp\/v2\/comments?post=467492"}],"version-history":[{"count":0,"href":"https:\/\/primalflow.eu\/pt\/wp-json\/wp\/v2\/pages\/467492\/revisions"}],"wp:attachment":[{"href":"https:\/\/primalflow.eu\/pt\/wp-json\/wp\/v2\/media?parent=467492"}],"curies":[{"name":"wp","href":"https:\/\/api.w.org\/{rel}","templated":true}]}}