{"id":2190,"date":"2023-01-17T14:13:19","date_gmt":"2023-01-17T13:13:19","guid":{"rendered":"http:\/\/primalflow.eu\/?page_id=2190"},"modified":"2024-10-17T14:33:23","modified_gmt":"2024-10-17T12:33:23","slug":"privacy-policy","status":"publish","type":"page","link":"https:\/\/primalflow.eu\/pt\/privacy-policy\/","title":{"rendered":"Pol\u00edtica de privacidade"},"content":{"rendered":"<div data-elementor-type=\"wp-page\" data-elementor-id=\"2190\" class=\"elementor elementor-2190\" data-elementor-post-type=\"page\">\n\t\t\t\t\t\t<section class=\"elementor-section elementor-top-section elementor-element elementor-element-e7288c8 elementor-section-boxed elementor-section-height-default elementor-section-height-default\" data-id=\"e7288c8\" data-element_type=\"section\" data-e-type=\"section\">\n\t\t\t\t\t\t<div class=\"elementor-container elementor-column-gap-default\">\n\t\t\t\t\t<div class=\"elementor-column elementor-col-100 elementor-top-column elementor-element elementor-element-753f697\" data-id=\"753f697\" data-element_type=\"column\" data-e-type=\"column\">\n\t\t\t<div class=\"elementor-widget-wrap elementor-element-populated\">\n\t\t\t\t\t\t<div class=\"elementor-element elementor-element-7b2b18f4 elementor-widget elementor-widget-heading\" data-id=\"7b2b18f4\" data-element_type=\"widget\" data-e-type=\"widget\" data-widget_type=\"heading.default\">\n\t\t\t\t<div class=\"elementor-widget-container\">\n\t\t\t\t\t<h1 class=\"elementor-heading-title elementor-size-default\"><b>PRIVACIDADE <\/b>POL\u00cdTICA<\/h1>\t\t\t\t<\/div>\n\t\t\t\t<\/div>\n\t\t\t\t\t<\/div>\n\t\t<\/div>\n\t\t\t\t\t<\/div>\n\t\t<\/section>\n\t\t\t\t<section class=\"elementor-section elementor-top-section elementor-element elementor-element-55bfb4cb elementor-section-boxed elementor-section-height-default elementor-section-height-default\" data-id=\"55bfb4cb\" data-element_type=\"section\" data-e-type=\"section\">\n\t\t\t\t\t\t<div class=\"elementor-container elementor-column-gap-default\">\n\t\t\t\t\t<div class=\"elementor-column elementor-col-100 elementor-top-column elementor-element elementor-element-d598ea7\" data-id=\"d598ea7\" data-element_type=\"column\" data-e-type=\"column\">\n\t\t\t<div class=\"elementor-widget-wrap elementor-element-populated\">\n\t\t\t\t\t\t<div class=\"elementor-element elementor-element-5e6bc2e elementor-widget elementor-widget-spacer\" data-id=\"5e6bc2e\" data-element_type=\"widget\" data-e-type=\"widget\" data-widget_type=\"spacer.default\">\n\t\t\t\t<div class=\"elementor-widget-container\">\n\t\t\t\t\t\t\t<div class=\"elementor-spacer\">\n\t\t\t<div class=\"elementor-spacer-inner\"><\/div>\n\t\t<\/div>\n\t\t\t\t\t\t<\/div>\n\t\t\t\t<\/div>\n\t\t\t\t<div class=\"elementor-element elementor-element-761eb3d8 elementor-widget elementor-widget-text-editor\" data-id=\"761eb3d8\" data-element_type=\"widget\" data-e-type=\"widget\" data-widget_type=\"text-editor.default\">\n\t\t\t\t<div class=\"elementor-widget-container\">\n\t\t\t\t\t\t\t\t\t<p>A Primal Flow respeita a privacidade de todos os utilizadores do seu site e garante que as informa\u00e7\u00f5es pessoais que nos s\u00e3o fornecidas s\u00e3o tratadas de forma confidencial, utilizando as mais recentes medidas de seguran\u00e7a, e s\u00f3 ser\u00e3o utilizadas com o seu consentimento para efeitos de processamento de encomendas e para melhorar a sua experi\u00eancia de compra.<\/p><p>Ao efetuar uma encomenda ou ao criar uma conta na Primal Flow, o seu nome, endere\u00e7o de e-mail, endere\u00e7o de entrega e detalhes de pagamento ser\u00e3o armazenados de forma segura nos nossos servidores, poupando-lhe a necessidade de voltar a introduzir esta informa\u00e7\u00e3o em futuras encomendas.<\/p><p>Podemos utilizar os dados recolhidos para personalizar o s\u00edtio Web, recomendar produtos relevantes e mant\u00ea-lo informado sobre os desenvolvimentos do s\u00edtio Web, ofertas especiais e promo\u00e7\u00f5es, mas fique descansado, as suas informa\u00e7\u00f5es pessoais nunca ser\u00e3o vendidas a terceiros sem o seu consentimento.<\/p><p>Valorizamos a sua confian\u00e7a e estamos empenhados em proteger os seus dados pessoais, garantindo a sua confidencialidade e seguran\u00e7a atrav\u00e9s da utiliza\u00e7\u00e3o de tecnologia avan\u00e7ada de encripta\u00e7\u00e3o Secure Socket Layer (SSL). Se desejar que os seus dados sejam removidos dos nossos registos, contacte-nos atrav\u00e9s do endere\u00e7o info@primalflow.eu.<\/p><p>Os cookies, que s\u00e3o pequenos peda\u00e7os de informa\u00e7\u00e3o armazenados no seu computador, podem ser utilizados para melhorar e personalizar os nossos servi\u00e7os com base nas suas prefer\u00eancias. O utilizador tem a op\u00e7\u00e3o de configurar as defini\u00e7\u00f5es do seu browser para rejeitar cookies enquanto faz compras na Primal Flow.<\/p><p>Se tiver alguma d\u00favida ou precisar de mais informa\u00e7\u00f5es sobre a nossa Pol\u00edtica de Privacidade, n\u00e3o hesite em contactar a nossa equipa de servi\u00e7o ao cliente atrav\u00e9s do endere\u00e7o info@primalflow.eu. Estamos aqui para o ajudar e garantir que os seus dados s\u00e3o exactos e protegidos, respeitando o seu direito \u00e0 corre\u00e7\u00e3o das suas informa\u00e7\u00f5es pessoais.<\/p>\t\t\t\t\t\t\t\t<\/div>\n\t\t\t\t<\/div>\n\t\t\t\t\t<\/div>\n\t\t<\/div>\n\t\t\t\t\t<\/div>\n\t\t<\/section>\n\t\t\t\t<section class=\"elementor-section elementor-top-section elementor-element elementor-element-34ddf21 elementor-section-boxed elementor-section-height-default elementor-section-height-default\" data-id=\"34ddf21\" data-element_type=\"section\" data-e-type=\"section\">\n\t\t\t\t\t\t<div class=\"elementor-container elementor-column-gap-default\">\n\t\t\t\t\t<div class=\"elementor-column elementor-col-100 elementor-top-column elementor-element elementor-element-8028a18\" data-id=\"8028a18\" data-element_type=\"column\" data-e-type=\"column\">\n\t\t\t<div class=\"elementor-widget-wrap elementor-element-populated\">\n\t\t\t\t\t\t<div class=\"elementor-element elementor-element-ef14ec1 elementor-align-center elementor-widget elementor-widget-button\" data-id=\"ef14ec1\" data-element_type=\"widget\" data-e-type=\"widget\" data-widget_type=\"button.default\">\n\t\t\t\t<div class=\"elementor-widget-container\">\n\t\t\t\t\t\t\t\t\t<div class=\"elementor-button-wrapper\">\n\t\t\t\t\t<a class=\"elementor-button elementor-button-link elementor-size-sm\" href=\"\/pt\/products\/\">\n\t\t\t\t\t\t<span class=\"elementor-button-content-wrapper\">\n\t\t\t\t\t\t\t\t\t<span class=\"elementor-button-text\">ir para produtos<\/span>\n\t\t\t\t\t<\/span>\n\t\t\t\t\t<\/a>\n\t\t\t\t<\/div>\n\t\t\t\t\t\t\t\t<\/div>\n\t\t\t\t<\/div>\n\t\t\t\t\t<\/div>\n\t\t<\/div>\n\t\t\t\t\t<\/div>\n\t\t<\/section>\n\t\t\t\t<\/div>","protected":false},"excerpt":{"rendered":"<p>PRIVACY POLICY Primal Flow respects the privacy of all users of its website and ensures that the personal information provided to us is treated confidentially, utilizing the latest security measures, and will only be used with your consent for order processing purposes and to enhance your shopping experience. By placing an order or creating an [&hellip;]<\/p>","protected":false},"author":1,"featured_media":0,"parent":0,"menu_order":0,"comment_status":"closed","ping_status":"closed","template":"","meta":{"site-sidebar-layout":"no-sidebar","site-content-layout":"page-builder","ast-site-content-layout":"full-width-container","site-content-style":"unboxed","site-sidebar-style":"default","ast-global-header-display":"","ast-banner-title-visibility":"","ast-main-header-display":"","ast-hfb-above-header-display":"","ast-hfb-below-header-display":"","ast-hfb-mobile-header-display":"","site-post-title":"disabled","ast-breadcrumbs-content":"","ast-featured-img":"disabled","footer-sml-layout":"","theme-transparent-header-meta":"disabled","adv-header-id-meta":"","stick-header-meta":"","header-above-stick-meta":"","header-main-stick-meta":"","header-below-stick-meta":"","astra-migrate-meta-layouts":"set","ast-page-background-enabled":"default","ast-page-background-meta":{"desktop":{"background-color":"","background-image":"","background-repeat":"repeat","background-position":"center center","background-size":"auto","background-attachment":"scroll","background-type":"","background-media":"","overlay-type":"","overlay-color":"","overlay-opacity":"","overlay-gradient":""},"tablet":{"background-color":"","background-image":"","background-repeat":"repeat","background-position":"center center","background-size":"auto","background-attachment":"scroll","background-type":"","background-media":"","overlay-type":"","overlay-color":"","overlay-opacity":"","overlay-gradient":""},"mobile":{"background-color":"","background-image":"","background-repeat":"repeat","background-position":"center center","background-size":"auto","background-attachment":"scroll","background-type":"","background-media":"","overlay-type":"","overlay-color":"","overlay-opacity":"","overlay-gradient":""}},"ast-content-background-meta":{"desktop":{"background-color":"var(--ast-global-color-5)","background-image":"","background-repeat":"repeat","background-position":"center center","background-size":"auto","background-attachment":"scroll","background-type":"","background-media":"","overlay-type":"","overlay-color":"","overlay-opacity":"","overlay-gradient":""},"tablet":{"background-color":"var(--ast-global-color-5)","background-image":"","background-repeat":"repeat","background-position":"center center","background-size":"auto","background-attachment":"scroll","background-type":"","background-media":"","overlay-type":"","overlay-color":"","overlay-opacity":"","overlay-gradient":""},"mobile":{"background-color":"var(--ast-global-color-5)","background-image":"","background-repeat":"repeat","background-position":"center center","background-size":"auto","background-attachment":"scroll","background-type":"","background-media":"","overlay-type":"","overlay-color":"","overlay-opacity":"","overlay-gradient":""}},"footnotes":""},"class_list":["post-2190","page","type-page","status-publish","hentry"],"yoast_head":"<!-- This site is optimized with the Yoast SEO plugin v27.6 - https:\/\/yoast.com\/product\/yoast-seo-wordpress\/ -->\n<title>Privacy Policy - Primal Flow<\/title>\n<meta name=\"description\" content=\"Read Primal Flow&#039;s privacy policy to understand how we protect your information.\" \/>\n<meta name=\"robots\" content=\"index, follow, max-snippet:-1, max-image-preview:large, max-video-preview:-1\" \/>\n<link rel=\"canonical\" href=\"http:\/\/primalflow.eu\/pt\/privacy-policy\/\" \/>\n<meta property=\"og:locale\" content=\"pt_PT\" \/>\n<meta property=\"og:type\" content=\"article\" \/>\n<meta property=\"og:title\" content=\"Privacy Policy - Primal Flow\" \/>\n<meta property=\"og:description\" content=\"Read Primal Flow&#039;s privacy policy to understand how we protect your information.\" \/>\n<meta property=\"og:url\" content=\"http:\/\/primalflow.eu\/pt\/privacy-policy\/\" \/>\n<meta property=\"og:site_name\" content=\"Primal Flow\" \/>\n<meta property=\"article:modified_time\" content=\"2024-10-17T12:33:23+00:00\" \/>\n<meta name=\"twitter:card\" content=\"summary_large_image\" \/>\n<meta name=\"twitter:label1\" content=\"Tempo estimado de leitura\" \/>\n\t<meta name=\"twitter:data1\" content=\"2 minutos\" \/>\n<script type=\"application\/ld+json\" class=\"yoast-schema-graph\">{\"@context\":\"https:\\\/\\\/schema.org\",\"@graph\":[{\"@type\":\"WebPage\",\"@id\":\"http:\\\/\\\/primalflow.eu\\\/nl\\\/privacy-policy\\\/\",\"url\":\"http:\\\/\\\/primalflow.eu\\\/nl\\\/privacy-policy\\\/\",\"name\":\"Privacy Policy - Primal Flow\",\"isPartOf\":{\"@id\":\"https:\\\/\\\/primalflow.eu\\\/de\\\/#website\"},\"datePublished\":\"2023-01-17T13:13:19+00:00\",\"dateModified\":\"2024-10-17T12:33:23+00:00\",\"description\":\"Read Primal Flow's privacy policy to understand how we protect your information.\",\"breadcrumb\":{\"@id\":\"http:\\\/\\\/primalflow.eu\\\/nl\\\/privacy-policy\\\/#breadcrumb\"},\"inLanguage\":\"pt-PT\",\"potentialAction\":[{\"@type\":\"ReadAction\",\"target\":[\"http:\\\/\\\/primalflow.eu\\\/nl\\\/privacy-policy\\\/\"]}]},{\"@type\":\"BreadcrumbList\",\"@id\":\"http:\\\/\\\/primalflow.eu\\\/nl\\\/privacy-policy\\\/#breadcrumb\",\"itemListElement\":[{\"@type\":\"ListItem\",\"position\":1,\"name\":\"Home\",\"item\":\"https:\\\/\\\/primalflow.eu\\\/de\\\/\"},{\"@type\":\"ListItem\",\"position\":2,\"name\":\"Privacy Policy\"}]},{\"@type\":\"WebSite\",\"@id\":\"https:\\\/\\\/primalflow.eu\\\/de\\\/#website\",\"url\":\"https:\\\/\\\/primalflow.eu\\\/de\\\/\",\"name\":\"Primal Flow\",\"description\":\"Fuel Your Flow with the Power of Mushrooms\",\"publisher\":{\"@id\":\"https:\\\/\\\/primalflow.eu\\\/de\\\/#organization\"},\"potentialAction\":[{\"@type\":\"SearchAction\",\"target\":{\"@type\":\"EntryPoint\",\"urlTemplate\":\"https:\\\/\\\/primalflow.eu\\\/de\\\/?s={search_term_string}\"},\"query-input\":{\"@type\":\"PropertyValueSpecification\",\"valueRequired\":true,\"valueName\":\"search_term_string\"}}],\"inLanguage\":\"pt-PT\"},{\"@type\":\"Organization\",\"@id\":\"https:\\\/\\\/primalflow.eu\\\/de\\\/#organization\",\"name\":\"Primal Flow\",\"url\":\"https:\\\/\\\/primalflow.eu\\\/de\\\/\",\"logo\":{\"@type\":\"ImageObject\",\"inLanguage\":\"pt-PT\",\"@id\":\"https:\\\/\\\/primalflow.eu\\\/de\\\/#\\\/schema\\\/logo\\\/image\\\/\",\"url\":\"https:\\\/\\\/primalflow.eu\\\/wp-content\\\/uploads\\\/2024\\\/10\\\/Primal-B.V.-logo-4.svg\",\"contentUrl\":\"https:\\\/\\\/primalflow.eu\\\/wp-content\\\/uploads\\\/2024\\\/10\\\/Primal-B.V.-logo-4.svg\",\"width\":50,\"height\":50,\"caption\":\"Primal Flow\"},\"image\":{\"@id\":\"https:\\\/\\\/primalflow.eu\\\/de\\\/#\\\/schema\\\/logo\\\/image\\\/\"}}]}<\/script>\n<!-- \/ Yoast SEO plugin. -->","yoast_head_json":{"title":"Privacy Policy - Primal Flow","description":"Read Primal Flow's privacy policy to understand how we protect your information.","robots":{"index":"index","follow":"follow","max-snippet":"max-snippet:-1","max-image-preview":"max-image-preview:large","max-video-preview":"max-video-preview:-1"},"canonical":"http:\/\/primalflow.eu\/pt\/privacy-policy\/","og_locale":"pt_PT","og_type":"article","og_title":"Privacy Policy - Primal Flow","og_description":"Read Primal Flow's privacy policy to understand how we protect your information.","og_url":"http:\/\/primalflow.eu\/pt\/privacy-policy\/","og_site_name":"Primal Flow","article_modified_time":"2024-10-17T12:33:23+00:00","twitter_card":"summary_large_image","twitter_misc":{"Tempo estimado de leitura":"2 minutos"},"schema":{"@context":"https:\/\/schema.org","@graph":[{"@type":"WebPage","@id":"http:\/\/primalflow.eu\/nl\/privacy-policy\/","url":"http:\/\/primalflow.eu\/nl\/privacy-policy\/","name":"Privacy Policy - Primal Flow","isPartOf":{"@id":"https:\/\/primalflow.eu\/de\/#website"},"datePublished":"2023-01-17T13:13:19+00:00","dateModified":"2024-10-17T12:33:23+00:00","description":"Read Primal Flow's privacy policy to understand how we protect your information.","breadcrumb":{"@id":"http:\/\/primalflow.eu\/nl\/privacy-policy\/#breadcrumb"},"inLanguage":"pt-PT","potentialAction":[{"@type":"ReadAction","target":["http:\/\/primalflow.eu\/nl\/privacy-policy\/"]}]},{"@type":"BreadcrumbList","@id":"http:\/\/primalflow.eu\/nl\/privacy-policy\/#breadcrumb","itemListElement":[{"@type":"ListItem","position":1,"name":"Home","item":"https:\/\/primalflow.eu\/de\/"},{"@type":"ListItem","position":2,"name":"Privacy Policy"}]},{"@type":"WebSite","@id":"https:\/\/primalflow.eu\/de\/#website","url":"https:\/\/primalflow.eu\/de\/","name":"Primal Flow","description":"Fuel Your Flow with the Power of Mushrooms","publisher":{"@id":"https:\/\/primalflow.eu\/de\/#organization"},"potentialAction":[{"@type":"SearchAction","target":{"@type":"EntryPoint","urlTemplate":"https:\/\/primalflow.eu\/de\/?s={search_term_string}"},"query-input":{"@type":"PropertyValueSpecification","valueRequired":true,"valueName":"search_term_string"}}],"inLanguage":"pt-PT"},{"@type":"Organization","@id":"https:\/\/primalflow.eu\/de\/#organization","name":"Primal Flow","url":"https:\/\/primalflow.eu\/de\/","logo":{"@type":"ImageObject","inLanguage":"pt-PT","@id":"https:\/\/primalflow.eu\/de\/#\/schema\/logo\/image\/","url":"https:\/\/primalflow.eu\/wp-content\/uploads\/2024\/10\/Primal-B.V.-logo-4.svg","contentUrl":"https:\/\/primalflow.eu\/wp-content\/uploads\/2024\/10\/Primal-B.V.-logo-4.svg","width":50,"height":50,"caption":"Primal Flow"},"image":{"@id":"https:\/\/primalflow.eu\/de\/#\/schema\/logo\/image\/"}}]}},"jetpack_sharing_enabled":true,"_links":{"self":[{"href":"https:\/\/primalflow.eu\/pt\/wp-json\/wp\/v2\/pages\/2190","targetHints":{"allow":["GET"]}}],"collection":[{"href":"https:\/\/primalflow.eu\/pt\/wp-json\/wp\/v2\/pages"}],"about":[{"href":"https:\/\/primalflow.eu\/pt\/wp-json\/wp\/v2\/types\/page"}],"author":[{"embeddable":true,"href":"https:\/\/primalflow.eu\/pt\/wp-json\/wp\/v2\/users\/1"}],"replies":[{"embeddable":true,"href":"https:\/\/primalflow.eu\/pt\/wp-json\/wp\/v2\/comments?post=2190"}],"version-history":[{"count":0,"href":"https:\/\/primalflow.eu\/pt\/wp-json\/wp\/v2\/pages\/2190\/revisions"}],"wp:attachment":[{"href":"https:\/\/primalflow.eu\/pt\/wp-json\/wp\/v2\/media?parent=2190"}],"curies":[{"name":"wp","href":"https:\/\/api.w.org\/{rel}","templated":true}]}}