{"id":2187,"date":"2023-01-17T14:08:47","date_gmt":"2023-01-17T13:08:47","guid":{"rendered":"http:\/\/primalflow.eu\/?page_id=2187"},"modified":"2024-10-17T14:29:07","modified_gmt":"2024-10-17T12:29:07","slug":"terms-and-conditions","status":"publish","type":"page","link":"https:\/\/primalflow.eu\/pt\/terms-and-conditions\/","title":{"rendered":"Termos e condi\u00e7\u00f5es"},"content":{"rendered":"<div data-elementor-type=\"wp-page\" data-elementor-id=\"2187\" class=\"elementor elementor-2187\" data-elementor-post-type=\"page\">\n\t\t\t\t\t\t<section class=\"elementor-section elementor-top-section elementor-element elementor-element-1f494f4 elementor-section-boxed elementor-section-height-default elementor-section-height-default\" data-id=\"1f494f4\" data-element_type=\"section\" data-e-type=\"section\">\n\t\t\t\t\t\t<div class=\"elementor-container elementor-column-gap-default\">\n\t\t\t\t\t<div class=\"elementor-column elementor-col-100 elementor-top-column elementor-element elementor-element-e868114\" data-id=\"e868114\" data-element_type=\"column\" data-e-type=\"column\">\n\t\t\t<div class=\"elementor-widget-wrap elementor-element-populated\">\n\t\t\t\t\t\t<div class=\"elementor-element elementor-element-d6cfa7 elementor-widget elementor-widget-heading\" data-id=\"d6cfa7\" data-element_type=\"widget\" data-e-type=\"widget\" data-widget_type=\"heading.default\">\n\t\t\t\t<div class=\"elementor-widget-container\">\n\t\t\t\t\t<h1 class=\"elementor-heading-title elementor-size-default\"><b>TERMOS<\/b> &amp; <b>CONDI\u00c7\u00d5ES<\/b><\/h1>\t\t\t\t<\/div>\n\t\t\t\t<\/div>\n\t\t\t\t\t<\/div>\n\t\t<\/div>\n\t\t\t\t\t<\/div>\n\t\t<\/section>\n\t\t\t\t<section class=\"elementor-section elementor-top-section elementor-element elementor-element-3efcee8 elementor-section-boxed elementor-section-height-default elementor-section-height-default\" data-id=\"3efcee8\" data-element_type=\"section\" data-e-type=\"section\">\n\t\t\t\t\t\t<div class=\"elementor-container elementor-column-gap-default\">\n\t\t\t\t\t<div class=\"elementor-column elementor-col-100 elementor-top-column elementor-element elementor-element-f5521ed\" data-id=\"f5521ed\" data-element_type=\"column\" data-e-type=\"column\">\n\t\t\t<div class=\"elementor-widget-wrap elementor-element-populated\">\n\t\t\t\t\t\t<div class=\"elementor-element elementor-element-1ad4d95 elementor-widget elementor-widget-text-editor\" data-id=\"1ad4d95\" data-element_type=\"widget\" data-e-type=\"widget\" data-widget_type=\"text-editor.default\">\n\t\t\t\t<div class=\"elementor-widget-container\">\n\t\t\t\t\t\t\t\t\t<p><strong>Artigo 1.\u00ba - Defini\u00e7\u00f5es:<\/strong><\/p>\n<ol>\n<li>Empres\u00e1rio: a pessoa singular ou colectiva que oferece produtos, (acesso a) conte\u00fados digitais e\/ou servi\u00e7os aos consumidores \u00e0 dist\u00e2ncia.<\/li>\n<li>Consumidor: a pessoa singular que n\u00e3o actua para fins relacionados com a sua atividade comercial, industrial, artesanal ou profissional.<\/li>\n<li>Contrato \u00e0 dist\u00e2ncia: um acordo em que, no \u00e2mbito de um sistema organizado pelo empres\u00e1rio para a venda \u00e0 dist\u00e2ncia de produtos, conte\u00fados digitais e\/ou servi\u00e7os, apenas s\u00e3o utilizadas uma ou mais t\u00e9cnicas de comunica\u00e7\u00e3o at\u00e9 \u00e0 celebra\u00e7\u00e3o do acordo, inclusive.<\/li>\n<li>Per\u00edodo de reflex\u00e3o: o per\u00edodo durante o qual o consumidor pode exercer o seu direito de retrata\u00e7\u00e3o.<\/li>\n<li>Direito de retrata\u00e7\u00e3o: a op\u00e7\u00e3o do consumidor de n\u00e3o prosseguir com o contrato \u00e0 dist\u00e2ncia dentro do per\u00edodo de reflex\u00e3o.<\/li>\n<li>Dia: dia de calend\u00e1rio.<\/li>\n<li>Suporte duradouro: qualquer ferramenta, incluindo o correio eletr\u00f3nico, que permita ao consumidor ou ao empres\u00e1rio armazenar informa\u00e7\u00f5es que lhe sejam pessoalmente dirigidas, de forma a facilitar a consulta futura e a reprodu\u00e7\u00e3o inalterada das informa\u00e7\u00f5es armazenadas.<\/li>\n<\/ol>\n<p><strong>Artigo 2.\u00ba - Identidade do empres\u00e1rio:<\/strong> <br>Primal Flow<br>van Oldenbarneveltstraat 32<br>6512AX, Nijmegen<br>info@primalflow.eu<\/p>\n<p><strong>Artigo 3.\u00ba - Aplicabilidade:<\/strong><\/p>\n<ol>\n<li>Estes Termos e Condi\u00e7\u00f5es Gerais aplicam-se a todas as ofertas do empres\u00e1rio e a todos os contratos \u00e0 dist\u00e2ncia celebrados entre o empres\u00e1rio e o consumidor.<\/li>\n<li>Antes de celebrar um contrato \u00e0 dist\u00e2ncia, o texto destes Termos e Condi\u00e7\u00f5es Gerais ser\u00e1 disponibilizado ao consumidor. Se isso n\u00e3o for razoavelmente poss\u00edvel, o empres\u00e1rio indicar\u00e1, antes da celebra\u00e7\u00e3o do contrato \u00e0 dist\u00e2ncia, como os Termos e Condi\u00e7\u00f5es Gerais podem ser inspeccionados nas instala\u00e7\u00f5es do empres\u00e1rio e que ser\u00e3o enviados gratuitamente ao consumidor, o mais rapidamente poss\u00edvel, a pedido do consumidor.<\/li>\n<\/ol>\n<p><strong>Artigo 4 - A oferta:<\/strong><\/p>\n<ol>\n<li>Se uma oferta for de dura\u00e7\u00e3o limitada ou se forem aplic\u00e1veis determinadas condi\u00e7\u00f5es, tal ser\u00e1 explicitamente indicado na oferta.<\/li>\n<li>A oferta cont\u00e9m uma descri\u00e7\u00e3o completa e exacta dos produtos, conte\u00fados digitais e\/ou servi\u00e7os oferecidos. A descri\u00e7\u00e3o \u00e9 suficientemente pormenorizada para permitir ao consumidor fazer uma avalia\u00e7\u00e3o adequada da oferta.<\/li>\n<li>Cada oferta cont\u00e9m informa\u00e7\u00f5es que tornam claro para o consumidor quais os direitos e obriga\u00e7\u00f5es inerentes \u00e0 aceita\u00e7\u00e3o da oferta.<\/li>\n<\/ol>\n<p><strong>Artigo 5.\u00ba - O Acordo:<\/strong><\/p>\n<ol>\n<li>O contrato \u00e9 celebrado, sem preju\u00edzo do disposto no n.\u00ba 4, no momento em que o consumidor aceita a oferta e as condi\u00e7\u00f5es nela previstas s\u00e3o preenchidas.<\/li>\n<li>Se o consumidor tiver aceite a oferta por via eletr\u00f3nica, o comerciante confirmar\u00e1 imediatamente a rece\u00e7\u00e3o da aceita\u00e7\u00e3o eletr\u00f3nica da oferta. Enquanto a rece\u00e7\u00e3o desta aceita\u00e7\u00e3o n\u00e3o for confirmada pelo empres\u00e1rio, o consumidor pode rescindir o contrato.<\/li>\n<li>Se o acordo for criado eletronicamente, o empres\u00e1rio tomar\u00e1 medidas t\u00e9cnicas e organizacionais apropriadas para proteger a transmiss\u00e3o eletr\u00f4nica de dados e garantir\u00e1 um ambiente web seguro. Se o consumidor puder pagar eletronicamente, o empres\u00e1rio observar\u00e1 medidas de seguran\u00e7a adequadas.<\/li>\n<li>O empres\u00e1rio pode, dentro dos limites da lei, informar se o consumidor pode cumprir as suas obriga\u00e7\u00f5es de pagamento, bem como todos os factos e factores que s\u00e3o importantes para uma conclus\u00e3o respons\u00e1vel do contrato \u00e0 dist\u00e2ncia. Se, com base nesta investiga\u00e7\u00e3o, o empres\u00e1rio tiver uma boa raz\u00e3o para n\u00e3o celebrar o acordo, tem o direito de recusar uma ordem ou pedido ou de impor condi\u00e7\u00f5es especiais \u00e0 implementa\u00e7\u00e3o.<\/li>\n<li>O empres\u00e1rio enviar\u00e1, o mais tardar ap\u00f3s a entrega do produto, servi\u00e7o ou conte\u00fado digital ao consumidor, as seguintes informa\u00e7\u00f5es por escrito ou de forma que o consumidor, de maneira acess\u00edvel, possa armazen\u00e1-lo em um meio dur\u00e1vel: a. o endere\u00e7o de visita do estabelecimento do empres\u00e1rio onde o consumidor pode ir com reclama\u00e7\u00f5es; b. as condi\u00e7\u00f5es em que e a maneira pela qual o Consumidor pode exercer o direito de retirada, ou uma declara\u00e7\u00e3o clara sobre a exclus\u00e3o do direito de retirada; c. as informa\u00e7\u00f5es sobre a garantia e o servi\u00e7o p\u00f3s-venda existente; d. o pre\u00e7o, incluindo todos os impostos, do produto, servi\u00e7o ou conte\u00fado digital; quando aplic\u00e1vel, os custos de entrega; e o m\u00e9todo de pagamento, entrega ou execu\u00e7\u00e3o do contrato \u00e0 dist\u00e2ncia; e. os requisitos para rescindir o contrato se o contrato tiver uma dura\u00e7\u00e3o superior a um ano ou for indefinido; f. se o consumidor tiver o direito de rescis\u00e3o, o modelo de formul\u00e1rio para rescis\u00e3o.<\/li>\n<li>No caso de um contrato de dura\u00e7\u00e3o, o disposto no n\u00famero anterior aplica-se apenas \u00e0 primeira entrega.<\/li>\n<\/ol>\n<p><strong>Artigo 6.\u00ba - Exclus\u00e3o do direito de retrata\u00e7\u00e3o:<\/strong> O comerciante pode excluir do direito de resolu\u00e7\u00e3o os seguintes produtos e servi\u00e7os, mas apenas se o comerciante o indicar claramente aquando da oferta ou, pelo menos, em tempo \u00fatil antes da celebra\u00e7\u00e3o do contrato:<\/p>\n<ol>\n<li>Produtos ou servi\u00e7os cujo pre\u00e7o est\u00e1 ligado a flutua\u00e7\u00f5es do mercado financeiro sobre as quais o empres\u00e1rio n\u00e3o tem qualquer influ\u00eancia e que podem ocorrer dentro do prazo de retrata\u00e7\u00e3o;<\/li>\n<li>Contratos celebrados durante uma hasta p\u00fablica. Uma hasta p\u00fablica \u00e9 definida como um m\u00e9todo de venda em que produtos, conte\u00fados digitais e\/ou servi\u00e7os s\u00e3o oferecidos pelo comerciante ao consumidor que est\u00e1 presente ou tem a possibilidade de estar presente na hasta p\u00fablica, sob a dire\u00e7\u00e3o de um leiloeiro, e em que o licitante vencedor \u00e9 obrigado a comprar os produtos, conte\u00fados digitais e\/ou servi\u00e7os;<\/li>\n<li>Contratos de servi\u00e7os, ap\u00f3s a execu\u00e7\u00e3o completa do servi\u00e7o, mas apenas se: a. a execu\u00e7\u00e3o tiver come\u00e7ado com o consentimento pr\u00e9vio expl\u00edcito do consumidor; e b. o consumidor tiver declarado que perde o seu direito de rescis\u00e3o assim que o empres\u00e1rio tiver executado completamente o contrato;<\/li>\n<li>F\u00e9rias organizadas referidas no artigo 7:500 do C\u00f3digo Civil e contratos de transporte de passageiros;<\/li>\n<li>Contratos de presta\u00e7\u00e3o de servi\u00e7os relativos ao fornecimento de alojamento, se o contrato previr uma data ou um per\u00edodo de execu\u00e7\u00e3o espec\u00edficos e n\u00e3o se destinar a fins residenciais, transporte de mercadorias, servi\u00e7os de aluguer de autom\u00f3veis e restaura\u00e7\u00e3o;<\/li>\n<li>Acordos relativos a actividades de lazer, se o acordo previr uma determinada data ou per\u00edodo de execu\u00e7\u00e3o;<\/li>\n<li>Produtos fabricados segundo as especifica\u00e7\u00f5es do consumidor, que n\u00e3o sejam pr\u00e9-fabricados e que sejam fabricados com base numa escolha ou decis\u00e3o individual do consumidor, ou que se destinem claramente a uma pessoa determinada;<\/li>\n<li>Produtos que se estragam rapidamente ou que t\u00eam um prazo de validade limitado;<\/li>\n<li>Produtos selados que n\u00e3o s\u00e3o adequados para devolu\u00e7\u00e3o por raz\u00f5es de prote\u00e7\u00e3o da sa\u00fade ou de higiene e cujo selo foi quebrado ap\u00f3s a entrega;<\/li>\n<li>Produtos que, ap\u00f3s a entrega, pela sua natureza, s\u00e3o irrevogavelmente misturados com outros produtos;<\/li>\n<li>Bebidas alco\u00f3licas, cujo pre\u00e7o foi acordado na celebra\u00e7\u00e3o do contrato, mas cuja entrega s\u00f3 pode ser efectuada ap\u00f3s 30 dias, e cujo valor real depende de flutua\u00e7\u00f5es do mercado sobre as quais o empres\u00e1rio n\u00e3o tem qualquer influ\u00eancia;<\/li>\n<li>Grava\u00e7\u00f5es \u00e1udio e v\u00eddeo e programas inform\u00e1ticos selados, cujo selo tenha sido quebrado ap\u00f3s a entrega;<\/li>\n<li>Jornais, revistas ou peri\u00f3dicos, com exce\u00e7\u00e3o das assinaturas dos mesmos;<\/li>\n<li>A entrega de conte\u00fados digitais que n\u00e3o se encontrem num suporte material, mas apenas se: a. a execu\u00e7\u00e3o tiver sido iniciada com o consentimento pr\u00e9vio expresso do consumidor; e b. o consumidor tiver declarado que perde assim o seu direito de rescis\u00e3o.<\/li><\/ol>\n<p><strong>Artigo 7.\u00ba - Cumprimento do acordo e garantia adicional:<\/strong><\/p>\n<ol>\n<li>O empres\u00e1rio garante que os produtos e \/ ou servi\u00e7os cumprem o contrato, as especifica\u00e7\u00f5es indicadas na oferta, os requisitos razo\u00e1veis de fiabilidade e \/ ou usabilidade e, na data da celebra\u00e7\u00e3o do acordo, as disposi\u00e7\u00f5es legais existentes e \/ ou regulamentos governamentais. Se acordado, o empres\u00e1rio tamb\u00e9m garante que o produto \u00e9 adequado para outro uso que n\u00e3o o normal.<\/li>\n<li>Uma garantia adicional fornecida pelo empres\u00e1rio, pelo seu fornecedor, fabricante ou importador nunca limita os direitos legais e as reivindica\u00e7\u00f5es que o consumidor ao abrigo do acordo pode fazer valer contra o empres\u00e1rio se este n\u00e3o tiver cumprido a sua parte do acordo.<\/li>\n<li>Por garantia adicional entende-se qualquer compromisso do empres\u00e1rio, do seu fornecedor, importador ou produtor, no qual este concede ao consumidor determinados direitos ou reivindica\u00e7\u00f5es que v\u00e3o para al\u00e9m do que \u00e9 legalmente obrigado a fazer, caso n\u00e3o cumpra a sua parte do acordo.<\/li>\n<\/ol>\n<p><strong>Artigo 8.\u00ba - Entrega e execu\u00e7\u00e3o:<\/strong><\/p>\n<ol>\n<li>O empres\u00e1rio ter\u00e1 o maior cuidado poss\u00edvel ao receber e na execu\u00e7\u00e3o de encomendas de produtos e na avalia\u00e7\u00e3o de pedidos de presta\u00e7\u00e3o de servi\u00e7os.<\/li>\n<li>O local de entrega \u00e9 o endere\u00e7o que o consumidor deu a conhecer ao empres\u00e1rio.<\/li>\n<li>Com a devida observ\u00e2ncia do disposto no artigo 4.\u00ba dos presentes Termos e Condi\u00e7\u00f5es Gerais, o Empres\u00e1rio deve executar as encomendas aceites com a rapidez conveniente, mas pelo menos no prazo de 30 dias, a menos que tenha sido acordado um prazo de entrega diferente. Se a entrega tiver sido atrasada, ou se uma encomenda n\u00e3o puder ser satisfeita ou puder ser satisfeita apenas parcialmente, o consumidor ser\u00e1 informado desse facto no prazo de 30 dias ap\u00f3s ter efectuado a encomenda. Nesse caso, o consumidor tem o direito de rescindir o contrato sem penaliza\u00e7\u00e3o e o direito a qualquer indemniza\u00e7\u00e3o.<\/li>\n<li>Ap\u00f3s a dissolu\u00e7\u00e3o, de acordo com o par\u00e1grafo anterior, o empres\u00e1rio reembolsar\u00e1 ao consumidor o valor pago sem demora.<\/li>\n<li>O risco de dano e\/ou perda dos produtos \u00e9 do empres\u00e1rio at\u00e9 ao momento da entrega ao consumidor ou a um representante previamente designado e acordado, salvo acordo expresso em contr\u00e1rio.<\/li>\n<\/ol>\n<p>Em caso de qualquer inconsist\u00eancia entre a vers\u00e3o inglesa e outras vers\u00f5es, a vers\u00e3o inglesa prevalecer\u00e1. A Primal Flow reserva-se o direito de alterar os presentes Termos e Condi\u00e7\u00f5es Gerais. Aconselha-se o consumidor a consultar regularmente os termos e condi\u00e7\u00f5es para verificar poss\u00edveis altera\u00e7\u00f5es.<\/p>\t\t\t\t\t\t\t\t<\/div>\n\t\t\t\t<\/div>\n\t\t\t\t\t<\/div>\n\t\t<\/div>\n\t\t\t\t\t<\/div>\n\t\t<\/section>\n\t\t\t\t<section class=\"elementor-section elementor-top-section elementor-element elementor-element-f59577a elementor-section-boxed elementor-section-height-default elementor-section-height-default\" data-id=\"f59577a\" data-element_type=\"section\" data-e-type=\"section\">\n\t\t\t\t\t\t<div class=\"elementor-container elementor-column-gap-default\">\n\t\t\t\t\t<div class=\"elementor-column elementor-col-100 elementor-top-column elementor-element elementor-element-9c67fd3\" data-id=\"9c67fd3\" data-element_type=\"column\" data-e-type=\"column\">\n\t\t\t<div class=\"elementor-widget-wrap elementor-element-populated\">\n\t\t\t\t\t\t<div class=\"elementor-element elementor-element-76404e9 elementor-align-center elementor-widget elementor-widget-button\" data-id=\"76404e9\" data-element_type=\"widget\" data-e-type=\"widget\" data-widget_type=\"button.default\">\n\t\t\t\t<div class=\"elementor-widget-container\">\n\t\t\t\t\t\t\t\t\t<div class=\"elementor-button-wrapper\">\n\t\t\t\t\t<a class=\"elementor-button elementor-button-link elementor-size-sm\" href=\"\/pt\/products\/\">\n\t\t\t\t\t\t<span class=\"elementor-button-content-wrapper\">\n\t\t\t\t\t\t\t\t\t<span class=\"elementor-button-text\">Ir para rpodutos<\/span>\n\t\t\t\t\t<\/span>\n\t\t\t\t\t<\/a>\n\t\t\t\t<\/div>\n\t\t\t\t\t\t\t\t<\/div>\n\t\t\t\t<\/div>\n\t\t\t\t\t<\/div>\n\t\t<\/div>\n\t\t\t\t\t<\/div>\n\t\t<\/section>\n\t\t\t\t<\/div>","protected":false},"excerpt":{"rendered":"<p>TERMS &amp; CONDITIONS Article 1 &#8211; Definitions: Entrepreneur: the natural or legal person who offers products, (access to) digital content, and\/or services to consumers at a distance. Consumer: the natural person who does not act for purposes related to their trade, business, craft, or profession. Distance Contract: an agreement where, within the framework of a [&hellip;]<\/p>","protected":false},"author":1,"featured_media":0,"parent":0,"menu_order":0,"comment_status":"closed","ping_status":"closed","template":"","meta":{"site-sidebar-layout":"no-sidebar","site-content-layout":"page-builder","ast-site-content-layout":"full-width-container","site-content-style":"unboxed","site-sidebar-style":"unboxed","ast-global-header-display":"","ast-banner-title-visibility":"","ast-main-header-display":"","ast-hfb-above-header-display":"","ast-hfb-below-header-display":"","ast-hfb-mobile-header-display":"","site-post-title":"disabled","ast-breadcrumbs-content":"","ast-featured-img":"disabled","footer-sml-layout":"","theme-transparent-header-meta":"disabled","adv-header-id-meta":"","stick-header-meta":"","header-above-stick-meta":"","header-main-stick-meta":"","header-below-stick-meta":"","astra-migrate-meta-layouts":"set","ast-page-background-enabled":"default","ast-page-background-meta":{"desktop":{"background-color":"","background-image":"","background-repeat":"repeat","background-position":"center center","background-size":"auto","background-attachment":"scroll","background-type":"","background-media":"","overlay-type":"","overlay-color":"","overlay-opacity":"","overlay-gradient":""},"tablet":{"background-color":"","background-image":"","background-repeat":"repeat","background-position":"center center","background-size":"auto","background-attachment":"scroll","background-type":"","background-media":"","overlay-type":"","overlay-color":"","overlay-opacity":"","overlay-gradient":""},"mobile":{"background-color":"","background-image":"","background-repeat":"repeat","background-position":"center center","background-size":"auto","background-attachment":"scroll","background-type":"","background-media":"","overlay-type":"","overlay-color":"","overlay-opacity":"","overlay-gradient":""}},"ast-content-background-meta":{"desktop":{"background-color":"var(--ast-global-color-5)","background-image":"","background-repeat":"repeat","background-position":"center center","background-size":"auto","background-attachment":"scroll","background-type":"","background-media":"","overlay-type":"","overlay-color":"","overlay-opacity":"","overlay-gradient":""},"tablet":{"background-color":"var(--ast-global-color-5)","background-image":"","background-repeat":"repeat","background-position":"center center","background-size":"auto","background-attachment":"scroll","background-type":"","background-media":"","overlay-type":"","overlay-color":"","overlay-opacity":"","overlay-gradient":""},"mobile":{"background-color":"var(--ast-global-color-5)","background-image":"","background-repeat":"repeat","background-position":"center center","background-size":"auto","background-attachment":"scroll","background-type":"","background-media":"","overlay-type":"","overlay-color":"","overlay-opacity":"","overlay-gradient":""}},"footnotes":""},"class_list":["post-2187","page","type-page","status-publish","hentry"],"yoast_head":"<!-- This site is optimized with the Yoast SEO plugin v27.6 - https:\/\/yoast.com\/product\/yoast-seo-wordpress\/ -->\n<title>Terms and Conditions - Primal Flow<\/title>\n<meta name=\"description\" content=\"Review Primal Flow&#039;s terms and conditions. Understand the policies regarding your purchases and your rights as a customer.\" \/>\n<meta name=\"robots\" content=\"index, follow, max-snippet:-1, max-image-preview:large, max-video-preview:-1\" \/>\n<link rel=\"canonical\" href=\"https:\/\/primalflow.eu\/pt\/terms-and-conditions\/\" \/>\n<meta property=\"og:locale\" content=\"pt_PT\" \/>\n<meta property=\"og:type\" content=\"article\" \/>\n<meta property=\"og:title\" content=\"Terms and Conditions - Primal Flow\" \/>\n<meta property=\"og:description\" content=\"Review Primal Flow&#039;s terms and conditions. Understand the policies regarding your purchases and your rights as a customer.\" \/>\n<meta property=\"og:url\" content=\"https:\/\/primalflow.eu\/pt\/terms-and-conditions\/\" \/>\n<meta property=\"og:site_name\" content=\"Primal Flow\" \/>\n<meta property=\"article:modified_time\" content=\"2024-10-17T12:29:07+00:00\" \/>\n<meta name=\"twitter:card\" content=\"summary_large_image\" \/>\n<meta name=\"twitter:label1\" content=\"Tempo estimado de leitura\" \/>\n\t<meta name=\"twitter:data1\" content=\"7 minutos\" \/>\n<script type=\"application\/ld+json\" class=\"yoast-schema-graph\">{\"@context\":\"https:\\\/\\\/schema.org\",\"@graph\":[{\"@type\":\"WebPage\",\"@id\":\"https:\\\/\\\/primalflow.eu\\\/terms-and-conditions\\\/\",\"url\":\"https:\\\/\\\/primalflow.eu\\\/terms-and-conditions\\\/\",\"name\":\"Terms and Conditions - Primal Flow\",\"isPartOf\":{\"@id\":\"https:\\\/\\\/primalflow.eu\\\/de\\\/#website\"},\"datePublished\":\"2023-01-17T13:08:47+00:00\",\"dateModified\":\"2024-10-17T12:29:07+00:00\",\"description\":\"Review Primal Flow's terms and conditions. Understand the policies regarding your purchases and your rights as a customer.\",\"breadcrumb\":{\"@id\":\"https:\\\/\\\/primalflow.eu\\\/terms-and-conditions\\\/#breadcrumb\"},\"inLanguage\":\"pt-PT\",\"potentialAction\":[{\"@type\":\"ReadAction\",\"target\":[\"https:\\\/\\\/primalflow.eu\\\/terms-and-conditions\\\/\"]}]},{\"@type\":\"BreadcrumbList\",\"@id\":\"https:\\\/\\\/primalflow.eu\\\/terms-and-conditions\\\/#breadcrumb\",\"itemListElement\":[{\"@type\":\"ListItem\",\"position\":1,\"name\":\"Home\",\"item\":\"https:\\\/\\\/primalflow.eu\\\/de\\\/\"},{\"@type\":\"ListItem\",\"position\":2,\"name\":\"Terms and Conditions\"}]},{\"@type\":\"WebSite\",\"@id\":\"https:\\\/\\\/primalflow.eu\\\/de\\\/#website\",\"url\":\"https:\\\/\\\/primalflow.eu\\\/de\\\/\",\"name\":\"Primal Flow\",\"description\":\"Fuel Your Flow with the Power of Mushrooms\",\"publisher\":{\"@id\":\"https:\\\/\\\/primalflow.eu\\\/de\\\/#organization\"},\"potentialAction\":[{\"@type\":\"SearchAction\",\"target\":{\"@type\":\"EntryPoint\",\"urlTemplate\":\"https:\\\/\\\/primalflow.eu\\\/de\\\/?s={search_term_string}\"},\"query-input\":{\"@type\":\"PropertyValueSpecification\",\"valueRequired\":true,\"valueName\":\"search_term_string\"}}],\"inLanguage\":\"pt-PT\"},{\"@type\":\"Organization\",\"@id\":\"https:\\\/\\\/primalflow.eu\\\/de\\\/#organization\",\"name\":\"Primal Flow\",\"url\":\"https:\\\/\\\/primalflow.eu\\\/de\\\/\",\"logo\":{\"@type\":\"ImageObject\",\"inLanguage\":\"pt-PT\",\"@id\":\"https:\\\/\\\/primalflow.eu\\\/de\\\/#\\\/schema\\\/logo\\\/image\\\/\",\"url\":\"https:\\\/\\\/primalflow.eu\\\/wp-content\\\/uploads\\\/2024\\\/10\\\/Primal-B.V.-logo-4.svg\",\"contentUrl\":\"https:\\\/\\\/primalflow.eu\\\/wp-content\\\/uploads\\\/2024\\\/10\\\/Primal-B.V.-logo-4.svg\",\"width\":50,\"height\":50,\"caption\":\"Primal Flow\"},\"image\":{\"@id\":\"https:\\\/\\\/primalflow.eu\\\/de\\\/#\\\/schema\\\/logo\\\/image\\\/\"}}]}<\/script>\n<!-- \/ Yoast SEO plugin. -->","yoast_head_json":{"title":"Terms and Conditions - Primal Flow","description":"Review Primal Flow's terms and conditions. Understand the policies regarding your purchases and your rights as a customer.","robots":{"index":"index","follow":"follow","max-snippet":"max-snippet:-1","max-image-preview":"max-image-preview:large","max-video-preview":"max-video-preview:-1"},"canonical":"https:\/\/primalflow.eu\/pt\/terms-and-conditions\/","og_locale":"pt_PT","og_type":"article","og_title":"Terms and Conditions - Primal Flow","og_description":"Review Primal Flow's terms and conditions. Understand the policies regarding your purchases and your rights as a customer.","og_url":"https:\/\/primalflow.eu\/pt\/terms-and-conditions\/","og_site_name":"Primal Flow","article_modified_time":"2024-10-17T12:29:07+00:00","twitter_card":"summary_large_image","twitter_misc":{"Tempo estimado de leitura":"7 minutos"},"schema":{"@context":"https:\/\/schema.org","@graph":[{"@type":"WebPage","@id":"https:\/\/primalflow.eu\/terms-and-conditions\/","url":"https:\/\/primalflow.eu\/terms-and-conditions\/","name":"Terms and Conditions - Primal Flow","isPartOf":{"@id":"https:\/\/primalflow.eu\/de\/#website"},"datePublished":"2023-01-17T13:08:47+00:00","dateModified":"2024-10-17T12:29:07+00:00","description":"Review Primal Flow's terms and conditions. Understand the policies regarding your purchases and your rights as a customer.","breadcrumb":{"@id":"https:\/\/primalflow.eu\/terms-and-conditions\/#breadcrumb"},"inLanguage":"pt-PT","potentialAction":[{"@type":"ReadAction","target":["https:\/\/primalflow.eu\/terms-and-conditions\/"]}]},{"@type":"BreadcrumbList","@id":"https:\/\/primalflow.eu\/terms-and-conditions\/#breadcrumb","itemListElement":[{"@type":"ListItem","position":1,"name":"Home","item":"https:\/\/primalflow.eu\/de\/"},{"@type":"ListItem","position":2,"name":"Terms and Conditions"}]},{"@type":"WebSite","@id":"https:\/\/primalflow.eu\/de\/#website","url":"https:\/\/primalflow.eu\/de\/","name":"Primal Flow","description":"Fuel Your Flow with the Power of Mushrooms","publisher":{"@id":"https:\/\/primalflow.eu\/de\/#organization"},"potentialAction":[{"@type":"SearchAction","target":{"@type":"EntryPoint","urlTemplate":"https:\/\/primalflow.eu\/de\/?s={search_term_string}"},"query-input":{"@type":"PropertyValueSpecification","valueRequired":true,"valueName":"search_term_string"}}],"inLanguage":"pt-PT"},{"@type":"Organization","@id":"https:\/\/primalflow.eu\/de\/#organization","name":"Primal Flow","url":"https:\/\/primalflow.eu\/de\/","logo":{"@type":"ImageObject","inLanguage":"pt-PT","@id":"https:\/\/primalflow.eu\/de\/#\/schema\/logo\/image\/","url":"https:\/\/primalflow.eu\/wp-content\/uploads\/2024\/10\/Primal-B.V.-logo-4.svg","contentUrl":"https:\/\/primalflow.eu\/wp-content\/uploads\/2024\/10\/Primal-B.V.-logo-4.svg","width":50,"height":50,"caption":"Primal Flow"},"image":{"@id":"https:\/\/primalflow.eu\/de\/#\/schema\/logo\/image\/"}}]}},"jetpack_sharing_enabled":true,"_links":{"self":[{"href":"https:\/\/primalflow.eu\/pt\/wp-json\/wp\/v2\/pages\/2187","targetHints":{"allow":["GET"]}}],"collection":[{"href":"https:\/\/primalflow.eu\/pt\/wp-json\/wp\/v2\/pages"}],"about":[{"href":"https:\/\/primalflow.eu\/pt\/wp-json\/wp\/v2\/types\/page"}],"author":[{"embeddable":true,"href":"https:\/\/primalflow.eu\/pt\/wp-json\/wp\/v2\/users\/1"}],"replies":[{"embeddable":true,"href":"https:\/\/primalflow.eu\/pt\/wp-json\/wp\/v2\/comments?post=2187"}],"version-history":[{"count":0,"href":"https:\/\/primalflow.eu\/pt\/wp-json\/wp\/v2\/pages\/2187\/revisions"}],"wp:attachment":[{"href":"https:\/\/primalflow.eu\/pt\/wp-json\/wp\/v2\/media?parent=2187"}],"curies":[{"name":"wp","href":"https:\/\/api.w.org\/{rel}","templated":true}]}}