{"id":461818,"date":"2024-10-09T15:05:08","date_gmt":"2024-10-09T13:05:08","guid":{"rendered":"http:\/\/primalflow.eu\/?post_type=product&#038;p=461818"},"modified":"2025-04-03T18:09:35","modified_gmt":"2025-04-03T16:09:35","slug":"chaga-capsules","status":"publish","type":"product","link":"https:\/\/primalflow.eu\/fr\/produit\/chaga-capsules\/","title":{"rendered":"G\u00e9lules de Chaga"},"content":{"rendered":"<h1>Chaga : le roi des champignons<\/h1>\n<p>D\u00e9couvrez le Chaga, un champignon puissant qui pousse sur les bouleaux dans les r\u00e9gions froides comme la Russie, la Sib\u00e9rie et le nord du Canada. Depuis des si\u00e8cles, le chaga est appr\u00e9ci\u00e9 pour ses bienfaits impressionnants sur la sant\u00e9 et est maintenant reconnu comme l'un des suppl\u00e9ments naturels les plus puissants.<\/p>\n<p><strong>Un joyau cach\u00e9 dans la nature<\/strong><\/p>\n<p>\u00c0 premi\u00e8re vue, le chaga peut ressembler \u00e0 une masse carbonis\u00e9e et rugueuse sur un arbre. Mais \u00e0 l'int\u00e9rieur, c'est un tr\u00e9sor de nutriments et de compos\u00e9s bioactifs qui en font un rem\u00e8de naturel tr\u00e8s recherch\u00e9.<\/p>\n<p>&nbsp;<\/p>\n<p>&nbsp;<\/p>\n<h3><\/h3>\n<h3 class=\"LC20lb MBeuO DKV0Md\">\ud83d\udee1\ufe0f | Renforcer votre syst\u00e8me immunitaire<\/h3>\n<p>Le chaga est surtout connu pour aider \u00e0 <strong>soutenir votre syst\u00e8me immunitaire<\/strong>. Il contient <strong>b\u00eata-glucanes<\/strong>qui renforcent les d\u00e9fenses naturelles de l'organisme en augmentant l'activit\u00e9 des globules blancs, le bouclier de l'organisme contre les infections. Votre syst\u00e8me immunitaire reste ainsi fort et \u00e9quilibr\u00e9, ce qui vous permet de mieux lutter contre les maladies et de rester en bonne sant\u00e9.<\/p>\n<p>Si vous \u00eates une personne qui attrape souvent des rhumes, qui fait face au stress ou qui veut simplement se sentir plus forte et plus \u00e9nergique, le chaga peut \u00eatre un excellent ajout \u00e0 votre routine quotidienne.<\/p>\n<p>&nbsp;<\/p>\n<p>&nbsp;<\/p>\n<h3><strong>Qui devrait utiliser le chaga ?<\/strong><\/h3>\n<p>Le chaga est parfait pour :<\/p>\n<ul>\n<li><strong>Toute personne souhaitant renforcer son syst\u00e8me immunitaire<\/strong>-surtout pendant la saison des rhumes et des grippes.<\/li>\n<li><strong>Les personnes ayant une vie occup\u00e9e ou stressante<\/strong>. Le chaga aide \u00e0 lutter contre la fatigue et favorise le bien-\u00eatre g\u00e9n\u00e9ral.<\/li>\n<li><strong>Les personnes \u00e0 la recherche de moyens naturels pour rester en bonne sant\u00e9<\/strong>. Chaga est un compl\u00e9ment simple et naturel pour un soutien quotidien \u00e0 la sant\u00e9.<\/li>\n<\/ul>\n<h3><\/h3>\n<p>&nbsp;<\/p>\n<p>&nbsp;<\/p>\n<h3><\/h3>\n<h3>Essayez le Chaga d\u00e8s aujourd'hui !<\/h3>\n<p>Pr\u00eat \u00e0 renforcer votre syst\u00e8me immunitaire et \u00e0 vous sentir en meilleure sant\u00e9 ? Commandez vos g\u00e9lules de chaga d\u00e8s aujourd'hui et profitez des bienfaits naturels de ce champignon extraordinaire !<\/p>\n<p>&nbsp;<\/p>\n<p>&nbsp;<\/p>","protected":false},"excerpt":{"rendered":"<p>\u2705 Riche en antioxydants<br \/>\n\u2705 Favorise une digestion saine<br \/>\n\u2705 Favorise la sant\u00e9 de la peau<br \/>\n90 g\u00e9lules par sachet <em>(30-45 jours)<\/em><\/p>\n<p>D\u00e9couvrez les puissants bienfaits de nos g\u00e9lules bio 100% \u00e0 base d'extrait pur de Chaga.<em><br \/>\n<\/em><\/p>","protected":false},"featured_media":467907,"comment_status":"open","ping_status":"closed","template":"","meta":{"site-sidebar-layout":"default","site-content-layout":"default","ast-site-content-layout":"default","site-content-style":"default","site-sidebar-style":"default","ast-global-header-display":"","ast-banner-title-visibility":"","ast-main-header-display":"","ast-hfb-above-header-display":"","ast-hfb-below-header-display":"","ast-hfb-mobile-header-display":"","site-post-title":"","ast-breadcrumbs-content":"","ast-featured-img":"","footer-sml-layout":"","theme-transparent-header-meta":"default","adv-header-id-meta":"","stick-header-meta":"","header-above-stick-meta":"","header-main-stick-meta":"","header-below-stick-meta":"","astra-migrate-meta-layouts":"set","ast-page-background-enabled":"default","ast-page-background-meta":{"desktop":{"background-color":"","background-image":"","background-repeat":"repeat","background-position":"center center","background-size":"auto","background-attachment":"scroll","background-type":"","background-media":"","overlay-type":"","overlay-color":"","overlay-opacity":"","overlay-gradient":""},"tablet":{"background-color":"","background-image":"","background-repeat":"repeat","background-position":"center center","background-size":"auto","background-attachment":"scroll","background-type":"","background-media":"","overlay-type":"","overlay-color":"","overlay-opacity":"","overlay-gradient":""},"mobile":{"background-color":"","background-image":"","background-repeat":"repeat","background-position":"center center","background-size":"auto","background-attachment":"scroll","background-type":"","background-media":"","overlay-type":"","overlay-color":"","overlay-opacity":"","overlay-gradient":""}},"ast-content-background-meta":{"desktop":{"background-color":"var(--ast-global-color-5)","background-image":"","background-repeat":"repeat","background-position":"center center","background-size":"auto","background-attachment":"scroll","background-type":"","background-media":"","overlay-type":"","overlay-color":"","overlay-opacity":"","overlay-gradient":""},"tablet":{"background-color":"var(--ast-global-color-5)","background-image":"","background-repeat":"repeat","background-position":"center center","background-size":"auto","background-attachment":"scroll","background-type":"","background-media":"","overlay-type":"","overlay-color":"","overlay-opacity":"","overlay-gradient":""},"mobile":{"background-color":"var(--ast-global-color-5)","background-image":"","background-repeat":"repeat","background-position":"center center","background-size":"auto","background-attachment":"scroll","background-type":"","background-media":"","overlay-type":"","overlay-color":"","overlay-opacity":"","overlay-gradient":""}}},"product_brand":[],"product_cat":[15],"product_tag":[],"class_list":{"0":"post-461818","1":"product","2":"type-product","3":"status-publish","4":"has-post-thumbnail","6":"product_cat-uncategorized","7":"product_shipping_class-brievenbus-pakje","8":"desktop-align-center","9":"tablet-align-left","10":"mobile-align-left","12":"first","13":"instock","14":"taxable","15":"shipping-taxable","16":"purchasable","17":"product-type-simple"},"yoast_head":"<!-- This site is optimized with the Yoast SEO plugin v27.6 - https:\/\/yoast.com\/product\/yoast-seo-wordpress\/ -->\n<title>Chaga Capsules - Primal Flow<\/title>\n<meta name=\"description\" content=\"Chaga Capsules, your natural defense booster. Discover their benefits for immune support, stress relief, and healthy digestion.\" \/>\n<meta name=\"robots\" content=\"index, follow, max-snippet:-1, max-image-preview:large, max-video-preview:-1\" \/>\n<link rel=\"canonical\" href=\"https:\/\/primalflow.eu\/fr\/produit\/chaga-capsules\/\" \/>\n<meta property=\"og:locale\" content=\"fr_FR\" \/>\n<meta property=\"og:type\" content=\"article\" \/>\n<meta property=\"og:title\" content=\"Chaga Capsules - Primal Flow\" \/>\n<meta property=\"og:description\" content=\"Chaga Capsules, your natural defense booster. Discover their benefits for immune support, stress relief, and healthy digestion.\" \/>\n<meta property=\"og:url\" content=\"https:\/\/primalflow.eu\/fr\/produit\/chaga-capsules\/\" \/>\n<meta property=\"og:site_name\" content=\"Primal Flow\" \/>\n<meta property=\"article:modified_time\" content=\"2025-04-03T16:09:35+00:00\" \/>\n<meta property=\"og:image\" content=\"https:\/\/primalflow.eu\/wp-content\/uploads\/2025\/03\/Primal-Flow-4.webp\" \/>\n\t<meta property=\"og:image:width\" content=\"1080\" \/>\n\t<meta property=\"og:image:height\" content=\"1080\" \/>\n\t<meta property=\"og:image:type\" content=\"image\/webp\" \/>\n<meta name=\"twitter:card\" content=\"summary_large_image\" \/>\n<meta name=\"twitter:label1\" content=\"Dur\u00e9e de lecture estim\u00e9e\" \/>\n\t<meta name=\"twitter:data1\" content=\"2 minutes\" \/>\n<script type=\"application\/ld+json\" class=\"yoast-schema-graph\">{\"@context\":\"https:\\\/\\\/schema.org\",\"@graph\":[{\"@type\":\"WebPage\",\"@id\":\"https:\\\/\\\/primalflow.eu\\\/product\\\/chaga-capsules\\\/\",\"url\":\"https:\\\/\\\/primalflow.eu\\\/product\\\/chaga-capsules\\\/\",\"name\":\"Chaga Capsules - Primal Flow\",\"isPartOf\":{\"@id\":\"https:\\\/\\\/primalflow.eu\\\/de\\\/#website\"},\"primaryImageOfPage\":{\"@id\":\"https:\\\/\\\/primalflow.eu\\\/product\\\/chaga-capsules\\\/#primaryimage\"},\"image\":{\"@id\":\"https:\\\/\\\/primalflow.eu\\\/product\\\/chaga-capsules\\\/#primaryimage\"},\"thumbnailUrl\":\"https:\\\/\\\/primalflow.eu\\\/wp-content\\\/uploads\\\/2025\\\/03\\\/Primal-Flow-4.webp\",\"datePublished\":\"2024-10-09T13:05:08+00:00\",\"dateModified\":\"2025-04-03T16:09:35+00:00\",\"description\":\"Chaga Capsules, your natural defense booster. Discover their benefits for immune support, stress relief, and healthy digestion.\",\"breadcrumb\":{\"@id\":\"https:\\\/\\\/primalflow.eu\\\/product\\\/chaga-capsules\\\/#breadcrumb\"},\"inLanguage\":\"fr-FR\",\"potentialAction\":[{\"@type\":\"ReadAction\",\"target\":[\"https:\\\/\\\/primalflow.eu\\\/product\\\/chaga-capsules\\\/\"]}]},{\"@type\":\"ImageObject\",\"inLanguage\":\"fr-FR\",\"@id\":\"https:\\\/\\\/primalflow.eu\\\/product\\\/chaga-capsules\\\/#primaryimage\",\"url\":\"https:\\\/\\\/primalflow.eu\\\/wp-content\\\/uploads\\\/2025\\\/03\\\/Primal-Flow-4.webp\",\"contentUrl\":\"https:\\\/\\\/primalflow.eu\\\/wp-content\\\/uploads\\\/2025\\\/03\\\/Primal-Flow-4.webp\",\"width\":1080,\"height\":1080},{\"@type\":\"BreadcrumbList\",\"@id\":\"https:\\\/\\\/primalflow.eu\\\/product\\\/chaga-capsules\\\/#breadcrumb\",\"itemListElement\":[{\"@type\":\"ListItem\",\"position\":1,\"name\":\"Home\",\"item\":\"https:\\\/\\\/primalflow.eu\\\/de\\\/\"},{\"@type\":\"ListItem\",\"position\":2,\"name\":\"Produkte\",\"item\":\"https:\\\/\\\/primalflow.eu\\\/de\\\/shop\\\/\"},{\"@type\":\"ListItem\",\"position\":3,\"name\":\"Chaga Capsules\"}]},{\"@type\":\"WebSite\",\"@id\":\"https:\\\/\\\/primalflow.eu\\\/de\\\/#website\",\"url\":\"https:\\\/\\\/primalflow.eu\\\/de\\\/\",\"name\":\"Primal Flow\",\"description\":\"Fuel Your Flow with the Power of Mushrooms\",\"publisher\":{\"@id\":\"https:\\\/\\\/primalflow.eu\\\/de\\\/#organization\"},\"potentialAction\":[{\"@type\":\"SearchAction\",\"target\":{\"@type\":\"EntryPoint\",\"urlTemplate\":\"https:\\\/\\\/primalflow.eu\\\/de\\\/?s={search_term_string}\"},\"query-input\":{\"@type\":\"PropertyValueSpecification\",\"valueRequired\":true,\"valueName\":\"search_term_string\"}}],\"inLanguage\":\"fr-FR\"},{\"@type\":\"Organization\",\"@id\":\"https:\\\/\\\/primalflow.eu\\\/de\\\/#organization\",\"name\":\"Primal Flow\",\"url\":\"https:\\\/\\\/primalflow.eu\\\/de\\\/\",\"logo\":{\"@type\":\"ImageObject\",\"inLanguage\":\"fr-FR\",\"@id\":\"https:\\\/\\\/primalflow.eu\\\/de\\\/#\\\/schema\\\/logo\\\/image\\\/\",\"url\":\"https:\\\/\\\/primalflow.eu\\\/wp-content\\\/uploads\\\/2024\\\/10\\\/Primal-B.V.-logo-4.svg\",\"contentUrl\":\"https:\\\/\\\/primalflow.eu\\\/wp-content\\\/uploads\\\/2024\\\/10\\\/Primal-B.V.-logo-4.svg\",\"width\":50,\"height\":50,\"caption\":\"Primal Flow\"},\"image\":{\"@id\":\"https:\\\/\\\/primalflow.eu\\\/de\\\/#\\\/schema\\\/logo\\\/image\\\/\"}}]}<\/script>\n<!-- \/ Yoast SEO plugin. -->","yoast_head_json":{"title":"Chaga Capsules - Primal Flow","description":"Chaga Capsules, your natural defense booster. Discover their benefits for immune support, stress relief, and healthy digestion.","robots":{"index":"index","follow":"follow","max-snippet":"max-snippet:-1","max-image-preview":"max-image-preview:large","max-video-preview":"max-video-preview:-1"},"canonical":"https:\/\/primalflow.eu\/fr\/produit\/chaga-capsules\/","og_locale":"fr_FR","og_type":"article","og_title":"Chaga Capsules - Primal Flow","og_description":"Chaga Capsules, your natural defense booster. Discover their benefits for immune support, stress relief, and healthy digestion.","og_url":"https:\/\/primalflow.eu\/fr\/produit\/chaga-capsules\/","og_site_name":"Primal Flow","article_modified_time":"2025-04-03T16:09:35+00:00","og_image":[{"width":1080,"height":1080,"url":"https:\/\/primalflow.eu\/wp-content\/uploads\/2025\/03\/Primal-Flow-4.webp","type":"image\/webp"}],"twitter_card":"summary_large_image","twitter_misc":{"Dur\u00e9e de lecture estim\u00e9e":"2 minutes"},"schema":{"@context":"https:\/\/schema.org","@graph":[{"@type":"WebPage","@id":"https:\/\/primalflow.eu\/product\/chaga-capsules\/","url":"https:\/\/primalflow.eu\/product\/chaga-capsules\/","name":"Chaga Capsules - Primal Flow","isPartOf":{"@id":"https:\/\/primalflow.eu\/de\/#website"},"primaryImageOfPage":{"@id":"https:\/\/primalflow.eu\/product\/chaga-capsules\/#primaryimage"},"image":{"@id":"https:\/\/primalflow.eu\/product\/chaga-capsules\/#primaryimage"},"thumbnailUrl":"https:\/\/primalflow.eu\/wp-content\/uploads\/2025\/03\/Primal-Flow-4.webp","datePublished":"2024-10-09T13:05:08+00:00","dateModified":"2025-04-03T16:09:35+00:00","description":"Chaga Capsules, your natural defense booster. Discover their benefits for immune support, stress relief, and healthy digestion.","breadcrumb":{"@id":"https:\/\/primalflow.eu\/product\/chaga-capsules\/#breadcrumb"},"inLanguage":"fr-FR","potentialAction":[{"@type":"ReadAction","target":["https:\/\/primalflow.eu\/product\/chaga-capsules\/"]}]},{"@type":"ImageObject","inLanguage":"fr-FR","@id":"https:\/\/primalflow.eu\/product\/chaga-capsules\/#primaryimage","url":"https:\/\/primalflow.eu\/wp-content\/uploads\/2025\/03\/Primal-Flow-4.webp","contentUrl":"https:\/\/primalflow.eu\/wp-content\/uploads\/2025\/03\/Primal-Flow-4.webp","width":1080,"height":1080},{"@type":"BreadcrumbList","@id":"https:\/\/primalflow.eu\/product\/chaga-capsules\/#breadcrumb","itemListElement":[{"@type":"ListItem","position":1,"name":"Home","item":"https:\/\/primalflow.eu\/de\/"},{"@type":"ListItem","position":2,"name":"Produkte","item":"https:\/\/primalflow.eu\/de\/shop\/"},{"@type":"ListItem","position":3,"name":"Chaga Capsules"}]},{"@type":"WebSite","@id":"https:\/\/primalflow.eu\/de\/#website","url":"https:\/\/primalflow.eu\/de\/","name":"Primal Flow","description":"Fuel Your Flow with the Power of Mushrooms","publisher":{"@id":"https:\/\/primalflow.eu\/de\/#organization"},"potentialAction":[{"@type":"SearchAction","target":{"@type":"EntryPoint","urlTemplate":"https:\/\/primalflow.eu\/de\/?s={search_term_string}"},"query-input":{"@type":"PropertyValueSpecification","valueRequired":true,"valueName":"search_term_string"}}],"inLanguage":"fr-FR"},{"@type":"Organization","@id":"https:\/\/primalflow.eu\/de\/#organization","name":"Primal Flow","url":"https:\/\/primalflow.eu\/de\/","logo":{"@type":"ImageObject","inLanguage":"fr-FR","@id":"https:\/\/primalflow.eu\/de\/#\/schema\/logo\/image\/","url":"https:\/\/primalflow.eu\/wp-content\/uploads\/2024\/10\/Primal-B.V.-logo-4.svg","contentUrl":"https:\/\/primalflow.eu\/wp-content\/uploads\/2024\/10\/Primal-B.V.-logo-4.svg","width":50,"height":50,"caption":"Primal Flow"},"image":{"@id":"https:\/\/primalflow.eu\/de\/#\/schema\/logo\/image\/"}}]}},"jetpack_sharing_enabled":true,"_links":{"self":[{"href":"https:\/\/primalflow.eu\/fr\/wp-json\/wp\/v2\/product\/461818","targetHints":{"allow":["GET"]}}],"collection":[{"href":"https:\/\/primalflow.eu\/fr\/wp-json\/wp\/v2\/product"}],"about":[{"href":"https:\/\/primalflow.eu\/fr\/wp-json\/wp\/v2\/types\/product"}],"replies":[{"embeddable":true,"href":"https:\/\/primalflow.eu\/fr\/wp-json\/wp\/v2\/comments?post=461818"}],"wp:featuredmedia":[{"embeddable":true,"href":"https:\/\/primalflow.eu\/fr\/wp-json\/wp\/v2\/media\/467907"}],"wp:attachment":[{"href":"https:\/\/primalflow.eu\/fr\/wp-json\/wp\/v2\/media?parent=461818"}],"wp:term":[{"taxonomy":"product_brand","embeddable":true,"href":"https:\/\/primalflow.eu\/fr\/wp-json\/wp\/v2\/product_brand?post=461818"},{"taxonomy":"product_cat","embeddable":true,"href":"https:\/\/primalflow.eu\/fr\/wp-json\/wp\/v2\/product_cat?post=461818"},{"taxonomy":"product_tag","embeddable":true,"href":"https:\/\/primalflow.eu\/fr\/wp-json\/wp\/v2\/product_tag?post=461818"}],"curies":[{"name":"wp","href":"https:\/\/api.w.org\/{rel}","templated":true}]}}