{"id":467492,"date":"2024-10-17T14:37:08","date_gmt":"2024-10-17T12:37:08","guid":{"rendered":"http:\/\/primalflow.eu\/?page_id=467492"},"modified":"2024-10-18T15:11:25","modified_gmt":"2024-10-18T13:11:25","slug":"return-policy","status":"publish","type":"page","link":"https:\/\/primalflow.eu\/fr\/return-policy\/","title":{"rendered":"Politique de retour"},"content":{"rendered":"<div data-elementor-type=\"wp-page\" data-elementor-id=\"467492\" class=\"elementor elementor-467492\" data-elementor-post-type=\"page\">\n\t\t\t\t\t\t<section class=\"elementor-section elementor-top-section elementor-element elementor-element-d457ae2 elementor-section-boxed elementor-section-height-default elementor-section-height-default\" data-id=\"d457ae2\" data-element_type=\"section\" data-e-type=\"section\">\n\t\t\t\t\t\t<div class=\"elementor-container elementor-column-gap-default\">\n\t\t\t\t\t<div class=\"elementor-column elementor-col-100 elementor-top-column elementor-element elementor-element-7dcee88\" data-id=\"7dcee88\" data-element_type=\"column\" data-e-type=\"column\">\n\t\t\t<div class=\"elementor-widget-wrap elementor-element-populated\">\n\t\t\t\t\t\t<div class=\"elementor-element elementor-element-892e2e3 elementor-widget elementor-widget-heading\" data-id=\"892e2e3\" data-element_type=\"widget\" data-e-type=\"widget\" data-widget_type=\"heading.default\">\n\t\t\t\t<div class=\"elementor-widget-container\">\n\t\t\t\t\t<h2 class=\"elementor-heading-title elementor-size-default\"><b>RETOUR <\/b>POLITIQUE<\/h2>\t\t\t\t<\/div>\n\t\t\t\t<\/div>\n\t\t\t\t<div class=\"elementor-element elementor-element-8cd075b elementor-widget elementor-widget-text-editor\" data-id=\"8cd075b\" data-element_type=\"widget\" data-e-type=\"widget\" data-widget_type=\"text-editor.default\">\n\t\t\t\t<div class=\"elementor-widget-container\">\n\t\t\t\t\t\t\t\t\t<p>Les capsules de suppl\u00e9ment achet\u00e9es ne peuvent \u00eatre renvoy\u00e9es que si <strong>le sceau en plastique est intact<\/strong> et l'emballage est <strong>non ouvert<\/strong>. Le produit doit avoir \u00e9t\u00e9 stock\u00e9 \u00e0 <strong>temp\u00e9rature ambiante<\/strong>Le produit doit \u00eatre conserv\u00e9 \u00e0 l'abri de la lumi\u00e8re directe du soleil et \u00e0 l'\u00e9cart des contaminants tels que les produits de nettoyage ou les produits chimiques. Cela permet de garantir que la qualit\u00e9 et la s\u00e9curit\u00e9 des suppl\u00e9ments restent intactes.<\/p><h4>\u00a0<\/h4><h4>Lignes directrices suppl\u00e9mentaires en mati\u00e8re de retour :<\/h4><p>\u00a0<\/p><ol><li><p><strong>P\u00e9riode de retour<\/strong><br \/>Vous pouvez retourner les produits dans un d\u00e9lai de <strong>14 jours<\/strong> apr\u00e8s r\u00e9ception de votre commande. L'emballage ne doit pas avoir \u00e9t\u00e9 ouvert et le sceau doit \u00eatre intact pour pouvoir \u00eatre retourn\u00e9.<br \/><br \/><\/p><\/li><li><p><strong>Exp\u00e9dition de retour<\/strong><br \/>Les frais de retour sont \u00e0 la charge du client, sauf si le produit est endommag\u00e9 ou d\u00e9fectueux. Nous recommandons d'utiliser un service d'exp\u00e9dition avec suivi pour garantir un retour en toute s\u00e9curit\u00e9.<\/p><p>Veuillez envoyer vos retours \u00e0 l'adresse suivante :<\/p><p><strong>Kerkenbos 1063M,<br \/>6546 BB Nijmegen,<br \/>Les Pays-Bas.<\/strong><\/p><p>Pour que le processus de retour se d\u00e9roule sans encombre, veuillez indiquer votre num\u00e9ro de commande et pr\u00e9ciser le(s) produit(s) que vous renvoyez.<\/p><p>\u00a0<\/p><\/li><li><p><strong>Proc\u00e9dure de remboursement<\/strong><br \/>Une fois que nous aurons re\u00e7u et inspect\u00e9 l'article retourn\u00e9, nous vous informerons de l'approbation ou du rejet de votre remboursement. Les remboursements approuv\u00e9s seront trait\u00e9s dans un d\u00e9lai de <strong>7-10 jours ouvrables<\/strong> et sera \u00e9mis au moyen de la m\u00e9thode de paiement originale.<br \/><br \/><\/p><\/li><li><p><strong>Conditions de non-retour<\/strong><br \/>Nous <strong>ne peut pas<\/strong> accepte les retours si le <strong>le sceau est bris\u00e9<\/strong> ou le <strong>le paquet est ouvert<\/strong>. Ceci est d\u00fb aux exigences de s\u00e9curit\u00e9 et de contr\u00f4le de la qualit\u00e9 des compl\u00e9ments alimentaires. En outre, les articles retourn\u00e9s apr\u00e8s le <strong>30 jours<\/strong> \u00e0 partir de la date de livraison ne peuvent \u00eatre rembours\u00e9s.<br \/><br \/><\/p><\/li><\/ol><h4>Remarque :<\/h4><p>Une fois que le <strong>le joint en plastique est cass\u00e9<\/strong>Nous ne pouvons plus garantir la qualit\u00e9 ou la s\u00e9curit\u00e9 du compl\u00e9ment, et il n'est pas possible de l'utiliser dans d'autres pays. <strong>ne peut pas<\/strong> ne sera pas retourn\u00e9 ou rembours\u00e9.<\/p>\t\t\t\t\t\t\t\t<\/div>\n\t\t\t\t<\/div>\n\t\t\t\t\t<\/div>\n\t\t<\/div>\n\t\t\t\t\t<\/div>\n\t\t<\/section>\n\t\t\t\t<section class=\"elementor-section elementor-top-section elementor-element elementor-element-2493f13 elementor-section-boxed elementor-section-height-default elementor-section-height-default\" data-id=\"2493f13\" data-element_type=\"section\" data-e-type=\"section\">\n\t\t\t\t\t\t<div class=\"elementor-container elementor-column-gap-default\">\n\t\t\t\t\t<div class=\"elementor-column elementor-col-100 elementor-top-column elementor-element elementor-element-95a4179\" data-id=\"95a4179\" data-element_type=\"column\" data-e-type=\"column\">\n\t\t\t<div class=\"elementor-widget-wrap elementor-element-populated\">\n\t\t\t\t\t\t<div class=\"elementor-element elementor-element-35e8908 elementor-align-center elementor-widget elementor-widget-button\" data-id=\"35e8908\" data-element_type=\"widget\" data-e-type=\"widget\" data-widget_type=\"button.default\">\n\t\t\t\t<div class=\"elementor-widget-container\">\n\t\t\t\t\t\t\t\t\t<div class=\"elementor-button-wrapper\">\n\t\t\t\t\t<a class=\"elementor-button elementor-button-link elementor-size-sm\" href=\"\/fr\/products\/\">\n\t\t\t\t\t\t<span class=\"elementor-button-content-wrapper\">\n\t\t\t\t\t\t\t\t\t<span class=\"elementor-button-text\">aller aux produits<\/span>\n\t\t\t\t\t<\/span>\n\t\t\t\t\t<\/a>\n\t\t\t\t<\/div>\n\t\t\t\t\t\t\t\t<\/div>\n\t\t\t\t<\/div>\n\t\t\t\t\t<\/div>\n\t\t<\/div>\n\t\t\t\t\t<\/div>\n\t\t<\/section>\n\t\t\t\t<\/div>","protected":false},"excerpt":{"rendered":"<p>RETURN POLICY Purchased supplement capsules can only be returned if the plastic seal is intact and the packaging is unopened. The product must have been stored at room temperature, away from direct sunlight, and kept away from contaminants such as cleaning products or chemicals. This ensures the quality and safety of the supplements remain intact. [&hellip;]<\/p>","protected":false},"author":1,"featured_media":0,"parent":0,"menu_order":0,"comment_status":"closed","ping_status":"closed","template":"","meta":{"site-sidebar-layout":"no-sidebar","site-content-layout":"page-builder","ast-site-content-layout":"full-width-container","site-content-style":"default","site-sidebar-style":"default","ast-global-header-display":"","ast-banner-title-visibility":"","ast-main-header-display":"","ast-hfb-above-header-display":"","ast-hfb-below-header-display":"","ast-hfb-mobile-header-display":"","site-post-title":"disabled","ast-breadcrumbs-content":"","ast-featured-img":"disabled","footer-sml-layout":"","theme-transparent-header-meta":"disabled","adv-header-id-meta":"","stick-header-meta":"","header-above-stick-meta":"","header-main-stick-meta":"","header-below-stick-meta":"","astra-migrate-meta-layouts":"set","ast-page-background-enabled":"default","ast-page-background-meta":{"desktop":{"background-color":"","background-image":"","background-repeat":"repeat","background-position":"center center","background-size":"auto","background-attachment":"scroll","background-type":"","background-media":"","overlay-type":"","overlay-color":"","overlay-opacity":"","overlay-gradient":""},"tablet":{"background-color":"","background-image":"","background-repeat":"repeat","background-position":"center center","background-size":"auto","background-attachment":"scroll","background-type":"","background-media":"","overlay-type":"","overlay-color":"","overlay-opacity":"","overlay-gradient":""},"mobile":{"background-color":"","background-image":"","background-repeat":"repeat","background-position":"center center","background-size":"auto","background-attachment":"scroll","background-type":"","background-media":"","overlay-type":"","overlay-color":"","overlay-opacity":"","overlay-gradient":""}},"ast-content-background-meta":{"desktop":{"background-color":"var(--ast-global-color-5)","background-image":"","background-repeat":"repeat","background-position":"center center","background-size":"auto","background-attachment":"scroll","background-type":"","background-media":"","overlay-type":"","overlay-color":"","overlay-opacity":"","overlay-gradient":""},"tablet":{"background-color":"var(--ast-global-color-5)","background-image":"","background-repeat":"repeat","background-position":"center center","background-size":"auto","background-attachment":"scroll","background-type":"","background-media":"","overlay-type":"","overlay-color":"","overlay-opacity":"","overlay-gradient":""},"mobile":{"background-color":"var(--ast-global-color-5)","background-image":"","background-repeat":"repeat","background-position":"center center","background-size":"auto","background-attachment":"scroll","background-type":"","background-media":"","overlay-type":"","overlay-color":"","overlay-opacity":"","overlay-gradient":""}},"footnotes":""},"class_list":["post-467492","page","type-page","status-publish","hentry"],"yoast_head":"<!-- This site is optimized with the Yoast SEO plugin v27.6 - https:\/\/yoast.com\/product\/yoast-seo-wordpress\/ -->\n<title>Return Policy - Primal Flow<\/title>\n<meta name=\"robots\" content=\"index, follow, max-snippet:-1, max-image-preview:large, max-video-preview:-1\" \/>\n<link rel=\"canonical\" href=\"https:\/\/primalflow.eu\/fr\/return-policy\/\" \/>\n<meta property=\"og:locale\" content=\"fr_FR\" \/>\n<meta property=\"og:type\" content=\"article\" \/>\n<meta property=\"og:title\" content=\"Return Policy - Primal Flow\" \/>\n<meta property=\"og:description\" content=\"RETURN POLICY Purchased supplement capsules can only be returned if the plastic seal is intact and the packaging is unopened. The product must have been stored at room temperature, away from direct sunlight, and kept away from contaminants such as cleaning products or chemicals. This ensures the quality and safety of the supplements remain intact. [&hellip;]\" \/>\n<meta property=\"og:url\" content=\"https:\/\/primalflow.eu\/fr\/return-policy\/\" \/>\n<meta property=\"og:site_name\" content=\"Primal Flow\" \/>\n<meta property=\"article:modified_time\" content=\"2024-10-18T13:11:25+00:00\" \/>\n<meta name=\"twitter:card\" content=\"summary_large_image\" \/>\n<meta name=\"twitter:label1\" content=\"Dur\u00e9e de lecture estim\u00e9e\" \/>\n\t<meta name=\"twitter:data1\" content=\"2 minutes\" \/>\n<script type=\"application\/ld+json\" class=\"yoast-schema-graph\">{\"@context\":\"https:\\\/\\\/schema.org\",\"@graph\":[{\"@type\":\"WebPage\",\"@id\":\"https:\\\/\\\/primalflow.eu\\\/nl\\\/return-policy\\\/\",\"url\":\"https:\\\/\\\/primalflow.eu\\\/nl\\\/return-policy\\\/\",\"name\":\"Return Policy - Primal Flow\",\"isPartOf\":{\"@id\":\"https:\\\/\\\/primalflow.eu\\\/de\\\/#website\"},\"datePublished\":\"2024-10-17T12:37:08+00:00\",\"dateModified\":\"2024-10-18T13:11:25+00:00\",\"breadcrumb\":{\"@id\":\"https:\\\/\\\/primalflow.eu\\\/nl\\\/return-policy\\\/#breadcrumb\"},\"inLanguage\":\"fr-FR\",\"potentialAction\":[{\"@type\":\"ReadAction\",\"target\":[\"https:\\\/\\\/primalflow.eu\\\/nl\\\/return-policy\\\/\"]}]},{\"@type\":\"BreadcrumbList\",\"@id\":\"https:\\\/\\\/primalflow.eu\\\/nl\\\/return-policy\\\/#breadcrumb\",\"itemListElement\":[{\"@type\":\"ListItem\",\"position\":1,\"name\":\"Home\",\"item\":\"https:\\\/\\\/primalflow.eu\\\/de\\\/\"},{\"@type\":\"ListItem\",\"position\":2,\"name\":\"Return Policy\"}]},{\"@type\":\"WebSite\",\"@id\":\"https:\\\/\\\/primalflow.eu\\\/de\\\/#website\",\"url\":\"https:\\\/\\\/primalflow.eu\\\/de\\\/\",\"name\":\"Primal Flow\",\"description\":\"Fuel Your Flow with the Power of Mushrooms\",\"publisher\":{\"@id\":\"https:\\\/\\\/primalflow.eu\\\/de\\\/#organization\"},\"potentialAction\":[{\"@type\":\"SearchAction\",\"target\":{\"@type\":\"EntryPoint\",\"urlTemplate\":\"https:\\\/\\\/primalflow.eu\\\/de\\\/?s={search_term_string}\"},\"query-input\":{\"@type\":\"PropertyValueSpecification\",\"valueRequired\":true,\"valueName\":\"search_term_string\"}}],\"inLanguage\":\"fr-FR\"},{\"@type\":\"Organization\",\"@id\":\"https:\\\/\\\/primalflow.eu\\\/de\\\/#organization\",\"name\":\"Primal Flow\",\"url\":\"https:\\\/\\\/primalflow.eu\\\/de\\\/\",\"logo\":{\"@type\":\"ImageObject\",\"inLanguage\":\"fr-FR\",\"@id\":\"https:\\\/\\\/primalflow.eu\\\/de\\\/#\\\/schema\\\/logo\\\/image\\\/\",\"url\":\"https:\\\/\\\/primalflow.eu\\\/wp-content\\\/uploads\\\/2024\\\/10\\\/Primal-B.V.-logo-4.svg\",\"contentUrl\":\"https:\\\/\\\/primalflow.eu\\\/wp-content\\\/uploads\\\/2024\\\/10\\\/Primal-B.V.-logo-4.svg\",\"width\":50,\"height\":50,\"caption\":\"Primal Flow\"},\"image\":{\"@id\":\"https:\\\/\\\/primalflow.eu\\\/de\\\/#\\\/schema\\\/logo\\\/image\\\/\"}}]}<\/script>\n<!-- \/ Yoast SEO plugin. -->","yoast_head_json":{"title":"Return Policy - Primal Flow","robots":{"index":"index","follow":"follow","max-snippet":"max-snippet:-1","max-image-preview":"max-image-preview:large","max-video-preview":"max-video-preview:-1"},"canonical":"https:\/\/primalflow.eu\/fr\/return-policy\/","og_locale":"fr_FR","og_type":"article","og_title":"Return Policy - Primal Flow","og_description":"RETURN POLICY Purchased supplement capsules can only be returned if the plastic seal is intact and the packaging is unopened. The product must have been stored at room temperature, away from direct sunlight, and kept away from contaminants such as cleaning products or chemicals. This ensures the quality and safety of the supplements remain intact. [&hellip;]","og_url":"https:\/\/primalflow.eu\/fr\/return-policy\/","og_site_name":"Primal Flow","article_modified_time":"2024-10-18T13:11:25+00:00","twitter_card":"summary_large_image","twitter_misc":{"Dur\u00e9e de lecture estim\u00e9e":"2 minutes"},"schema":{"@context":"https:\/\/schema.org","@graph":[{"@type":"WebPage","@id":"https:\/\/primalflow.eu\/nl\/return-policy\/","url":"https:\/\/primalflow.eu\/nl\/return-policy\/","name":"Return Policy - Primal Flow","isPartOf":{"@id":"https:\/\/primalflow.eu\/de\/#website"},"datePublished":"2024-10-17T12:37:08+00:00","dateModified":"2024-10-18T13:11:25+00:00","breadcrumb":{"@id":"https:\/\/primalflow.eu\/nl\/return-policy\/#breadcrumb"},"inLanguage":"fr-FR","potentialAction":[{"@type":"ReadAction","target":["https:\/\/primalflow.eu\/nl\/return-policy\/"]}]},{"@type":"BreadcrumbList","@id":"https:\/\/primalflow.eu\/nl\/return-policy\/#breadcrumb","itemListElement":[{"@type":"ListItem","position":1,"name":"Home","item":"https:\/\/primalflow.eu\/de\/"},{"@type":"ListItem","position":2,"name":"Return Policy"}]},{"@type":"WebSite","@id":"https:\/\/primalflow.eu\/de\/#website","url":"https:\/\/primalflow.eu\/de\/","name":"Primal Flow","description":"Fuel Your Flow with the Power of Mushrooms","publisher":{"@id":"https:\/\/primalflow.eu\/de\/#organization"},"potentialAction":[{"@type":"SearchAction","target":{"@type":"EntryPoint","urlTemplate":"https:\/\/primalflow.eu\/de\/?s={search_term_string}"},"query-input":{"@type":"PropertyValueSpecification","valueRequired":true,"valueName":"search_term_string"}}],"inLanguage":"fr-FR"},{"@type":"Organization","@id":"https:\/\/primalflow.eu\/de\/#organization","name":"Primal Flow","url":"https:\/\/primalflow.eu\/de\/","logo":{"@type":"ImageObject","inLanguage":"fr-FR","@id":"https:\/\/primalflow.eu\/de\/#\/schema\/logo\/image\/","url":"https:\/\/primalflow.eu\/wp-content\/uploads\/2024\/10\/Primal-B.V.-logo-4.svg","contentUrl":"https:\/\/primalflow.eu\/wp-content\/uploads\/2024\/10\/Primal-B.V.-logo-4.svg","width":50,"height":50,"caption":"Primal Flow"},"image":{"@id":"https:\/\/primalflow.eu\/de\/#\/schema\/logo\/image\/"}}]}},"jetpack_sharing_enabled":true,"_links":{"self":[{"href":"https:\/\/primalflow.eu\/fr\/wp-json\/wp\/v2\/pages\/467492","targetHints":{"allow":["GET"]}}],"collection":[{"href":"https:\/\/primalflow.eu\/fr\/wp-json\/wp\/v2\/pages"}],"about":[{"href":"https:\/\/primalflow.eu\/fr\/wp-json\/wp\/v2\/types\/page"}],"author":[{"embeddable":true,"href":"https:\/\/primalflow.eu\/fr\/wp-json\/wp\/v2\/users\/1"}],"replies":[{"embeddable":true,"href":"https:\/\/primalflow.eu\/fr\/wp-json\/wp\/v2\/comments?post=467492"}],"version-history":[{"count":0,"href":"https:\/\/primalflow.eu\/fr\/wp-json\/wp\/v2\/pages\/467492\/revisions"}],"wp:attachment":[{"href":"https:\/\/primalflow.eu\/fr\/wp-json\/wp\/v2\/media?parent=467492"}],"curies":[{"name":"wp","href":"https:\/\/api.w.org\/{rel}","templated":true}]}}