{"id":461818,"date":"2024-10-09T15:05:08","date_gmt":"2024-10-09T13:05:08","guid":{"rendered":"http:\/\/primalflow.eu\/?post_type=product&#038;p=461818"},"modified":"2025-04-03T18:09:35","modified_gmt":"2025-04-03T16:09:35","slug":"chaga-capsules","status":"publish","type":"product","link":"https:\/\/primalflow.eu\/es\/producto\/chaga-capsules\/","title":{"rendered":"C\u00e1psulas de Chaga"},"content":{"rendered":"<h1>Chaga: el rey de las setas<\/h1>\n<p>Descubra el Chaga, un poderoso hongo que crece en los abedules de regiones fr\u00edas como Rusia, Siberia y el norte de Canad\u00e1. Durante siglos, Chaga ha sido valorado por sus impresionantes beneficios para la salud y ahora es reconocido como uno de los suplementos m\u00e1s potentes de la naturaleza.<\/p>\n<p><strong>Una joya oculta en la naturaleza<\/strong><\/p>\n<p>A primera vista, el Chaga puede parecer un bulto carbonizado y rugoso en un \u00e1rbol. Pero en su interior esconde un tesoro de nutrientes y compuestos bioactivos que lo convierten en un remedio natural muy codiciado.<\/p>\n<p>&nbsp;<\/p>\n<p>&nbsp;<\/p>\n<h3><\/h3>\n<h3 class=\"LC20lb MBeuO DKV0Md\">\ud83d\udee1\ufe0f | Refuerce su sistema inmunitario<\/h3>\n<p>El chaga es m\u00e1s conocido por ayudar a <strong>refuerza el sistema inmunitario<\/strong>. Contiene <strong>betaglucanos<\/strong>que refuerzan las defensas naturales del organismo aumentando la actividad de los gl\u00f3bulos blancos, el escudo del cuerpo contra las infecciones. De este modo, el sistema inmunitario se mantiene fuerte y equilibrado, lo que permite combatir mejor las enfermedades y conservar la salud.<\/p>\n<p>Si usted es una persona que se resfr\u00eda a menudo, sufre de estr\u00e9s o simplemente quiere sentirse m\u00e1s fuerte y con m\u00e1s energ\u00eda, el Chaga puede ser una gran adici\u00f3n a su rutina diaria.<\/p>\n<p>&nbsp;<\/p>\n<p>&nbsp;<\/p>\n<h3><strong>\u00bfQui\u00e9n debe consumir Chaga?<\/strong><\/h3>\n<p>Chaga es perfecto para:<\/p>\n<ul>\n<li><strong>Cualquier persona que desee reforzar su sistema inmunitario<\/strong>-especialmente durante la temporada de resfriados y gripe.<\/li>\n<li><strong>Personas con vidas ajetreadas o estresantes<\/strong>. Chaga ayuda a combatir la fatiga y favorece el bienestar general.<\/li>\n<li><strong>Quienes buscan formas naturales de mantenerse sanos<\/strong>. Chaga es un suplemento sencillo y natural para el apoyo diario de la salud.<\/li>\n<\/ul>\n<h3><\/h3>\n<p>&nbsp;<\/p>\n<p>&nbsp;<\/p>\n<h3><\/h3>\n<h3>\u00a1Pruebe Chaga hoy mismo!<\/h3>\n<p>\u00bfListo para reforzar su sistema inmunol\u00f3gico y sentirse m\u00e1s saludable? Pida hoy mismo sus c\u00e1psulas de Chaga y disfrute de los beneficios naturales de este incre\u00edble hongo.<\/p>\n<p>&nbsp;<\/p>\n<p>&nbsp;<\/p>","protected":false},"excerpt":{"rendered":"<p>\u2705 Rico en antioxidantes<br \/>\n\u2705 Favorece una digesti\u00f3n sana<br \/>\n\u2705 Favorece una piel sana<br \/>\n\u2705 90 c\u00e1psulas por bolsa <em>(suministro de 30-45 d\u00edas)<\/em><\/p>\n<p>Descubra los poderosos beneficios de nuestras c\u00e1psulas org\u00e1nicas 100% elaboradas con extracto puro de Chaga.<em><br \/>\n<\/em><\/p>","protected":false},"featured_media":467907,"comment_status":"open","ping_status":"closed","template":"","meta":{"site-sidebar-layout":"default","site-content-layout":"default","ast-site-content-layout":"default","site-content-style":"default","site-sidebar-style":"default","ast-global-header-display":"","ast-banner-title-visibility":"","ast-main-header-display":"","ast-hfb-above-header-display":"","ast-hfb-below-header-display":"","ast-hfb-mobile-header-display":"","site-post-title":"","ast-breadcrumbs-content":"","ast-featured-img":"","footer-sml-layout":"","theme-transparent-header-meta":"default","adv-header-id-meta":"","stick-header-meta":"","header-above-stick-meta":"","header-main-stick-meta":"","header-below-stick-meta":"","astra-migrate-meta-layouts":"set","ast-page-background-enabled":"default","ast-page-background-meta":{"desktop":{"background-color":"","background-image":"","background-repeat":"repeat","background-position":"center center","background-size":"auto","background-attachment":"scroll","background-type":"","background-media":"","overlay-type":"","overlay-color":"","overlay-opacity":"","overlay-gradient":""},"tablet":{"background-color":"","background-image":"","background-repeat":"repeat","background-position":"center center","background-size":"auto","background-attachment":"scroll","background-type":"","background-media":"","overlay-type":"","overlay-color":"","overlay-opacity":"","overlay-gradient":""},"mobile":{"background-color":"","background-image":"","background-repeat":"repeat","background-position":"center center","background-size":"auto","background-attachment":"scroll","background-type":"","background-media":"","overlay-type":"","overlay-color":"","overlay-opacity":"","overlay-gradient":""}},"ast-content-background-meta":{"desktop":{"background-color":"var(--ast-global-color-5)","background-image":"","background-repeat":"repeat","background-position":"center center","background-size":"auto","background-attachment":"scroll","background-type":"","background-media":"","overlay-type":"","overlay-color":"","overlay-opacity":"","overlay-gradient":""},"tablet":{"background-color":"var(--ast-global-color-5)","background-image":"","background-repeat":"repeat","background-position":"center center","background-size":"auto","background-attachment":"scroll","background-type":"","background-media":"","overlay-type":"","overlay-color":"","overlay-opacity":"","overlay-gradient":""},"mobile":{"background-color":"var(--ast-global-color-5)","background-image":"","background-repeat":"repeat","background-position":"center center","background-size":"auto","background-attachment":"scroll","background-type":"","background-media":"","overlay-type":"","overlay-color":"","overlay-opacity":"","overlay-gradient":""}}},"product_brand":[],"product_cat":[15],"product_tag":[],"class_list":{"0":"post-461818","1":"product","2":"type-product","3":"status-publish","4":"has-post-thumbnail","6":"product_cat-uncategorized","7":"product_shipping_class-brievenbus-pakje","8":"desktop-align-center","9":"tablet-align-left","10":"mobile-align-left","12":"first","13":"instock","14":"taxable","15":"shipping-taxable","16":"purchasable","17":"product-type-simple"},"yoast_head":"<!-- This site is optimized with the Yoast SEO plugin v27.6 - https:\/\/yoast.com\/product\/yoast-seo-wordpress\/ -->\n<title>Chaga Capsules - Primal Flow<\/title>\n<meta name=\"description\" content=\"Chaga Capsules, your natural defense booster. Discover their benefits for immune support, stress relief, and healthy digestion.\" \/>\n<meta name=\"robots\" content=\"index, follow, max-snippet:-1, max-image-preview:large, max-video-preview:-1\" \/>\n<link rel=\"canonical\" href=\"https:\/\/primalflow.eu\/es\/producto\/chaga-capsules\/\" \/>\n<meta property=\"og:locale\" content=\"es_ES\" \/>\n<meta property=\"og:type\" content=\"article\" \/>\n<meta property=\"og:title\" content=\"Chaga Capsules - Primal Flow\" \/>\n<meta property=\"og:description\" content=\"Chaga Capsules, your natural defense booster. Discover their benefits for immune support, stress relief, and healthy digestion.\" \/>\n<meta property=\"og:url\" content=\"https:\/\/primalflow.eu\/es\/producto\/chaga-capsules\/\" \/>\n<meta property=\"og:site_name\" content=\"Primal Flow\" \/>\n<meta property=\"article:modified_time\" content=\"2025-04-03T16:09:35+00:00\" \/>\n<meta property=\"og:image\" content=\"https:\/\/primalflow.eu\/wp-content\/uploads\/2025\/03\/Primal-Flow-4.webp\" \/>\n\t<meta property=\"og:image:width\" content=\"1080\" \/>\n\t<meta property=\"og:image:height\" content=\"1080\" \/>\n\t<meta property=\"og:image:type\" content=\"image\/webp\" \/>\n<meta name=\"twitter:card\" content=\"summary_large_image\" \/>\n<meta name=\"twitter:label1\" content=\"Tiempo de lectura\" \/>\n\t<meta name=\"twitter:data1\" content=\"2 minutos\" \/>\n<script type=\"application\/ld+json\" class=\"yoast-schema-graph\">{\"@context\":\"https:\\\/\\\/schema.org\",\"@graph\":[{\"@type\":\"WebPage\",\"@id\":\"https:\\\/\\\/primalflow.eu\\\/product\\\/chaga-capsules\\\/\",\"url\":\"https:\\\/\\\/primalflow.eu\\\/product\\\/chaga-capsules\\\/\",\"name\":\"Chaga Capsules - Primal Flow\",\"isPartOf\":{\"@id\":\"https:\\\/\\\/primalflow.eu\\\/de\\\/#website\"},\"primaryImageOfPage\":{\"@id\":\"https:\\\/\\\/primalflow.eu\\\/product\\\/chaga-capsules\\\/#primaryimage\"},\"image\":{\"@id\":\"https:\\\/\\\/primalflow.eu\\\/product\\\/chaga-capsules\\\/#primaryimage\"},\"thumbnailUrl\":\"https:\\\/\\\/primalflow.eu\\\/wp-content\\\/uploads\\\/2025\\\/03\\\/Primal-Flow-4.webp\",\"datePublished\":\"2024-10-09T13:05:08+00:00\",\"dateModified\":\"2025-04-03T16:09:35+00:00\",\"description\":\"Chaga Capsules, your natural defense booster. Discover their benefits for immune support, stress relief, and healthy digestion.\",\"breadcrumb\":{\"@id\":\"https:\\\/\\\/primalflow.eu\\\/product\\\/chaga-capsules\\\/#breadcrumb\"},\"inLanguage\":\"es\",\"potentialAction\":[{\"@type\":\"ReadAction\",\"target\":[\"https:\\\/\\\/primalflow.eu\\\/product\\\/chaga-capsules\\\/\"]}]},{\"@type\":\"ImageObject\",\"inLanguage\":\"es\",\"@id\":\"https:\\\/\\\/primalflow.eu\\\/product\\\/chaga-capsules\\\/#primaryimage\",\"url\":\"https:\\\/\\\/primalflow.eu\\\/wp-content\\\/uploads\\\/2025\\\/03\\\/Primal-Flow-4.webp\",\"contentUrl\":\"https:\\\/\\\/primalflow.eu\\\/wp-content\\\/uploads\\\/2025\\\/03\\\/Primal-Flow-4.webp\",\"width\":1080,\"height\":1080},{\"@type\":\"BreadcrumbList\",\"@id\":\"https:\\\/\\\/primalflow.eu\\\/product\\\/chaga-capsules\\\/#breadcrumb\",\"itemListElement\":[{\"@type\":\"ListItem\",\"position\":1,\"name\":\"Home\",\"item\":\"https:\\\/\\\/primalflow.eu\\\/de\\\/\"},{\"@type\":\"ListItem\",\"position\":2,\"name\":\"Produkte\",\"item\":\"https:\\\/\\\/primalflow.eu\\\/de\\\/shop\\\/\"},{\"@type\":\"ListItem\",\"position\":3,\"name\":\"Chaga Capsules\"}]},{\"@type\":\"WebSite\",\"@id\":\"https:\\\/\\\/primalflow.eu\\\/de\\\/#website\",\"url\":\"https:\\\/\\\/primalflow.eu\\\/de\\\/\",\"name\":\"Primal Flow\",\"description\":\"Fuel Your Flow with the Power of Mushrooms\",\"publisher\":{\"@id\":\"https:\\\/\\\/primalflow.eu\\\/de\\\/#organization\"},\"potentialAction\":[{\"@type\":\"SearchAction\",\"target\":{\"@type\":\"EntryPoint\",\"urlTemplate\":\"https:\\\/\\\/primalflow.eu\\\/de\\\/?s={search_term_string}\"},\"query-input\":{\"@type\":\"PropertyValueSpecification\",\"valueRequired\":true,\"valueName\":\"search_term_string\"}}],\"inLanguage\":\"es\"},{\"@type\":\"Organization\",\"@id\":\"https:\\\/\\\/primalflow.eu\\\/de\\\/#organization\",\"name\":\"Primal Flow\",\"url\":\"https:\\\/\\\/primalflow.eu\\\/de\\\/\",\"logo\":{\"@type\":\"ImageObject\",\"inLanguage\":\"es\",\"@id\":\"https:\\\/\\\/primalflow.eu\\\/de\\\/#\\\/schema\\\/logo\\\/image\\\/\",\"url\":\"https:\\\/\\\/primalflow.eu\\\/wp-content\\\/uploads\\\/2024\\\/10\\\/Primal-B.V.-logo-4.svg\",\"contentUrl\":\"https:\\\/\\\/primalflow.eu\\\/wp-content\\\/uploads\\\/2024\\\/10\\\/Primal-B.V.-logo-4.svg\",\"width\":50,\"height\":50,\"caption\":\"Primal Flow\"},\"image\":{\"@id\":\"https:\\\/\\\/primalflow.eu\\\/de\\\/#\\\/schema\\\/logo\\\/image\\\/\"}}]}<\/script>\n<!-- \/ Yoast SEO plugin. -->","yoast_head_json":{"title":"Chaga Capsules - Primal Flow","description":"Chaga Capsules, your natural defense booster. Discover their benefits for immune support, stress relief, and healthy digestion.","robots":{"index":"index","follow":"follow","max-snippet":"max-snippet:-1","max-image-preview":"max-image-preview:large","max-video-preview":"max-video-preview:-1"},"canonical":"https:\/\/primalflow.eu\/es\/producto\/chaga-capsules\/","og_locale":"es_ES","og_type":"article","og_title":"Chaga Capsules - Primal Flow","og_description":"Chaga Capsules, your natural defense booster. Discover their benefits for immune support, stress relief, and healthy digestion.","og_url":"https:\/\/primalflow.eu\/es\/producto\/chaga-capsules\/","og_site_name":"Primal Flow","article_modified_time":"2025-04-03T16:09:35+00:00","og_image":[{"width":1080,"height":1080,"url":"https:\/\/primalflow.eu\/wp-content\/uploads\/2025\/03\/Primal-Flow-4.webp","type":"image\/webp"}],"twitter_card":"summary_large_image","twitter_misc":{"Tiempo de lectura":"2 minutos"},"schema":{"@context":"https:\/\/schema.org","@graph":[{"@type":"WebPage","@id":"https:\/\/primalflow.eu\/product\/chaga-capsules\/","url":"https:\/\/primalflow.eu\/product\/chaga-capsules\/","name":"Chaga Capsules - Primal Flow","isPartOf":{"@id":"https:\/\/primalflow.eu\/de\/#website"},"primaryImageOfPage":{"@id":"https:\/\/primalflow.eu\/product\/chaga-capsules\/#primaryimage"},"image":{"@id":"https:\/\/primalflow.eu\/product\/chaga-capsules\/#primaryimage"},"thumbnailUrl":"https:\/\/primalflow.eu\/wp-content\/uploads\/2025\/03\/Primal-Flow-4.webp","datePublished":"2024-10-09T13:05:08+00:00","dateModified":"2025-04-03T16:09:35+00:00","description":"Chaga Capsules, your natural defense booster. Discover their benefits for immune support, stress relief, and healthy digestion.","breadcrumb":{"@id":"https:\/\/primalflow.eu\/product\/chaga-capsules\/#breadcrumb"},"inLanguage":"es","potentialAction":[{"@type":"ReadAction","target":["https:\/\/primalflow.eu\/product\/chaga-capsules\/"]}]},{"@type":"ImageObject","inLanguage":"es","@id":"https:\/\/primalflow.eu\/product\/chaga-capsules\/#primaryimage","url":"https:\/\/primalflow.eu\/wp-content\/uploads\/2025\/03\/Primal-Flow-4.webp","contentUrl":"https:\/\/primalflow.eu\/wp-content\/uploads\/2025\/03\/Primal-Flow-4.webp","width":1080,"height":1080},{"@type":"BreadcrumbList","@id":"https:\/\/primalflow.eu\/product\/chaga-capsules\/#breadcrumb","itemListElement":[{"@type":"ListItem","position":1,"name":"Home","item":"https:\/\/primalflow.eu\/de\/"},{"@type":"ListItem","position":2,"name":"Produkte","item":"https:\/\/primalflow.eu\/de\/shop\/"},{"@type":"ListItem","position":3,"name":"Chaga Capsules"}]},{"@type":"WebSite","@id":"https:\/\/primalflow.eu\/de\/#website","url":"https:\/\/primalflow.eu\/de\/","name":"Primal Flow","description":"Fuel Your Flow with the Power of Mushrooms","publisher":{"@id":"https:\/\/primalflow.eu\/de\/#organization"},"potentialAction":[{"@type":"SearchAction","target":{"@type":"EntryPoint","urlTemplate":"https:\/\/primalflow.eu\/de\/?s={search_term_string}"},"query-input":{"@type":"PropertyValueSpecification","valueRequired":true,"valueName":"search_term_string"}}],"inLanguage":"es"},{"@type":"Organization","@id":"https:\/\/primalflow.eu\/de\/#organization","name":"Primal Flow","url":"https:\/\/primalflow.eu\/de\/","logo":{"@type":"ImageObject","inLanguage":"es","@id":"https:\/\/primalflow.eu\/de\/#\/schema\/logo\/image\/","url":"https:\/\/primalflow.eu\/wp-content\/uploads\/2024\/10\/Primal-B.V.-logo-4.svg","contentUrl":"https:\/\/primalflow.eu\/wp-content\/uploads\/2024\/10\/Primal-B.V.-logo-4.svg","width":50,"height":50,"caption":"Primal Flow"},"image":{"@id":"https:\/\/primalflow.eu\/de\/#\/schema\/logo\/image\/"}}]}},"jetpack_sharing_enabled":true,"_links":{"self":[{"href":"https:\/\/primalflow.eu\/es\/wp-json\/wp\/v2\/product\/461818","targetHints":{"allow":["GET"]}}],"collection":[{"href":"https:\/\/primalflow.eu\/es\/wp-json\/wp\/v2\/product"}],"about":[{"href":"https:\/\/primalflow.eu\/es\/wp-json\/wp\/v2\/types\/product"}],"replies":[{"embeddable":true,"href":"https:\/\/primalflow.eu\/es\/wp-json\/wp\/v2\/comments?post=461818"}],"wp:featuredmedia":[{"embeddable":true,"href":"https:\/\/primalflow.eu\/es\/wp-json\/wp\/v2\/media\/467907"}],"wp:attachment":[{"href":"https:\/\/primalflow.eu\/es\/wp-json\/wp\/v2\/media?parent=461818"}],"wp:term":[{"taxonomy":"product_brand","embeddable":true,"href":"https:\/\/primalflow.eu\/es\/wp-json\/wp\/v2\/product_brand?post=461818"},{"taxonomy":"product_cat","embeddable":true,"href":"https:\/\/primalflow.eu\/es\/wp-json\/wp\/v2\/product_cat?post=461818"},{"taxonomy":"product_tag","embeddable":true,"href":"https:\/\/primalflow.eu\/es\/wp-json\/wp\/v2\/product_tag?post=461818"}],"curies":[{"name":"wp","href":"https:\/\/api.w.org\/{rel}","templated":true}]}}