{"id":258525,"date":"2024-05-14T10:49:17","date_gmt":"2024-05-14T08:49:17","guid":{"rendered":"http:\/\/primalflow.eu\/?post_type=product&#038;p=258525"},"modified":"2025-04-03T18:11:06","modified_gmt":"2025-04-03T16:11:06","slug":"cordyceps-capsules","status":"publish","type":"product","link":"https:\/\/primalflow.eu\/es\/producto\/cordyceps-capsules\/","title":{"rendered":"C\u00e1psulas de Cordyceps"},"content":{"rendered":"<h1><strong>Cordyceps: El potenciador de energ\u00eda definitivo<\/strong><\/h1>\n<p>Cordyceps (<em>Cordyceps sinensis<\/em>) es un poderoso hongo utilizado desde hace mucho tiempo en la medicina tradicional china y tibetana. Conocido por su singular forma de garrote, el Cordyceps crece en regiones de gran altitud como el Himalaya. Tradicionalmente apreciado por aumentar la energ\u00eda y la resistencia, ahora es popular entre los modernos entusiastas de la salud.<\/p>\n<h3><\/h3>\n<p>&nbsp;<\/p>\n<p>&nbsp;<\/p>\n<h3>\ud83d\udd0b | <strong>Aumente su energ\u00eda<\/strong><\/h3>\n<p>El Cordyceps es muy apreciado por los atletas y por cualquiera que busque m\u00e1s vitalidad. Aumenta el uso de ox\u00edgeno en el cuerpo, mejorando la resistencia, reduciendo la fatiga y mejorando el rendimiento f\u00edsico. Si usted est\u00e1 buscando para aumentar la resistencia de entrenamiento, combatir la fatiga, o mantener altos niveles de energ\u00eda durante todo el d\u00eda, Cordyceps es su aliado natural.<\/p>\n<h3><\/h3>\n<p>&nbsp;<\/p>\n<p>&nbsp;<\/p>\n<h3>\ud83d\udee1\ufe0f | <strong>Apoye su salud<\/strong><\/h3>\n<p>Adem\u00e1s de la energ\u00eda, Cordyceps apoya:<\/p>\n<ul>\n<li><strong>Rendimiento f\u00edsico<\/strong>: Aumenta la captaci\u00f3n de ox\u00edgeno, ayud\u00e1ndole a llegar m\u00e1s lejos en el ejercicio.<\/li>\n<li><strong>Sistema inmunitario<\/strong>: Modula la funci\u00f3n inmunitaria, ayudando al organismo a defenderse de las enfermedades.<\/li>\n<li><strong>Salud respiratoria<\/strong>: Favorece una mejor funci\u00f3n pulmonar y facilita la respiraci\u00f3n.<\/li>\n<\/ul>\n<h3><\/h3>\n<p>&nbsp;<\/p>\n<p>&nbsp;<\/p>\n<h3>\ud83d\udc65 | <strong>\u00bfQui\u00e9n debe utilizar Cordyceps?<\/strong><\/h3>\n<p>Cordyceps es ideal para:<\/p>\n<ul>\n<li><strong>Deportistas y entusiastas del fitness<\/strong> que buscan mejorar la resistencia y el rendimiento.<\/li>\n<li><strong>Profesionales ocupados<\/strong> que necesitan un impulso de energ\u00eda natural sin cafe\u00edna.<\/li>\n<li><strong>Personas que desean mejorar su salud inmunitaria y respiratoria<\/strong> para un mayor bienestar general.<\/li>\n<\/ul>\n<h3><\/h3>\n<p>&nbsp;<\/p>\n<p>&nbsp;<\/p>\n<h3>\u26a1 | <strong>Libere el potencial del Cordyceps<\/strong><\/h3>\n<p>Para aumentar la energ\u00eda, mejorar la resistencia y la salud en general, Cordyceps proporciona una soluci\u00f3n natural, probada con el tiempo. \u00a1Comience hoy mismo su viaje hacia la vitalidad!<\/p>\n<p>&nbsp;<\/p>\n<p>&nbsp;<\/p>","protected":false},"excerpt":{"rendered":"<p>Aumenta la energ\u00eda y la resistencia<br \/>\n\u2705 90 c\u00e1psulas por bolsa <em>(suministro para 30-60 d\u00edas)<\/em><br \/>\n\u2705 Entrega en todo el mundo.<br \/>\n\u2705 100% org\u00e1nico<\/p>\n<p><em>Extracto puro y potente de Cordyceps sinensis. Apto para vegetarianos y veganos.<\/em><\/p>","protected":false},"featured_media":467509,"comment_status":"open","ping_status":"closed","template":"","meta":{"site-sidebar-layout":"default","site-content-layout":"default","ast-site-content-layout":"default","site-content-style":"default","site-sidebar-style":"default","ast-global-header-display":"","ast-banner-title-visibility":"","ast-main-header-display":"","ast-hfb-above-header-display":"","ast-hfb-below-header-display":"","ast-hfb-mobile-header-display":"","site-post-title":"","ast-breadcrumbs-content":"","ast-featured-img":"","footer-sml-layout":"","theme-transparent-header-meta":"disabled","adv-header-id-meta":"","stick-header-meta":"","header-above-stick-meta":"","header-main-stick-meta":"","header-below-stick-meta":"","astra-migrate-meta-layouts":"set","ast-page-background-enabled":"default","ast-page-background-meta":{"desktop":{"background-color":"","background-image":"","background-repeat":"repeat","background-position":"center center","background-size":"auto","background-attachment":"scroll","background-type":"","background-media":"","overlay-type":"","overlay-color":"","overlay-opacity":"","overlay-gradient":""},"tablet":{"background-color":"","background-image":"","background-repeat":"repeat","background-position":"center center","background-size":"auto","background-attachment":"scroll","background-type":"","background-media":"","overlay-type":"","overlay-color":"","overlay-opacity":"","overlay-gradient":""},"mobile":{"background-color":"","background-image":"","background-repeat":"repeat","background-position":"center center","background-size":"auto","background-attachment":"scroll","background-type":"","background-media":"","overlay-type":"","overlay-color":"","overlay-opacity":"","overlay-gradient":""}},"ast-content-background-meta":{"desktop":{"background-color":"var(--ast-global-color-5)","background-image":"","background-repeat":"repeat","background-position":"center center","background-size":"auto","background-attachment":"scroll","background-type":"","background-media":"","overlay-type":"","overlay-color":"","overlay-opacity":"","overlay-gradient":""},"tablet":{"background-color":"var(--ast-global-color-5)","background-image":"","background-repeat":"repeat","background-position":"center center","background-size":"auto","background-attachment":"scroll","background-type":"","background-media":"","overlay-type":"","overlay-color":"","overlay-opacity":"","overlay-gradient":""},"mobile":{"background-color":"var(--ast-global-color-5)","background-image":"","background-repeat":"repeat","background-position":"center center","background-size":"auto","background-attachment":"scroll","background-type":"","background-media":"","overlay-type":"","overlay-color":"","overlay-opacity":"","overlay-gradient":""}}},"product_brand":[],"product_cat":[15],"product_tag":[],"class_list":{"0":"post-258525","1":"product","2":"type-product","3":"status-publish","4":"has-post-thumbnail","6":"product_cat-uncategorized","7":"product_shipping_class-brievenbus-pakje","8":"desktop-align-center","9":"tablet-align-left","10":"mobile-align-left","12":"first","13":"instock","14":"taxable","15":"shipping-taxable","16":"purchasable","17":"product-type-simple"},"yoast_head":"<!-- This site is optimized with the Yoast SEO plugin v27.6 - https:\/\/yoast.com\/product\/yoast-seo-wordpress\/ -->\n<title>Cordyceps Capsules - Primal Flow<\/title>\n<meta name=\"description\" content=\"Boost vitality and performance with Cordyceps Capsules, the ultimate vitality booster. Uncover its benefits for energy, endurance, and overall well-being.\" \/>\n<meta name=\"robots\" content=\"index, follow, max-snippet:-1, max-image-preview:large, max-video-preview:-1\" \/>\n<link rel=\"canonical\" href=\"https:\/\/primalflow.eu\/es\/produkt\/cordyceps-capsules\/\" \/>\n<meta property=\"og:locale\" content=\"es_ES\" \/>\n<meta property=\"og:type\" content=\"article\" \/>\n<meta property=\"og:title\" content=\"Cordyceps Capsules - Primal Flow\" \/>\n<meta property=\"og:description\" content=\"Boost vitality and performance with Cordyceps Capsules, the ultimate vitality booster. Uncover its benefits for energy, endurance, and overall well-being.\" \/>\n<meta property=\"og:url\" content=\"https:\/\/primalflow.eu\/es\/produkt\/cordyceps-capsules\/\" \/>\n<meta property=\"og:site_name\" content=\"Primal Flow\" \/>\n<meta property=\"article:modified_time\" content=\"2025-04-03T16:11:06+00:00\" \/>\n<meta property=\"og:image\" content=\"https:\/\/primalflow.eu\/wp-content\/uploads\/2024\/10\/Cordyceps-Primal-Flow.webp\" \/>\n\t<meta property=\"og:image:width\" content=\"1080\" \/>\n\t<meta property=\"og:image:height\" content=\"1080\" \/>\n\t<meta property=\"og:image:type\" content=\"image\/webp\" \/>\n<meta name=\"twitter:card\" content=\"summary_large_image\" \/>\n<meta name=\"twitter:label1\" content=\"Tiempo de lectura\" \/>\n\t<meta name=\"twitter:data1\" content=\"2 minutos\" \/>\n<script type=\"application\/ld+json\" class=\"yoast-schema-graph\">{\"@context\":\"https:\\\/\\\/schema.org\",\"@graph\":[{\"@type\":\"WebPage\",\"@id\":\"https:\\\/\\\/primalflow.eu\\\/de\\\/produkt\\\/cordyceps-capsules\\\/\",\"url\":\"https:\\\/\\\/primalflow.eu\\\/de\\\/produkt\\\/cordyceps-capsules\\\/\",\"name\":\"Cordyceps Capsules - Primal Flow\",\"isPartOf\":{\"@id\":\"https:\\\/\\\/primalflow.eu\\\/de\\\/#website\"},\"primaryImageOfPage\":{\"@id\":\"https:\\\/\\\/primalflow.eu\\\/de\\\/produkt\\\/cordyceps-capsules\\\/#primaryimage\"},\"image\":{\"@id\":\"https:\\\/\\\/primalflow.eu\\\/de\\\/produkt\\\/cordyceps-capsules\\\/#primaryimage\"},\"thumbnailUrl\":\"https:\\\/\\\/primalflow.eu\\\/wp-content\\\/uploads\\\/2024\\\/10\\\/Cordyceps-Primal-Flow.webp\",\"datePublished\":\"2024-05-14T08:49:17+00:00\",\"dateModified\":\"2025-04-03T16:11:06+00:00\",\"description\":\"Boost vitality and performance with Cordyceps Capsules, the ultimate vitality booster. Uncover its benefits for energy, endurance, and overall well-being.\",\"breadcrumb\":{\"@id\":\"https:\\\/\\\/primalflow.eu\\\/de\\\/produkt\\\/cordyceps-capsules\\\/#breadcrumb\"},\"inLanguage\":\"es\",\"potentialAction\":[{\"@type\":\"ReadAction\",\"target\":[\"https:\\\/\\\/primalflow.eu\\\/de\\\/produkt\\\/cordyceps-capsules\\\/\"]}]},{\"@type\":\"ImageObject\",\"inLanguage\":\"es\",\"@id\":\"https:\\\/\\\/primalflow.eu\\\/de\\\/produkt\\\/cordyceps-capsules\\\/#primaryimage\",\"url\":\"https:\\\/\\\/primalflow.eu\\\/wp-content\\\/uploads\\\/2024\\\/10\\\/Cordyceps-Primal-Flow.webp\",\"contentUrl\":\"https:\\\/\\\/primalflow.eu\\\/wp-content\\\/uploads\\\/2024\\\/10\\\/Cordyceps-Primal-Flow.webp\",\"width\":1080,\"height\":1080},{\"@type\":\"BreadcrumbList\",\"@id\":\"https:\\\/\\\/primalflow.eu\\\/de\\\/produkt\\\/cordyceps-capsules\\\/#breadcrumb\",\"itemListElement\":[{\"@type\":\"ListItem\",\"position\":1,\"name\":\"Home\",\"item\":\"https:\\\/\\\/primalflow.eu\\\/de\\\/\"},{\"@type\":\"ListItem\",\"position\":2,\"name\":\"Produkte\",\"item\":\"https:\\\/\\\/primalflow.eu\\\/de\\\/shop\\\/\"},{\"@type\":\"ListItem\",\"position\":3,\"name\":\"Cordyceps Capsules\"}]},{\"@type\":\"WebSite\",\"@id\":\"https:\\\/\\\/primalflow.eu\\\/de\\\/#website\",\"url\":\"https:\\\/\\\/primalflow.eu\\\/de\\\/\",\"name\":\"Primal Flow\",\"description\":\"Fuel Your Flow with the Power of Mushrooms\",\"publisher\":{\"@id\":\"https:\\\/\\\/primalflow.eu\\\/de\\\/#organization\"},\"potentialAction\":[{\"@type\":\"SearchAction\",\"target\":{\"@type\":\"EntryPoint\",\"urlTemplate\":\"https:\\\/\\\/primalflow.eu\\\/de\\\/?s={search_term_string}\"},\"query-input\":{\"@type\":\"PropertyValueSpecification\",\"valueRequired\":true,\"valueName\":\"search_term_string\"}}],\"inLanguage\":\"es\"},{\"@type\":\"Organization\",\"@id\":\"https:\\\/\\\/primalflow.eu\\\/de\\\/#organization\",\"name\":\"Primal Flow\",\"url\":\"https:\\\/\\\/primalflow.eu\\\/de\\\/\",\"logo\":{\"@type\":\"ImageObject\",\"inLanguage\":\"es\",\"@id\":\"https:\\\/\\\/primalflow.eu\\\/de\\\/#\\\/schema\\\/logo\\\/image\\\/\",\"url\":\"https:\\\/\\\/primalflow.eu\\\/wp-content\\\/uploads\\\/2024\\\/10\\\/Primal-B.V.-logo-4.svg\",\"contentUrl\":\"https:\\\/\\\/primalflow.eu\\\/wp-content\\\/uploads\\\/2024\\\/10\\\/Primal-B.V.-logo-4.svg\",\"width\":50,\"height\":50,\"caption\":\"Primal Flow\"},\"image\":{\"@id\":\"https:\\\/\\\/primalflow.eu\\\/de\\\/#\\\/schema\\\/logo\\\/image\\\/\"}}]}<\/script>\n<!-- \/ Yoast SEO plugin. -->","yoast_head_json":{"title":"Cordyceps Capsules - Primal Flow","description":"Boost vitality and performance with Cordyceps Capsules, the ultimate vitality booster. Uncover its benefits for energy, endurance, and overall well-being.","robots":{"index":"index","follow":"follow","max-snippet":"max-snippet:-1","max-image-preview":"max-image-preview:large","max-video-preview":"max-video-preview:-1"},"canonical":"https:\/\/primalflow.eu\/es\/produkt\/cordyceps-capsules\/","og_locale":"es_ES","og_type":"article","og_title":"Cordyceps Capsules - Primal Flow","og_description":"Boost vitality and performance with Cordyceps Capsules, the ultimate vitality booster. Uncover its benefits for energy, endurance, and overall well-being.","og_url":"https:\/\/primalflow.eu\/es\/produkt\/cordyceps-capsules\/","og_site_name":"Primal Flow","article_modified_time":"2025-04-03T16:11:06+00:00","og_image":[{"width":1080,"height":1080,"url":"https:\/\/primalflow.eu\/wp-content\/uploads\/2024\/10\/Cordyceps-Primal-Flow.webp","type":"image\/webp"}],"twitter_card":"summary_large_image","twitter_misc":{"Tiempo de lectura":"2 minutos"},"schema":{"@context":"https:\/\/schema.org","@graph":[{"@type":"WebPage","@id":"https:\/\/primalflow.eu\/de\/produkt\/cordyceps-capsules\/","url":"https:\/\/primalflow.eu\/de\/produkt\/cordyceps-capsules\/","name":"Cordyceps Capsules - Primal Flow","isPartOf":{"@id":"https:\/\/primalflow.eu\/de\/#website"},"primaryImageOfPage":{"@id":"https:\/\/primalflow.eu\/de\/produkt\/cordyceps-capsules\/#primaryimage"},"image":{"@id":"https:\/\/primalflow.eu\/de\/produkt\/cordyceps-capsules\/#primaryimage"},"thumbnailUrl":"https:\/\/primalflow.eu\/wp-content\/uploads\/2024\/10\/Cordyceps-Primal-Flow.webp","datePublished":"2024-05-14T08:49:17+00:00","dateModified":"2025-04-03T16:11:06+00:00","description":"Boost vitality and performance with Cordyceps Capsules, the ultimate vitality booster. Uncover its benefits for energy, endurance, and overall well-being.","breadcrumb":{"@id":"https:\/\/primalflow.eu\/de\/produkt\/cordyceps-capsules\/#breadcrumb"},"inLanguage":"es","potentialAction":[{"@type":"ReadAction","target":["https:\/\/primalflow.eu\/de\/produkt\/cordyceps-capsules\/"]}]},{"@type":"ImageObject","inLanguage":"es","@id":"https:\/\/primalflow.eu\/de\/produkt\/cordyceps-capsules\/#primaryimage","url":"https:\/\/primalflow.eu\/wp-content\/uploads\/2024\/10\/Cordyceps-Primal-Flow.webp","contentUrl":"https:\/\/primalflow.eu\/wp-content\/uploads\/2024\/10\/Cordyceps-Primal-Flow.webp","width":1080,"height":1080},{"@type":"BreadcrumbList","@id":"https:\/\/primalflow.eu\/de\/produkt\/cordyceps-capsules\/#breadcrumb","itemListElement":[{"@type":"ListItem","position":1,"name":"Home","item":"https:\/\/primalflow.eu\/de\/"},{"@type":"ListItem","position":2,"name":"Produkte","item":"https:\/\/primalflow.eu\/de\/shop\/"},{"@type":"ListItem","position":3,"name":"Cordyceps Capsules"}]},{"@type":"WebSite","@id":"https:\/\/primalflow.eu\/de\/#website","url":"https:\/\/primalflow.eu\/de\/","name":"Primal Flow","description":"Fuel Your Flow with the Power of Mushrooms","publisher":{"@id":"https:\/\/primalflow.eu\/de\/#organization"},"potentialAction":[{"@type":"SearchAction","target":{"@type":"EntryPoint","urlTemplate":"https:\/\/primalflow.eu\/de\/?s={search_term_string}"},"query-input":{"@type":"PropertyValueSpecification","valueRequired":true,"valueName":"search_term_string"}}],"inLanguage":"es"},{"@type":"Organization","@id":"https:\/\/primalflow.eu\/de\/#organization","name":"Primal Flow","url":"https:\/\/primalflow.eu\/de\/","logo":{"@type":"ImageObject","inLanguage":"es","@id":"https:\/\/primalflow.eu\/de\/#\/schema\/logo\/image\/","url":"https:\/\/primalflow.eu\/wp-content\/uploads\/2024\/10\/Primal-B.V.-logo-4.svg","contentUrl":"https:\/\/primalflow.eu\/wp-content\/uploads\/2024\/10\/Primal-B.V.-logo-4.svg","width":50,"height":50,"caption":"Primal Flow"},"image":{"@id":"https:\/\/primalflow.eu\/de\/#\/schema\/logo\/image\/"}}]}},"jetpack_sharing_enabled":true,"_links":{"self":[{"href":"https:\/\/primalflow.eu\/es\/wp-json\/wp\/v2\/product\/258525","targetHints":{"allow":["GET"]}}],"collection":[{"href":"https:\/\/primalflow.eu\/es\/wp-json\/wp\/v2\/product"}],"about":[{"href":"https:\/\/primalflow.eu\/es\/wp-json\/wp\/v2\/types\/product"}],"replies":[{"embeddable":true,"href":"https:\/\/primalflow.eu\/es\/wp-json\/wp\/v2\/comments?post=258525"}],"wp:featuredmedia":[{"embeddable":true,"href":"https:\/\/primalflow.eu\/es\/wp-json\/wp\/v2\/media\/467509"}],"wp:attachment":[{"href":"https:\/\/primalflow.eu\/es\/wp-json\/wp\/v2\/media?parent=258525"}],"wp:term":[{"taxonomy":"product_brand","embeddable":true,"href":"https:\/\/primalflow.eu\/es\/wp-json\/wp\/v2\/product_brand?post=258525"},{"taxonomy":"product_cat","embeddable":true,"href":"https:\/\/primalflow.eu\/es\/wp-json\/wp\/v2\/product_cat?post=258525"},{"taxonomy":"product_tag","embeddable":true,"href":"https:\/\/primalflow.eu\/es\/wp-json\/wp\/v2\/product_tag?post=258525"}],"curies":[{"name":"wp","href":"https:\/\/api.w.org\/{rel}","templated":true}]}}