{"id":467492,"date":"2024-10-17T14:37:08","date_gmt":"2024-10-17T12:37:08","guid":{"rendered":"http:\/\/primalflow.eu\/?page_id=467492"},"modified":"2024-10-18T15:11:25","modified_gmt":"2024-10-18T13:11:25","slug":"return-policy","status":"publish","type":"page","link":"https:\/\/primalflow.eu\/es\/return-policy\/","title":{"rendered":"Pol\u00edtica de devoluciones"},"content":{"rendered":"<div data-elementor-type=\"wp-page\" data-elementor-id=\"467492\" class=\"elementor elementor-467492\" data-elementor-post-type=\"page\">\n\t\t\t\t\t\t<section class=\"elementor-section elementor-top-section elementor-element elementor-element-d457ae2 elementor-section-boxed elementor-section-height-default elementor-section-height-default\" data-id=\"d457ae2\" data-element_type=\"section\" data-e-type=\"section\">\n\t\t\t\t\t\t<div class=\"elementor-container elementor-column-gap-default\">\n\t\t\t\t\t<div class=\"elementor-column elementor-col-100 elementor-top-column elementor-element elementor-element-7dcee88\" data-id=\"7dcee88\" data-element_type=\"column\" data-e-type=\"column\">\n\t\t\t<div class=\"elementor-widget-wrap elementor-element-populated\">\n\t\t\t\t\t\t<div class=\"elementor-element elementor-element-892e2e3 elementor-widget elementor-widget-heading\" data-id=\"892e2e3\" data-element_type=\"widget\" data-e-type=\"widget\" data-widget_type=\"heading.default\">\n\t\t\t\t<div class=\"elementor-widget-container\">\n\t\t\t\t\t<h2 class=\"elementor-heading-title elementor-size-default\"><b>POL\u00cdTICA DE DEVOLUCI\u00d3N,Las c\u00e1psulas de suplemento adquiridas s\u00f3lo pueden devolverse si el precinto de pl\u00e1stico est\u00e1 intacto y el envase no ha sido abierto. El producto debe haber sido almacenado a temperatura ambiente, alejado de la luz solar directa y de contaminantes tales como productos de limpieza o productos qu\u00edmicos. Esto garantiza que la calidad y la seguridad de los suplementos permanezcan intactas.,Directrices adicionales para devoluciones:,Plazo de devoluci\u00f3n,Puede devolver los productos en un plazo de,14 d\u00edas,a partir de la recepci\u00f3n de su pedido. El envase debe permanecer sin abrir y el sello intacto para calificar para una devoluci\u00f3n.,Env\u00edo de devoluci\u00f3n,El cliente es responsable de los gastos de env\u00edo de devoluci\u00f3n a menos que el producto est\u00e9 da\u00f1ado o defectuoso. Recomendamos utilizar un servicio de env\u00edo con seguimiento para garantizar una devoluci\u00f3n segura.,Env\u00ede sus devoluciones a la siguiente direcci\u00f3n:,Kerkenbos 1063M,,6546 BB Nijmegen,,Pa\u00edses Bajos.,Para garantizar un proceso de devoluci\u00f3n sin problemas, incluya su n\u00famero de pedido y especifique qu\u00e9 producto(s) devuelve.,Proceso de reembolso,Una vez que recibamos e inspeccionemos el art\u00edculo devuelto, le notificaremos la aprobaci\u00f3n o rechazo de su reembolso. Los reembolsos aprobados se procesar\u00e1n en un plazo de 7 a 10 d\u00edas laborables y se efectuar\u00e1n mediante el m\u00e9todo de pago original. No se aceptar\u00e1n devoluciones si el precinto est\u00e1 roto o el paquete est\u00e1 abierto. Esto se debe a los requisitos de seguridad y control de calidad de los suplementos diet\u00e9ticos. Adem\u00e1s, los art\u00edculos devueltos despu\u00e9s de, 30 d\u00edas, a partir de la fecha de entrega no pueden ser reembolsados.,Nota:,Una vez que el,precinto de pl\u00e1stico se rompe,, ya no podemos garantizar la calidad o la seguridad del suplemento, y que,sea devuelto o reembolsado.,ir a productos <\/b>POLICY<\/h2>\t\t\t\t<\/div>\n\t\t\t\t<\/div>\n\t\t\t\t<div class=\"elementor-element elementor-element-8cd075b elementor-widget elementor-widget-text-editor\" data-id=\"8cd075b\" data-element_type=\"widget\" data-e-type=\"widget\" data-widget_type=\"text-editor.default\">\n\t\t\t\t<div class=\"elementor-widget-container\">\n\t\t\t\t\t\t\t\t\t<p>Purchased supplement capsules can only be returned if the <strong>plastic seal is intact<\/strong> and the packaging is <strong>unopened<\/strong>. The product must have been stored at <strong>room temperature<\/strong>, away from direct sunlight, and kept away from contaminants such as cleaning products or chemicals. This ensures the quality and safety of the supplements remain intact.<\/p><h4>\u00a0<\/h4><h4>Additional Return Guidelines:<\/h4><p>\u00a0<\/p><ol><li><p><strong>Return Period<\/strong><br \/>You can return products within <strong>14\u00a0days<\/strong> of receiving your order. The packaging must remain unopened and the seal intact to qualify for a return.<br \/><br \/><\/p><\/li><li><p><strong>Return Shipping<\/strong><br \/>The customer is responsible for return shipping costs unless the product is damaged or defective. We recommend using a trackable shipping service to ensure safe return.<\/p><p>Please send your returns to the following address:<\/p><p><strong>Kerkenbos 1063M,<br \/>6546 BB Nijmegen,<br \/>The Netherlands.<\/strong><\/p><p>To ensure a smooth return process, please include your order number and specify which product(s) you are returning.<\/p><p>\u00a0<\/p><\/li><li><p><strong>Refund Process<\/strong><br \/>Once we receive and inspect the returned item, we will notify you of the approval or rejection of your refund. Approved refunds will be processed within <strong>7-10 business days<\/strong> and will be issued to the original payment method.<br \/><br \/><\/p><\/li><li><p><strong>Non-Returnable Conditions<\/strong><br \/>We <strong>cannot<\/strong> accept returns if the <strong>seal is broken<\/strong> or the <strong>package is opened<\/strong>. This is due to safety and quality control requirements for dietary supplements. Additionally, items returned after <strong>30 days<\/strong> from the delivery date cannot be refunded.<br \/><br \/><\/p><\/li><\/ol><h4>Note:<\/h4><p>Once the <strong>plastic seal is broken<\/strong>, we can no longer guarantee the quality or safety of the supplement, and it <strong>cannot<\/strong> be returned or refunded.<\/p>\t\t\t\t\t\t\t\t<\/div>\n\t\t\t\t<\/div>\n\t\t\t\t\t<\/div>\n\t\t<\/div>\n\t\t\t\t\t<\/div>\n\t\t<\/section>\n\t\t\t\t<section class=\"elementor-section elementor-top-section elementor-element elementor-element-2493f13 elementor-section-boxed elementor-section-height-default elementor-section-height-default\" data-id=\"2493f13\" data-element_type=\"section\" data-e-type=\"section\">\n\t\t\t\t\t\t<div class=\"elementor-container elementor-column-gap-default\">\n\t\t\t\t\t<div class=\"elementor-column elementor-col-100 elementor-top-column elementor-element elementor-element-95a4179\" data-id=\"95a4179\" data-element_type=\"column\" data-e-type=\"column\">\n\t\t\t<div class=\"elementor-widget-wrap elementor-element-populated\">\n\t\t\t\t\t\t<div class=\"elementor-element elementor-element-35e8908 elementor-align-center elementor-widget elementor-widget-button\" data-id=\"35e8908\" data-element_type=\"widget\" data-e-type=\"widget\" data-widget_type=\"button.default\">\n\t\t\t\t<div class=\"elementor-widget-container\">\n\t\t\t\t\t\t\t\t\t<div class=\"elementor-button-wrapper\">\n\t\t\t\t\t<a class=\"elementor-button elementor-button-link elementor-size-sm\" href=\"\/es\/products\/\">\n\t\t\t\t\t\t<span class=\"elementor-button-content-wrapper\">\n\t\t\t\t\t\t\t\t\t<span class=\"elementor-button-text\">go to products<\/span>\n\t\t\t\t\t<\/span>\n\t\t\t\t\t<\/a>\n\t\t\t\t<\/div>\n\t\t\t\t\t\t\t\t<\/div>\n\t\t\t\t<\/div>\n\t\t\t\t\t<\/div>\n\t\t<\/div>\n\t\t\t\t\t<\/div>\n\t\t<\/section>\n\t\t\t\t<\/div>","protected":false},"excerpt":{"rendered":"<p>RETURN POLICY Purchased supplement capsules can only be returned if the plastic seal is intact and the packaging is unopened. The product must have been stored at room temperature, away from direct sunlight, and kept away from contaminants such as cleaning products or chemicals. This ensures the quality and safety of the supplements remain intact. [&hellip;]<\/p>","protected":false},"author":1,"featured_media":0,"parent":0,"menu_order":0,"comment_status":"closed","ping_status":"closed","template":"","meta":{"site-sidebar-layout":"no-sidebar","site-content-layout":"page-builder","ast-site-content-layout":"full-width-container","site-content-style":"default","site-sidebar-style":"default","ast-global-header-display":"","ast-banner-title-visibility":"","ast-main-header-display":"","ast-hfb-above-header-display":"","ast-hfb-below-header-display":"","ast-hfb-mobile-header-display":"","site-post-title":"disabled","ast-breadcrumbs-content":"","ast-featured-img":"disabled","footer-sml-layout":"","theme-transparent-header-meta":"disabled","adv-header-id-meta":"","stick-header-meta":"","header-above-stick-meta":"","header-main-stick-meta":"","header-below-stick-meta":"","astra-migrate-meta-layouts":"set","ast-page-background-enabled":"default","ast-page-background-meta":{"desktop":{"background-color":"","background-image":"","background-repeat":"repeat","background-position":"center center","background-size":"auto","background-attachment":"scroll","background-type":"","background-media":"","overlay-type":"","overlay-color":"","overlay-opacity":"","overlay-gradient":""},"tablet":{"background-color":"","background-image":"","background-repeat":"repeat","background-position":"center center","background-size":"auto","background-attachment":"scroll","background-type":"","background-media":"","overlay-type":"","overlay-color":"","overlay-opacity":"","overlay-gradient":""},"mobile":{"background-color":"","background-image":"","background-repeat":"repeat","background-position":"center center","background-size":"auto","background-attachment":"scroll","background-type":"","background-media":"","overlay-type":"","overlay-color":"","overlay-opacity":"","overlay-gradient":""}},"ast-content-background-meta":{"desktop":{"background-color":"var(--ast-global-color-5)","background-image":"","background-repeat":"repeat","background-position":"center center","background-size":"auto","background-attachment":"scroll","background-type":"","background-media":"","overlay-type":"","overlay-color":"","overlay-opacity":"","overlay-gradient":""},"tablet":{"background-color":"var(--ast-global-color-5)","background-image":"","background-repeat":"repeat","background-position":"center center","background-size":"auto","background-attachment":"scroll","background-type":"","background-media":"","overlay-type":"","overlay-color":"","overlay-opacity":"","overlay-gradient":""},"mobile":{"background-color":"var(--ast-global-color-5)","background-image":"","background-repeat":"repeat","background-position":"center center","background-size":"auto","background-attachment":"scroll","background-type":"","background-media":"","overlay-type":"","overlay-color":"","overlay-opacity":"","overlay-gradient":""}},"footnotes":""},"class_list":["post-467492","page","type-page","status-publish","hentry"],"yoast_head":"<!-- This site is optimized with the Yoast SEO plugin v27.6 - https:\/\/yoast.com\/product\/yoast-seo-wordpress\/ -->\n<title>Return Policy - Primal Flow<\/title>\n<meta name=\"robots\" content=\"index, follow, max-snippet:-1, max-image-preview:large, max-video-preview:-1\" \/>\n<link rel=\"canonical\" href=\"https:\/\/primalflow.eu\/es\/return-policy\/\" \/>\n<meta property=\"og:locale\" content=\"es_ES\" \/>\n<meta property=\"og:type\" content=\"article\" \/>\n<meta property=\"og:title\" content=\"Return Policy - Primal Flow\" \/>\n<meta property=\"og:description\" content=\"RETURN POLICY Purchased supplement capsules can only be returned if the plastic seal is intact and the packaging is unopened. The product must have been stored at room temperature, away from direct sunlight, and kept away from contaminants such as cleaning products or chemicals. This ensures the quality and safety of the supplements remain intact. [&hellip;]\" \/>\n<meta property=\"og:url\" content=\"https:\/\/primalflow.eu\/es\/return-policy\/\" \/>\n<meta property=\"og:site_name\" content=\"Primal Flow\" \/>\n<meta property=\"article:modified_time\" content=\"2024-10-18T13:11:25+00:00\" \/>\n<meta name=\"twitter:card\" content=\"summary_large_image\" \/>\n<meta name=\"twitter:label1\" content=\"Tiempo de lectura\" \/>\n\t<meta name=\"twitter:data1\" content=\"2 minutos\" \/>\n<script type=\"application\/ld+json\" class=\"yoast-schema-graph\">{\"@context\":\"https:\\\/\\\/schema.org\",\"@graph\":[{\"@type\":\"WebPage\",\"@id\":\"https:\\\/\\\/primalflow.eu\\\/nl\\\/return-policy\\\/\",\"url\":\"https:\\\/\\\/primalflow.eu\\\/nl\\\/return-policy\\\/\",\"name\":\"Return Policy - Primal Flow\",\"isPartOf\":{\"@id\":\"https:\\\/\\\/primalflow.eu\\\/de\\\/#website\"},\"datePublished\":\"2024-10-17T12:37:08+00:00\",\"dateModified\":\"2024-10-18T13:11:25+00:00\",\"breadcrumb\":{\"@id\":\"https:\\\/\\\/primalflow.eu\\\/nl\\\/return-policy\\\/#breadcrumb\"},\"inLanguage\":\"es\",\"potentialAction\":[{\"@type\":\"ReadAction\",\"target\":[\"https:\\\/\\\/primalflow.eu\\\/nl\\\/return-policy\\\/\"]}]},{\"@type\":\"BreadcrumbList\",\"@id\":\"https:\\\/\\\/primalflow.eu\\\/nl\\\/return-policy\\\/#breadcrumb\",\"itemListElement\":[{\"@type\":\"ListItem\",\"position\":1,\"name\":\"Home\",\"item\":\"https:\\\/\\\/primalflow.eu\\\/de\\\/\"},{\"@type\":\"ListItem\",\"position\":2,\"name\":\"Return Policy\"}]},{\"@type\":\"WebSite\",\"@id\":\"https:\\\/\\\/primalflow.eu\\\/de\\\/#website\",\"url\":\"https:\\\/\\\/primalflow.eu\\\/de\\\/\",\"name\":\"Primal Flow\",\"description\":\"Fuel Your Flow with the Power of Mushrooms\",\"publisher\":{\"@id\":\"https:\\\/\\\/primalflow.eu\\\/de\\\/#organization\"},\"potentialAction\":[{\"@type\":\"SearchAction\",\"target\":{\"@type\":\"EntryPoint\",\"urlTemplate\":\"https:\\\/\\\/primalflow.eu\\\/de\\\/?s={search_term_string}\"},\"query-input\":{\"@type\":\"PropertyValueSpecification\",\"valueRequired\":true,\"valueName\":\"search_term_string\"}}],\"inLanguage\":\"es\"},{\"@type\":\"Organization\",\"@id\":\"https:\\\/\\\/primalflow.eu\\\/de\\\/#organization\",\"name\":\"Primal Flow\",\"url\":\"https:\\\/\\\/primalflow.eu\\\/de\\\/\",\"logo\":{\"@type\":\"ImageObject\",\"inLanguage\":\"es\",\"@id\":\"https:\\\/\\\/primalflow.eu\\\/de\\\/#\\\/schema\\\/logo\\\/image\\\/\",\"url\":\"https:\\\/\\\/primalflow.eu\\\/wp-content\\\/uploads\\\/2024\\\/10\\\/Primal-B.V.-logo-4.svg\",\"contentUrl\":\"https:\\\/\\\/primalflow.eu\\\/wp-content\\\/uploads\\\/2024\\\/10\\\/Primal-B.V.-logo-4.svg\",\"width\":50,\"height\":50,\"caption\":\"Primal Flow\"},\"image\":{\"@id\":\"https:\\\/\\\/primalflow.eu\\\/de\\\/#\\\/schema\\\/logo\\\/image\\\/\"}}]}<\/script>\n<!-- \/ Yoast SEO plugin. -->","yoast_head_json":{"title":"Return Policy - Primal Flow","robots":{"index":"index","follow":"follow","max-snippet":"max-snippet:-1","max-image-preview":"max-image-preview:large","max-video-preview":"max-video-preview:-1"},"canonical":"https:\/\/primalflow.eu\/es\/return-policy\/","og_locale":"es_ES","og_type":"article","og_title":"Return Policy - Primal Flow","og_description":"RETURN POLICY Purchased supplement capsules can only be returned if the plastic seal is intact and the packaging is unopened. The product must have been stored at room temperature, away from direct sunlight, and kept away from contaminants such as cleaning products or chemicals. This ensures the quality and safety of the supplements remain intact. [&hellip;]","og_url":"https:\/\/primalflow.eu\/es\/return-policy\/","og_site_name":"Primal Flow","article_modified_time":"2024-10-18T13:11:25+00:00","twitter_card":"summary_large_image","twitter_misc":{"Tiempo de lectura":"2 minutos"},"schema":{"@context":"https:\/\/schema.org","@graph":[{"@type":"WebPage","@id":"https:\/\/primalflow.eu\/nl\/return-policy\/","url":"https:\/\/primalflow.eu\/nl\/return-policy\/","name":"Return Policy - Primal Flow","isPartOf":{"@id":"https:\/\/primalflow.eu\/de\/#website"},"datePublished":"2024-10-17T12:37:08+00:00","dateModified":"2024-10-18T13:11:25+00:00","breadcrumb":{"@id":"https:\/\/primalflow.eu\/nl\/return-policy\/#breadcrumb"},"inLanguage":"es","potentialAction":[{"@type":"ReadAction","target":["https:\/\/primalflow.eu\/nl\/return-policy\/"]}]},{"@type":"BreadcrumbList","@id":"https:\/\/primalflow.eu\/nl\/return-policy\/#breadcrumb","itemListElement":[{"@type":"ListItem","position":1,"name":"Home","item":"https:\/\/primalflow.eu\/de\/"},{"@type":"ListItem","position":2,"name":"Return Policy"}]},{"@type":"WebSite","@id":"https:\/\/primalflow.eu\/de\/#website","url":"https:\/\/primalflow.eu\/de\/","name":"Primal Flow","description":"Fuel Your Flow with the Power of Mushrooms","publisher":{"@id":"https:\/\/primalflow.eu\/de\/#organization"},"potentialAction":[{"@type":"SearchAction","target":{"@type":"EntryPoint","urlTemplate":"https:\/\/primalflow.eu\/de\/?s={search_term_string}"},"query-input":{"@type":"PropertyValueSpecification","valueRequired":true,"valueName":"search_term_string"}}],"inLanguage":"es"},{"@type":"Organization","@id":"https:\/\/primalflow.eu\/de\/#organization","name":"Primal Flow","url":"https:\/\/primalflow.eu\/de\/","logo":{"@type":"ImageObject","inLanguage":"es","@id":"https:\/\/primalflow.eu\/de\/#\/schema\/logo\/image\/","url":"https:\/\/primalflow.eu\/wp-content\/uploads\/2024\/10\/Primal-B.V.-logo-4.svg","contentUrl":"https:\/\/primalflow.eu\/wp-content\/uploads\/2024\/10\/Primal-B.V.-logo-4.svg","width":50,"height":50,"caption":"Primal Flow"},"image":{"@id":"https:\/\/primalflow.eu\/de\/#\/schema\/logo\/image\/"}}]}},"jetpack_sharing_enabled":true,"_links":{"self":[{"href":"https:\/\/primalflow.eu\/es\/wp-json\/wp\/v2\/pages\/467492","targetHints":{"allow":["GET"]}}],"collection":[{"href":"https:\/\/primalflow.eu\/es\/wp-json\/wp\/v2\/pages"}],"about":[{"href":"https:\/\/primalflow.eu\/es\/wp-json\/wp\/v2\/types\/page"}],"author":[{"embeddable":true,"href":"https:\/\/primalflow.eu\/es\/wp-json\/wp\/v2\/users\/1"}],"replies":[{"embeddable":true,"href":"https:\/\/primalflow.eu\/es\/wp-json\/wp\/v2\/comments?post=467492"}],"version-history":[{"count":0,"href":"https:\/\/primalflow.eu\/es\/wp-json\/wp\/v2\/pages\/467492\/revisions"}],"wp:attachment":[{"href":"https:\/\/primalflow.eu\/es\/wp-json\/wp\/v2\/media?parent=467492"}],"curies":[{"name":"wp","href":"https:\/\/api.w.org\/{rel}","templated":true}]}}