{"id":2187,"date":"2023-01-17T14:08:47","date_gmt":"2023-01-17T13:08:47","guid":{"rendered":"http:\/\/primalflow.eu\/?page_id=2187"},"modified":"2024-10-17T14:29:07","modified_gmt":"2024-10-17T12:29:07","slug":"terms-and-conditions","status":"publish","type":"page","link":"https:\/\/primalflow.eu\/es\/terms-and-conditions\/","title":{"rendered":"Condiciones generales"},"content":{"rendered":"<div data-elementor-type=\"wp-page\" data-elementor-id=\"2187\" class=\"elementor elementor-2187\" data-elementor-post-type=\"page\">\n\t\t\t\t\t\t<section class=\"elementor-section elementor-top-section elementor-element elementor-element-1f494f4 elementor-section-boxed elementor-section-height-default elementor-section-height-default\" data-id=\"1f494f4\" data-element_type=\"section\" data-e-type=\"section\">\n\t\t\t\t\t\t<div class=\"elementor-container elementor-column-gap-default\">\n\t\t\t\t\t<div class=\"elementor-column elementor-col-100 elementor-top-column elementor-element elementor-element-e868114\" data-id=\"e868114\" data-element_type=\"column\" data-e-type=\"column\">\n\t\t\t<div class=\"elementor-widget-wrap elementor-element-populated\">\n\t\t\t\t\t\t<div class=\"elementor-element elementor-element-d6cfa7 elementor-widget elementor-widget-heading\" data-id=\"d6cfa7\" data-element_type=\"widget\" data-e-type=\"widget\" data-widget_type=\"heading.default\">\n\t\t\t\t<div class=\"elementor-widget-container\">\n\t\t\t\t\t<h1 class=\"elementor-heading-title elementor-size-default\"><b>CONDICIONES<\/b> &amp; <b>CONDICIONES<\/b><\/h1>\t\t\t\t<\/div>\n\t\t\t\t<\/div>\n\t\t\t\t\t<\/div>\n\t\t<\/div>\n\t\t\t\t\t<\/div>\n\t\t<\/section>\n\t\t\t\t<section class=\"elementor-section elementor-top-section elementor-element elementor-element-3efcee8 elementor-section-boxed elementor-section-height-default elementor-section-height-default\" data-id=\"3efcee8\" data-element_type=\"section\" data-e-type=\"section\">\n\t\t\t\t\t\t<div class=\"elementor-container elementor-column-gap-default\">\n\t\t\t\t\t<div class=\"elementor-column elementor-col-100 elementor-top-column elementor-element elementor-element-f5521ed\" data-id=\"f5521ed\" data-element_type=\"column\" data-e-type=\"column\">\n\t\t\t<div class=\"elementor-widget-wrap elementor-element-populated\">\n\t\t\t\t\t\t<div class=\"elementor-element elementor-element-1ad4d95 elementor-widget elementor-widget-text-editor\" data-id=\"1ad4d95\" data-element_type=\"widget\" data-e-type=\"widget\" data-widget_type=\"text-editor.default\">\n\t\t\t\t<div class=\"elementor-widget-container\">\n\t\t\t\t\t\t\t\t\t<p><strong>Art\u00edculo 1 - Definiciones:<\/strong><\/p>\n<ol>\n<li>Empresario: la persona f\u00edsica o jur\u00eddica que ofrece productos, (acceso a) contenidos digitales y\/o servicios a los consumidores a distancia.<\/li>\n<li>Consumidor: la persona f\u00edsica que no act\u00faa con fines relacionados con su comercio, negocio, oficio o profesi\u00f3n.<\/li>\n<li>Contrato a distancia: acuerdo en el que, en el marco de un sistema organizado por el empresario para la venta a distancia de productos, contenidos digitales y\/o servicios, s\u00f3lo se utilizan una o varias t\u00e9cnicas de comunicaci\u00f3n hasta la celebraci\u00f3n del acuerdo inclusive.<\/li>\n<li>Periodo de reflexi\u00f3n: periodo durante el cual el consumidor puede ejercer su derecho de desistimiento.<\/li>\n<li>Derecho de desistimiento: opci\u00f3n del consumidor de no seguir adelante con el contrato a distancia dentro del periodo de reflexi\u00f3n.<\/li>\n<li>D\u00eda: d\u00eda natural.<\/li>\n<li>Soporte duradero: cualquier herramienta, incluido el correo electr\u00f3nico, que permita al consumidor o empresario almacenar informaci\u00f3n dirigida personalmente a \u00e9l de forma que facilite su futura consulta y la reproducci\u00f3n inalterada de la informaci\u00f3n almacenada.<\/li>\n<\/ol>\n<p><strong>Art\u00edculo 2 - Identidad del empresario:<\/strong> <br>Primal Flow<br>van Oldenbarneveltstraat 32<br>6512AX, Nimega<br>info@primalflow.eu<\/p>\n<p><strong>Art\u00edculo 3 - Aplicabilidad:<\/strong><\/p>\n<ol>\n<li>Estas Condiciones Generales se aplican a todas las ofertas del empresario y a todos los contratos a distancia celebrados entre el empresario y el consumidor.<\/li>\n<li>Antes de celebrar un contrato a distancia, se pondr\u00e1 a disposici\u00f3n del consumidor el texto de las presentes Condiciones Generales. Si ello no fuera razonablemente posible, el empresario indicar\u00e1, antes de la celebraci\u00f3n del contrato a distancia, c\u00f3mo pueden consultarse las Condiciones Generales en los locales del empresario y que se enviar\u00e1n gratuitamente al consumidor, lo antes posible, a petici\u00f3n de \u00e9ste.<\/li>\n<\/ol>\n<p><strong>Art\u00edculo 4 - La oferta:<\/strong><\/p>\n<ol>\n<li>Si una oferta tiene una duraci\u00f3n limitada o si se aplican determinadas condiciones, se indicar\u00e1 expl\u00edcitamente en la oferta.<\/li>\n<li>La oferta contiene una descripci\u00f3n completa y exacta de los productos, contenidos digitales y\/o servicios ofrecidos. La descripci\u00f3n es suficientemente detallada para permitir al consumidor hacer una evaluaci\u00f3n adecuada de la oferta.<\/li>\n<li>Cada oferta contiene informaci\u00f3n que deja claro al consumidor qu\u00e9 derechos y obligaciones conlleva la aceptaci\u00f3n de la oferta.<\/li>\n<\/ol>\n<p><strong>Art\u00edculo 5 - El Acuerdo:<\/strong><\/p>\n<ol>\n<li>El contrato se perfecciona, sin perjuicio de lo dispuesto en el apartado 4, en el momento en que el consumidor acepta la oferta y se cumplen las condiciones estipuladas en la misma.<\/li>\n<li>Si el consumidor ha aceptado la oferta por v\u00eda electr\u00f3nica, el empresario confirmar\u00e1 inmediatamente la recepci\u00f3n de la aceptaci\u00f3n electr\u00f3nica de la oferta. Mientras la recepci\u00f3n de esta aceptaci\u00f3n no haya sido confirmada por el empresario, el consumidor podr\u00e1 resolver el contrato.<\/li>\n<li>Si el acuerdo se crea electr\u00f3nicamente, el empresario tomar\u00e1 las medidas t\u00e9cnicas y organizativas apropiadas para asegurar la transmisi\u00f3n electr\u00f3nica de datos y garantizar\u00e1 un entorno web seguro. Si el consumidor puede pagar electr\u00f3nicamente, el empresario observar\u00e1 las medidas de seguridad adecuadas.<\/li>\n<li>El empresario puede, dentro de los l\u00edmites de la ley, informar si el consumidor puede hacer frente a sus obligaciones de pago, as\u00ed como todos aquellos hechos y factores que sean importantes para una conclusi\u00f3n responsable del contrato a distancia. Si, sobre la base de esta investigaci\u00f3n, el empresario tiene una buena raz\u00f3n para no celebrar el acuerdo, tiene derecho a rechazar un pedido o una solicitud o adjuntar condiciones especiales a la ejecuci\u00f3n.<\/li>\n<li>1. El empresario, a m\u00e1s tardar en el momento de la entrega del producto, servicio o contenido digital al consumidor, enviar\u00e1 la siguiente informaci\u00f3n por escrito o de forma que el consumidor pueda almacenarla de forma accesible en un soporte duradero: a. la direcci\u00f3n del establecimiento del empresario al que el consumidor puede dirigirse para presentar reclamaciones; b. las condiciones y la forma en que el consumidor puede ejercer el derecho de desistimiento, o una declaraci\u00f3n clara sobre la exclusi\u00f3n del derecho de desistimiento; c. la informaci\u00f3n sobre la garant\u00eda y el servicio posventa existente; d. el precio, incluidos todos los impuestos, del producto, servicio o contenido digital; en su caso, los costes de entrega; y la forma de pago, entrega o ejecuci\u00f3n del contrato. la informaci\u00f3n sobre la garant\u00eda y el servicio posventa existente; d. el precio, incluidos todos los impuestos, del producto, servicio o contenido digital; en su caso, los gastos de entrega; y la forma de pago, entrega o ejecuci\u00f3n del contrato a distancia; e. los requisitos para rescindir el contrato si \u00e9ste tiene una duraci\u00f3n superior a un a\u00f1o o es indefinido; f. si el consumidor tiene derecho de desistimiento, el modelo de formulario de desistimiento.<\/li>\n<li>En el caso de un contrato de duraci\u00f3n, la disposici\u00f3n del p\u00e1rrafo anterior s\u00f3lo se aplica a la primera entrega.<\/li>\n<\/ol>\n<p><strong>Art\u00edculo 6 - Exclusi\u00f3n del derecho de desistimiento:<\/strong> El comerciante puede excluir del derecho de desistimiento los siguientes productos y servicios, pero s\u00f3lo si ha indicado claramente este hecho al hacer la oferta, o al menos con tiempo suficiente antes de la celebraci\u00f3n del contrato:<\/p>\n<ol>\n<li>Productos o servicios cuyo precio est\u00e1 vinculado a fluctuaciones del mercado financiero sobre las que el empresario no tiene influencia y que pueden producirse dentro del periodo de desistimiento;<\/li>\n<li>Contratos celebrados durante una subasta p\u00fablica. Una subasta p\u00fablica se define como un m\u00e9todo de venta por el que los productos, contenidos digitales y\/o servicios son ofrecidos por el comerciante al consumidor que est\u00e1 presente en persona o tiene la oportunidad de estar presente en persona en la subasta, bajo la direcci\u00f3n de un subastador, y por el que el adjudicatario est\u00e1 obligado a comprar los productos, contenidos digitales y\/o servicios;<\/li>\n<li>Contratos de servicios, tras la ejecuci\u00f3n completa del servicio, pero s\u00f3lo si: a. la ejecuci\u00f3n ha comenzado con el consentimiento previo expl\u00edcito del consumidor; y b. el consumidor ha declarado que pierde su derecho de desistimiento en cuanto el empresario haya ejecutado completamente el contrato;<\/li>\n<li>Los viajes combinados contemplados en el art\u00edculo 7:500 del C\u00f3digo Civil y los contratos de transporte de pasajeros;<\/li>\n<li>Contratos de servicios para el suministro de alojamiento, si el contrato prev\u00e9 una fecha o un periodo de ejecuci\u00f3n espec\u00edficos y que no tengan fines residenciales, transporte de mercanc\u00edas, servicios de alquiler de veh\u00edculos y restauraci\u00f3n;<\/li>\n<li>Acuerdos relativos a actividades de ocio si el acuerdo prev\u00e9 una fecha o un periodo de ejecuci\u00f3n determinados;<\/li>\n<li>Productos hechos seg\u00fan las especificaciones del consumidor, que no son prefabricados y que se fabrican sobre la base de una elecci\u00f3n o decisi\u00f3n individual del consumidor, o que est\u00e1n claramente destinados a una persona concreta;<\/li>\n<li>Productos que se estropean r\u00e1pidamente o tienen una vida \u00fatil limitada;<\/li>\n<li>Productos precintados que no son aptos para su devoluci\u00f3n por razones de protecci\u00f3n de la salud o de higiene y cuyo precinto se ha roto despu\u00e9s de la entrega;<\/li>\n<li>Productos que tras su entrega, por su naturaleza, se mezclan irremediablemente con otros productos;<\/li>\n<li>Bebidas alcoh\u00f3licas cuyo precio se ha acordado al celebrar el contrato, pero cuya entrega s\u00f3lo puede tener lugar transcurridos 30 d\u00edas y cuyo valor real depende de las fluctuaciones del mercado sobre las que el empresario no tiene influencia;<\/li>\n<li>Grabaciones de audio, v\u00eddeo y programas inform\u00e1ticos precintados cuyo precinto se haya roto despu\u00e9s de la entrega;<\/li>\n<li>Peri\u00f3dicos, revistas o publicaciones peri\u00f3dicas, a excepci\u00f3n de las suscripciones a los mismos;<\/li>\n<li>La entrega de contenidos digitales que no est\u00e9n en un soporte tangible, pero s\u00f3lo si: a. la ejecuci\u00f3n ha comenzado con el consentimiento previo expreso del consumidor; y b. el consumidor ha declarado que pierde as\u00ed su derecho de desistimiento.<\/li><\/ol>\n<p><strong>Art\u00edculo 7 - Cumplimiento del Acuerdo y Garant\u00eda Adicional:<\/strong><\/p>\n<ol>\n<li>El empresario garantiza que los productos y\/o servicios cumplen el contrato, las especificaciones indicadas en la oferta, los requisitos razonables de fiabilidad y\/o utilidad, y en la fecha de celebraci\u00f3n del contrato las disposiciones legales y\/o normativas gubernamentales vigentes. Si as\u00ed se acuerda, el empresario tambi\u00e9n garantiza que el producto es adecuado para un uso distinto del normal.<\/li>\n<li>Una garant\u00eda adicional proporcionada por el empresario, su proveedor, fabricante o importador nunca limita los derechos legales y las reclamaciones que el consumidor en virtud del acuerdo puede hacer valer contra el empresario si \u00e9ste ha incumplido su parte del acuerdo.<\/li>\n<li>Por garant\u00eda adicional se entiende cualquier compromiso del empresario, su proveedor, importador o productor en el que concede al consumidor determinados derechos o reclamaciones que van m\u00e1s all\u00e1 de lo que est\u00e1 legalmente obligado a hacer en caso de que haya incumplido su parte del acuerdo.<\/li>\n<\/ol>\n<p><strong>Art\u00edculo 8 - Entrega y ejecuci\u00f3n:<\/strong><\/p>\n<ol>\n<li>El empresario pondr\u00e1 el mayor cuidado posible en la recepci\u00f3n y ejecuci\u00f3n de pedidos de productos y en la evaluaci\u00f3n de solicitudes de prestaci\u00f3n de servicios.<\/li>\n<li>El lugar de entrega es la direcci\u00f3n que el consumidor ha comunicado al empresario.<\/li>\n<li>Con la debida observancia de lo dispuesto en el art\u00edculo 4 de las presentes Condiciones Generales, el Empresario ejecutar\u00e1 los pedidos aceptados con la rapidez conveniente, pero como m\u00ednimo en un plazo de 30 d\u00edas, a menos que se haya acordado un plazo de entrega diferente. Si la entrega se ha retrasado, o si un pedido no puede cumplimentarse o s\u00f3lo puede cumplimentarse parcialmente, el consumidor ser\u00e1 informado de ello en un plazo de 30 d\u00edas despu\u00e9s de haber realizado el pedido. En ese caso, el consumidor tiene derecho a rescindir el contrato sin penalizaci\u00f3n alguna y derecho a cualquier indemnizaci\u00f3n.<\/li>\n<li>Tras la disoluci\u00f3n conforme al p\u00e1rrafo anterior, el empresario reembolsar\u00e1 al consumidor el importe abonado sin demora.<\/li>\n<li>El riesgo de da\u00f1o y\/o p\u00e9rdida de los productos recae en el empresario hasta el momento de la entrega al consumidor o a un representante previamente designado y acordado, salvo pacto expreso en contrario.<\/li>\n<\/ol>\n<p>En caso de incoherencia entre la versi\u00f3n inglesa y las dem\u00e1s versiones, prevalecer\u00e1 la versi\u00f3n inglesa. Primal Flow se reserva el derecho a modificar las presentes Condiciones Generales. Se aconseja al consumidor que consulte peri\u00f3dicamente los t\u00e9rminos y condiciones para detectar posibles cambios.<\/p>\t\t\t\t\t\t\t\t<\/div>\n\t\t\t\t<\/div>\n\t\t\t\t\t<\/div>\n\t\t<\/div>\n\t\t\t\t\t<\/div>\n\t\t<\/section>\n\t\t\t\t<section class=\"elementor-section elementor-top-section elementor-element elementor-element-f59577a elementor-section-boxed elementor-section-height-default elementor-section-height-default\" data-id=\"f59577a\" data-element_type=\"section\" data-e-type=\"section\">\n\t\t\t\t\t\t<div class=\"elementor-container elementor-column-gap-default\">\n\t\t\t\t\t<div class=\"elementor-column elementor-col-100 elementor-top-column elementor-element elementor-element-9c67fd3\" data-id=\"9c67fd3\" data-element_type=\"column\" data-e-type=\"column\">\n\t\t\t<div class=\"elementor-widget-wrap elementor-element-populated\">\n\t\t\t\t\t\t<div class=\"elementor-element elementor-element-76404e9 elementor-align-center elementor-widget elementor-widget-button\" data-id=\"76404e9\" data-element_type=\"widget\" data-e-type=\"widget\" data-widget_type=\"button.default\">\n\t\t\t\t<div class=\"elementor-widget-container\">\n\t\t\t\t\t\t\t\t\t<div class=\"elementor-button-wrapper\">\n\t\t\t\t\t<a class=\"elementor-button elementor-button-link elementor-size-sm\" href=\"\/es\/products\/\">\n\t\t\t\t\t\t<span class=\"elementor-button-content-wrapper\">\n\t\t\t\t\t\t\t\t\t<span class=\"elementor-button-text\">Ir a rpoductos<\/span>\n\t\t\t\t\t<\/span>\n\t\t\t\t\t<\/a>\n\t\t\t\t<\/div>\n\t\t\t\t\t\t\t\t<\/div>\n\t\t\t\t<\/div>\n\t\t\t\t\t<\/div>\n\t\t<\/div>\n\t\t\t\t\t<\/div>\n\t\t<\/section>\n\t\t\t\t<\/div>","protected":false},"excerpt":{"rendered":"<p>TERMS &amp; CONDITIONS Article 1 &#8211; Definitions: Entrepreneur: the natural or legal person who offers products, (access to) digital content, and\/or services to consumers at a distance. Consumer: the natural person who does not act for purposes related to their trade, business, craft, or profession. Distance Contract: an agreement where, within the framework of a [&hellip;]<\/p>","protected":false},"author":1,"featured_media":0,"parent":0,"menu_order":0,"comment_status":"closed","ping_status":"closed","template":"","meta":{"site-sidebar-layout":"no-sidebar","site-content-layout":"page-builder","ast-site-content-layout":"full-width-container","site-content-style":"unboxed","site-sidebar-style":"unboxed","ast-global-header-display":"","ast-banner-title-visibility":"","ast-main-header-display":"","ast-hfb-above-header-display":"","ast-hfb-below-header-display":"","ast-hfb-mobile-header-display":"","site-post-title":"disabled","ast-breadcrumbs-content":"","ast-featured-img":"disabled","footer-sml-layout":"","theme-transparent-header-meta":"disabled","adv-header-id-meta":"","stick-header-meta":"","header-above-stick-meta":"","header-main-stick-meta":"","header-below-stick-meta":"","astra-migrate-meta-layouts":"set","ast-page-background-enabled":"default","ast-page-background-meta":{"desktop":{"background-color":"","background-image":"","background-repeat":"repeat","background-position":"center center","background-size":"auto","background-attachment":"scroll","background-type":"","background-media":"","overlay-type":"","overlay-color":"","overlay-opacity":"","overlay-gradient":""},"tablet":{"background-color":"","background-image":"","background-repeat":"repeat","background-position":"center center","background-size":"auto","background-attachment":"scroll","background-type":"","background-media":"","overlay-type":"","overlay-color":"","overlay-opacity":"","overlay-gradient":""},"mobile":{"background-color":"","background-image":"","background-repeat":"repeat","background-position":"center center","background-size":"auto","background-attachment":"scroll","background-type":"","background-media":"","overlay-type":"","overlay-color":"","overlay-opacity":"","overlay-gradient":""}},"ast-content-background-meta":{"desktop":{"background-color":"var(--ast-global-color-5)","background-image":"","background-repeat":"repeat","background-position":"center center","background-size":"auto","background-attachment":"scroll","background-type":"","background-media":"","overlay-type":"","overlay-color":"","overlay-opacity":"","overlay-gradient":""},"tablet":{"background-color":"var(--ast-global-color-5)","background-image":"","background-repeat":"repeat","background-position":"center center","background-size":"auto","background-attachment":"scroll","background-type":"","background-media":"","overlay-type":"","overlay-color":"","overlay-opacity":"","overlay-gradient":""},"mobile":{"background-color":"var(--ast-global-color-5)","background-image":"","background-repeat":"repeat","background-position":"center center","background-size":"auto","background-attachment":"scroll","background-type":"","background-media":"","overlay-type":"","overlay-color":"","overlay-opacity":"","overlay-gradient":""}},"footnotes":""},"class_list":["post-2187","page","type-page","status-publish","hentry"],"yoast_head":"<!-- This site is optimized with the Yoast SEO plugin v27.6 - https:\/\/yoast.com\/product\/yoast-seo-wordpress\/ -->\n<title>Terms and Conditions - Primal Flow<\/title>\n<meta name=\"description\" content=\"Review Primal Flow&#039;s terms and conditions. Understand the policies regarding your purchases and your rights as a customer.\" \/>\n<meta name=\"robots\" content=\"index, follow, max-snippet:-1, max-image-preview:large, max-video-preview:-1\" \/>\n<link rel=\"canonical\" href=\"https:\/\/primalflow.eu\/es\/terms-and-conditions\/\" \/>\n<meta property=\"og:locale\" content=\"es_ES\" \/>\n<meta property=\"og:type\" content=\"article\" \/>\n<meta property=\"og:title\" content=\"Terms and Conditions - Primal Flow\" \/>\n<meta property=\"og:description\" content=\"Review Primal Flow&#039;s terms and conditions. Understand the policies regarding your purchases and your rights as a customer.\" \/>\n<meta property=\"og:url\" content=\"https:\/\/primalflow.eu\/es\/terms-and-conditions\/\" \/>\n<meta property=\"og:site_name\" content=\"Primal Flow\" \/>\n<meta property=\"article:modified_time\" content=\"2024-10-17T12:29:07+00:00\" \/>\n<meta name=\"twitter:card\" content=\"summary_large_image\" \/>\n<meta name=\"twitter:label1\" content=\"Tiempo de lectura\" \/>\n\t<meta name=\"twitter:data1\" content=\"7 minutos\" \/>\n<script type=\"application\/ld+json\" class=\"yoast-schema-graph\">{\"@context\":\"https:\\\/\\\/schema.org\",\"@graph\":[{\"@type\":\"WebPage\",\"@id\":\"https:\\\/\\\/primalflow.eu\\\/terms-and-conditions\\\/\",\"url\":\"https:\\\/\\\/primalflow.eu\\\/terms-and-conditions\\\/\",\"name\":\"Terms and Conditions - Primal Flow\",\"isPartOf\":{\"@id\":\"https:\\\/\\\/primalflow.eu\\\/de\\\/#website\"},\"datePublished\":\"2023-01-17T13:08:47+00:00\",\"dateModified\":\"2024-10-17T12:29:07+00:00\",\"description\":\"Review Primal Flow's terms and conditions. Understand the policies regarding your purchases and your rights as a customer.\",\"breadcrumb\":{\"@id\":\"https:\\\/\\\/primalflow.eu\\\/terms-and-conditions\\\/#breadcrumb\"},\"inLanguage\":\"es\",\"potentialAction\":[{\"@type\":\"ReadAction\",\"target\":[\"https:\\\/\\\/primalflow.eu\\\/terms-and-conditions\\\/\"]}]},{\"@type\":\"BreadcrumbList\",\"@id\":\"https:\\\/\\\/primalflow.eu\\\/terms-and-conditions\\\/#breadcrumb\",\"itemListElement\":[{\"@type\":\"ListItem\",\"position\":1,\"name\":\"Home\",\"item\":\"https:\\\/\\\/primalflow.eu\\\/de\\\/\"},{\"@type\":\"ListItem\",\"position\":2,\"name\":\"Terms and Conditions\"}]},{\"@type\":\"WebSite\",\"@id\":\"https:\\\/\\\/primalflow.eu\\\/de\\\/#website\",\"url\":\"https:\\\/\\\/primalflow.eu\\\/de\\\/\",\"name\":\"Primal Flow\",\"description\":\"Fuel Your Flow with the Power of Mushrooms\",\"publisher\":{\"@id\":\"https:\\\/\\\/primalflow.eu\\\/de\\\/#organization\"},\"potentialAction\":[{\"@type\":\"SearchAction\",\"target\":{\"@type\":\"EntryPoint\",\"urlTemplate\":\"https:\\\/\\\/primalflow.eu\\\/de\\\/?s={search_term_string}\"},\"query-input\":{\"@type\":\"PropertyValueSpecification\",\"valueRequired\":true,\"valueName\":\"search_term_string\"}}],\"inLanguage\":\"es\"},{\"@type\":\"Organization\",\"@id\":\"https:\\\/\\\/primalflow.eu\\\/de\\\/#organization\",\"name\":\"Primal Flow\",\"url\":\"https:\\\/\\\/primalflow.eu\\\/de\\\/\",\"logo\":{\"@type\":\"ImageObject\",\"inLanguage\":\"es\",\"@id\":\"https:\\\/\\\/primalflow.eu\\\/de\\\/#\\\/schema\\\/logo\\\/image\\\/\",\"url\":\"https:\\\/\\\/primalflow.eu\\\/wp-content\\\/uploads\\\/2024\\\/10\\\/Primal-B.V.-logo-4.svg\",\"contentUrl\":\"https:\\\/\\\/primalflow.eu\\\/wp-content\\\/uploads\\\/2024\\\/10\\\/Primal-B.V.-logo-4.svg\",\"width\":50,\"height\":50,\"caption\":\"Primal Flow\"},\"image\":{\"@id\":\"https:\\\/\\\/primalflow.eu\\\/de\\\/#\\\/schema\\\/logo\\\/image\\\/\"}}]}<\/script>\n<!-- \/ Yoast SEO plugin. -->","yoast_head_json":{"title":"Terms and Conditions - Primal Flow","description":"Review Primal Flow's terms and conditions. Understand the policies regarding your purchases and your rights as a customer.","robots":{"index":"index","follow":"follow","max-snippet":"max-snippet:-1","max-image-preview":"max-image-preview:large","max-video-preview":"max-video-preview:-1"},"canonical":"https:\/\/primalflow.eu\/es\/terms-and-conditions\/","og_locale":"es_ES","og_type":"article","og_title":"Terms and Conditions - Primal Flow","og_description":"Review Primal Flow's terms and conditions. Understand the policies regarding your purchases and your rights as a customer.","og_url":"https:\/\/primalflow.eu\/es\/terms-and-conditions\/","og_site_name":"Primal Flow","article_modified_time":"2024-10-17T12:29:07+00:00","twitter_card":"summary_large_image","twitter_misc":{"Tiempo de lectura":"7 minutos"},"schema":{"@context":"https:\/\/schema.org","@graph":[{"@type":"WebPage","@id":"https:\/\/primalflow.eu\/terms-and-conditions\/","url":"https:\/\/primalflow.eu\/terms-and-conditions\/","name":"Terms and Conditions - Primal Flow","isPartOf":{"@id":"https:\/\/primalflow.eu\/de\/#website"},"datePublished":"2023-01-17T13:08:47+00:00","dateModified":"2024-10-17T12:29:07+00:00","description":"Review Primal Flow's terms and conditions. Understand the policies regarding your purchases and your rights as a customer.","breadcrumb":{"@id":"https:\/\/primalflow.eu\/terms-and-conditions\/#breadcrumb"},"inLanguage":"es","potentialAction":[{"@type":"ReadAction","target":["https:\/\/primalflow.eu\/terms-and-conditions\/"]}]},{"@type":"BreadcrumbList","@id":"https:\/\/primalflow.eu\/terms-and-conditions\/#breadcrumb","itemListElement":[{"@type":"ListItem","position":1,"name":"Home","item":"https:\/\/primalflow.eu\/de\/"},{"@type":"ListItem","position":2,"name":"Terms and Conditions"}]},{"@type":"WebSite","@id":"https:\/\/primalflow.eu\/de\/#website","url":"https:\/\/primalflow.eu\/de\/","name":"Primal Flow","description":"Fuel Your Flow with the Power of Mushrooms","publisher":{"@id":"https:\/\/primalflow.eu\/de\/#organization"},"potentialAction":[{"@type":"SearchAction","target":{"@type":"EntryPoint","urlTemplate":"https:\/\/primalflow.eu\/de\/?s={search_term_string}"},"query-input":{"@type":"PropertyValueSpecification","valueRequired":true,"valueName":"search_term_string"}}],"inLanguage":"es"},{"@type":"Organization","@id":"https:\/\/primalflow.eu\/de\/#organization","name":"Primal Flow","url":"https:\/\/primalflow.eu\/de\/","logo":{"@type":"ImageObject","inLanguage":"es","@id":"https:\/\/primalflow.eu\/de\/#\/schema\/logo\/image\/","url":"https:\/\/primalflow.eu\/wp-content\/uploads\/2024\/10\/Primal-B.V.-logo-4.svg","contentUrl":"https:\/\/primalflow.eu\/wp-content\/uploads\/2024\/10\/Primal-B.V.-logo-4.svg","width":50,"height":50,"caption":"Primal Flow"},"image":{"@id":"https:\/\/primalflow.eu\/de\/#\/schema\/logo\/image\/"}}]}},"jetpack_sharing_enabled":true,"_links":{"self":[{"href":"https:\/\/primalflow.eu\/es\/wp-json\/wp\/v2\/pages\/2187","targetHints":{"allow":["GET"]}}],"collection":[{"href":"https:\/\/primalflow.eu\/es\/wp-json\/wp\/v2\/pages"}],"about":[{"href":"https:\/\/primalflow.eu\/es\/wp-json\/wp\/v2\/types\/page"}],"author":[{"embeddable":true,"href":"https:\/\/primalflow.eu\/es\/wp-json\/wp\/v2\/users\/1"}],"replies":[{"embeddable":true,"href":"https:\/\/primalflow.eu\/es\/wp-json\/wp\/v2\/comments?post=2187"}],"version-history":[{"count":0,"href":"https:\/\/primalflow.eu\/es\/wp-json\/wp\/v2\/pages\/2187\/revisions"}],"wp:attachment":[{"href":"https:\/\/primalflow.eu\/es\/wp-json\/wp\/v2\/media?parent=2187"}],"curies":[{"name":"wp","href":"https:\/\/api.w.org\/{rel}","templated":true}]}}