{"id":461818,"date":"2024-10-09T15:05:08","date_gmt":"2024-10-09T13:05:08","guid":{"rendered":"http:\/\/primalflow.eu\/?post_type=product&#038;p=461818"},"modified":"2025-04-03T18:09:35","modified_gmt":"2025-04-03T16:09:35","slug":"chaga-capsules","status":"publish","type":"product","link":"https:\/\/primalflow.eu\/de\/produkt\/chaga-capsules\/","title":{"rendered":"Chaga-Kapseln"},"content":{"rendered":"<h1>Chaga: Der K\u00f6nig der Pilze<\/h1>\n<p>Entdecken Sie den Chaga, einen kraftvollen Pilz, der auf Birken in kalten Regionen wie Russland, Sibirien und Nordkanada w\u00e4chst. Seit Jahrhunderten wird der Chaga-Pilz wegen seiner beeindruckenden gesundheitlichen Vorteile gesch\u00e4tzt und gilt heute als eines der wirksamsten Nahrungserg\u00e4nzungsmittel der Natur.<\/p>\n<p><strong>Ein verborgenes Juwel der Natur<\/strong><\/p>\n<p>Auf den ersten Blick mag der Chaga wie ein verkohlter, schroffer Klumpen an einem Baum aussehen. Aber im Inneren ist er eine Fundgrube an N\u00e4hrstoffen und bioaktiven Verbindungen, die ihn zu einem begehrten Naturheilmittel machen.<\/p>\n<p>&nbsp;<\/p>\n<p>&nbsp;<\/p>\n<h3><\/h3>\n<h3 class=\"LC20lb MBeuO DKV0Md\">\ud83d\udee1\ufe0f | Ihr Immunsystem st\u00e4rken<\/h3>\n<p>Chaga ist vor allem daf\u00fcr bekannt, dass er hilft <strong>Ihr Immunsystem unterst\u00fctzen<\/strong>. Es enth\u00e4lt <strong>Beta-Glucane<\/strong>die die nat\u00fcrlichen Abwehrkr\u00e4fte des K\u00f6rpers st\u00e4rken, indem sie die Aktivit\u00e4t der wei\u00dfen Blutk\u00f6rperchen - dem Schutzschild des K\u00f6rpers gegen Infektionen - erh\u00f6hen. Dies hilft Ihrem Immunsystem, stark und ausgeglichen zu bleiben, so dass Sie Krankheiten besser abwehren und gesund bleiben k\u00f6nnen.<\/p>\n<p>Wenn Sie h\u00e4ufig erk\u00e4ltet sind, mit Stress zu k\u00e4mpfen haben oder sich einfach st\u00e4rker und energiegeladener f\u00fchlen wollen, kann Chaga eine gro\u00dfartige Erg\u00e4nzung Ihrer t\u00e4glichen Routine sein.<\/p>\n<p>&nbsp;<\/p>\n<p>&nbsp;<\/p>\n<h3><strong>Wer sollte Chaga verwenden?<\/strong><\/h3>\n<p>Chaga ist perfekt f\u00fcr:<\/p>\n<ul>\n<li><strong>Alle, die ihr Immunsystem st\u00e4rken wollen<\/strong>vor allem w\u00e4hrend der Erk\u00e4ltungs- und Grippezeit.<\/li>\n<li><strong>Menschen mit einem arbeitsreichen oder stressigen Leben<\/strong>. Chaga hilft gegen M\u00fcdigkeit und unterst\u00fctzt das allgemeine Wohlbefinden.<\/li>\n<li><strong>Diejenigen, die auf nat\u00fcrliche Weise gesund bleiben wollen<\/strong>. Chaga ist eine einfache, nat\u00fcrliche Erg\u00e4nzung zur t\u00e4glichen Unterst\u00fctzung der Gesundheit.<\/li>\n<\/ul>\n<h3><\/h3>\n<p>&nbsp;<\/p>\n<p>&nbsp;<\/p>\n<h3><\/h3>\n<h3>Probieren Sie Chaga noch heute!<\/h3>\n<p>Sind Sie bereit, Ihr Immunsystem zu st\u00e4rken und sich ges\u00fcnder zu f\u00fchlen? Bestellen Sie noch heute Ihre Chaga-Kapseln und genie\u00dfen Sie die nat\u00fcrlichen Vorteile dieses erstaunlichen Pilzes!<\/p>\n<p>&nbsp;<\/p>\n<p>&nbsp;<\/p>","protected":false},"excerpt":{"rendered":"<p>\u2705 Reich an Antioxidantien<br \/>\n\u2705 Unterst\u00fctzt eine gesunde Verdauung<br \/>\n\u2705 F\u00f6rdert die Gesundheit der Haut<br \/>\n\u2705 90 Kapseln pro Beutel <em>(30-45 Tage Vorrat)<\/em><\/p>\n<p>Entdecken Sie die kraftvollen Vorteile unserer 100% Bio-Kapseln, die aus reinem Chaga-Extrakt hergestellt werden.<em><br \/>\n<\/em><\/p>","protected":false},"featured_media":467907,"comment_status":"open","ping_status":"closed","template":"","meta":{"site-sidebar-layout":"default","site-content-layout":"default","ast-site-content-layout":"default","site-content-style":"default","site-sidebar-style":"default","ast-global-header-display":"","ast-banner-title-visibility":"","ast-main-header-display":"","ast-hfb-above-header-display":"","ast-hfb-below-header-display":"","ast-hfb-mobile-header-display":"","site-post-title":"","ast-breadcrumbs-content":"","ast-featured-img":"","footer-sml-layout":"","theme-transparent-header-meta":"default","adv-header-id-meta":"","stick-header-meta":"","header-above-stick-meta":"","header-main-stick-meta":"","header-below-stick-meta":"","astra-migrate-meta-layouts":"set","ast-page-background-enabled":"default","ast-page-background-meta":{"desktop":{"background-color":"","background-image":"","background-repeat":"repeat","background-position":"center center","background-size":"auto","background-attachment":"scroll","background-type":"","background-media":"","overlay-type":"","overlay-color":"","overlay-opacity":"","overlay-gradient":""},"tablet":{"background-color":"","background-image":"","background-repeat":"repeat","background-position":"center center","background-size":"auto","background-attachment":"scroll","background-type":"","background-media":"","overlay-type":"","overlay-color":"","overlay-opacity":"","overlay-gradient":""},"mobile":{"background-color":"","background-image":"","background-repeat":"repeat","background-position":"center center","background-size":"auto","background-attachment":"scroll","background-type":"","background-media":"","overlay-type":"","overlay-color":"","overlay-opacity":"","overlay-gradient":""}},"ast-content-background-meta":{"desktop":{"background-color":"var(--ast-global-color-5)","background-image":"","background-repeat":"repeat","background-position":"center center","background-size":"auto","background-attachment":"scroll","background-type":"","background-media":"","overlay-type":"","overlay-color":"","overlay-opacity":"","overlay-gradient":""},"tablet":{"background-color":"var(--ast-global-color-5)","background-image":"","background-repeat":"repeat","background-position":"center center","background-size":"auto","background-attachment":"scroll","background-type":"","background-media":"","overlay-type":"","overlay-color":"","overlay-opacity":"","overlay-gradient":""},"mobile":{"background-color":"var(--ast-global-color-5)","background-image":"","background-repeat":"repeat","background-position":"center center","background-size":"auto","background-attachment":"scroll","background-type":"","background-media":"","overlay-type":"","overlay-color":"","overlay-opacity":"","overlay-gradient":""}}},"product_brand":[],"product_cat":[15],"product_tag":[],"class_list":{"0":"post-461818","1":"product","2":"type-product","3":"status-publish","4":"has-post-thumbnail","6":"product_cat-uncategorized","7":"product_shipping_class-brievenbus-pakje","8":"desktop-align-center","9":"tablet-align-left","10":"mobile-align-left","12":"first","13":"instock","14":"taxable","15":"shipping-taxable","16":"purchasable","17":"product-type-simple"},"yoast_head":"<!-- This site is optimized with the Yoast SEO plugin v27.6 - https:\/\/yoast.com\/product\/yoast-seo-wordpress\/ -->\n<title>Chaga Capsules - Primal Flow<\/title>\n<meta name=\"description\" content=\"Chaga Capsules, your natural defense booster. Discover their benefits for immune support, stress relief, and healthy digestion.\" \/>\n<meta name=\"robots\" content=\"index, follow, max-snippet:-1, max-image-preview:large, max-video-preview:-1\" \/>\n<link rel=\"canonical\" href=\"https:\/\/primalflow.eu\/de\/produkt\/chaga-capsules\/\" \/>\n<meta property=\"og:locale\" content=\"de_DE\" \/>\n<meta property=\"og:type\" content=\"article\" \/>\n<meta property=\"og:title\" content=\"Chaga Capsules - Primal Flow\" \/>\n<meta property=\"og:description\" content=\"Chaga Capsules, your natural defense booster. Discover their benefits for immune support, stress relief, and healthy digestion.\" \/>\n<meta property=\"og:url\" content=\"https:\/\/primalflow.eu\/de\/produkt\/chaga-capsules\/\" \/>\n<meta property=\"og:site_name\" content=\"Primal Flow\" \/>\n<meta property=\"article:modified_time\" content=\"2025-04-03T16:09:35+00:00\" \/>\n<meta property=\"og:image\" content=\"https:\/\/primalflow.eu\/wp-content\/uploads\/2025\/03\/Primal-Flow-4.webp\" \/>\n\t<meta property=\"og:image:width\" content=\"1080\" \/>\n\t<meta property=\"og:image:height\" content=\"1080\" \/>\n\t<meta property=\"og:image:type\" content=\"image\/webp\" \/>\n<meta name=\"twitter:card\" content=\"summary_large_image\" \/>\n<meta name=\"twitter:label1\" content=\"Gesch\u00e4tzte Lesezeit\" \/>\n\t<meta name=\"twitter:data1\" content=\"2\u00a0Minuten\" \/>\n<script type=\"application\/ld+json\" class=\"yoast-schema-graph\">{\"@context\":\"https:\\\/\\\/schema.org\",\"@graph\":[{\"@type\":\"WebPage\",\"@id\":\"https:\\\/\\\/primalflow.eu\\\/product\\\/chaga-capsules\\\/\",\"url\":\"https:\\\/\\\/primalflow.eu\\\/product\\\/chaga-capsules\\\/\",\"name\":\"Chaga Capsules - Primal Flow\",\"isPartOf\":{\"@id\":\"https:\\\/\\\/primalflow.eu\\\/de\\\/#website\"},\"primaryImageOfPage\":{\"@id\":\"https:\\\/\\\/primalflow.eu\\\/product\\\/chaga-capsules\\\/#primaryimage\"},\"image\":{\"@id\":\"https:\\\/\\\/primalflow.eu\\\/product\\\/chaga-capsules\\\/#primaryimage\"},\"thumbnailUrl\":\"https:\\\/\\\/primalflow.eu\\\/wp-content\\\/uploads\\\/2025\\\/03\\\/Primal-Flow-4.webp\",\"datePublished\":\"2024-10-09T13:05:08+00:00\",\"dateModified\":\"2025-04-03T16:09:35+00:00\",\"description\":\"Chaga Capsules, your natural defense booster. Discover their benefits for immune support, stress relief, and healthy digestion.\",\"breadcrumb\":{\"@id\":\"https:\\\/\\\/primalflow.eu\\\/product\\\/chaga-capsules\\\/#breadcrumb\"},\"inLanguage\":\"de\",\"potentialAction\":[{\"@type\":\"ReadAction\",\"target\":[\"https:\\\/\\\/primalflow.eu\\\/product\\\/chaga-capsules\\\/\"]}]},{\"@type\":\"ImageObject\",\"inLanguage\":\"de\",\"@id\":\"https:\\\/\\\/primalflow.eu\\\/product\\\/chaga-capsules\\\/#primaryimage\",\"url\":\"https:\\\/\\\/primalflow.eu\\\/wp-content\\\/uploads\\\/2025\\\/03\\\/Primal-Flow-4.webp\",\"contentUrl\":\"https:\\\/\\\/primalflow.eu\\\/wp-content\\\/uploads\\\/2025\\\/03\\\/Primal-Flow-4.webp\",\"width\":1080,\"height\":1080},{\"@type\":\"BreadcrumbList\",\"@id\":\"https:\\\/\\\/primalflow.eu\\\/product\\\/chaga-capsules\\\/#breadcrumb\",\"itemListElement\":[{\"@type\":\"ListItem\",\"position\":1,\"name\":\"Home\",\"item\":\"https:\\\/\\\/primalflow.eu\\\/de\\\/\"},{\"@type\":\"ListItem\",\"position\":2,\"name\":\"Produkte\",\"item\":\"https:\\\/\\\/primalflow.eu\\\/de\\\/shop\\\/\"},{\"@type\":\"ListItem\",\"position\":3,\"name\":\"Chaga Capsules\"}]},{\"@type\":\"WebSite\",\"@id\":\"https:\\\/\\\/primalflow.eu\\\/de\\\/#website\",\"url\":\"https:\\\/\\\/primalflow.eu\\\/de\\\/\",\"name\":\"Primal Flow\",\"description\":\"Fuel Your Flow with the Power of Mushrooms\",\"publisher\":{\"@id\":\"https:\\\/\\\/primalflow.eu\\\/de\\\/#organization\"},\"potentialAction\":[{\"@type\":\"SearchAction\",\"target\":{\"@type\":\"EntryPoint\",\"urlTemplate\":\"https:\\\/\\\/primalflow.eu\\\/de\\\/?s={search_term_string}\"},\"query-input\":{\"@type\":\"PropertyValueSpecification\",\"valueRequired\":true,\"valueName\":\"search_term_string\"}}],\"inLanguage\":\"de\"},{\"@type\":\"Organization\",\"@id\":\"https:\\\/\\\/primalflow.eu\\\/de\\\/#organization\",\"name\":\"Primal Flow\",\"url\":\"https:\\\/\\\/primalflow.eu\\\/de\\\/\",\"logo\":{\"@type\":\"ImageObject\",\"inLanguage\":\"de\",\"@id\":\"https:\\\/\\\/primalflow.eu\\\/de\\\/#\\\/schema\\\/logo\\\/image\\\/\",\"url\":\"https:\\\/\\\/primalflow.eu\\\/wp-content\\\/uploads\\\/2024\\\/10\\\/Primal-B.V.-logo-4.svg\",\"contentUrl\":\"https:\\\/\\\/primalflow.eu\\\/wp-content\\\/uploads\\\/2024\\\/10\\\/Primal-B.V.-logo-4.svg\",\"width\":50,\"height\":50,\"caption\":\"Primal Flow\"},\"image\":{\"@id\":\"https:\\\/\\\/primalflow.eu\\\/de\\\/#\\\/schema\\\/logo\\\/image\\\/\"}}]}<\/script>\n<!-- \/ Yoast SEO plugin. -->","yoast_head_json":{"title":"Chaga Capsules - Primal Flow","description":"Chaga Capsules, your natural defense booster. Discover their benefits for immune support, stress relief, and healthy digestion.","robots":{"index":"index","follow":"follow","max-snippet":"max-snippet:-1","max-image-preview":"max-image-preview:large","max-video-preview":"max-video-preview:-1"},"canonical":"https:\/\/primalflow.eu\/de\/produkt\/chaga-capsules\/","og_locale":"de_DE","og_type":"article","og_title":"Chaga Capsules - Primal Flow","og_description":"Chaga Capsules, your natural defense booster. Discover their benefits for immune support, stress relief, and healthy digestion.","og_url":"https:\/\/primalflow.eu\/de\/produkt\/chaga-capsules\/","og_site_name":"Primal Flow","article_modified_time":"2025-04-03T16:09:35+00:00","og_image":[{"width":1080,"height":1080,"url":"https:\/\/primalflow.eu\/wp-content\/uploads\/2025\/03\/Primal-Flow-4.webp","type":"image\/webp"}],"twitter_card":"summary_large_image","twitter_misc":{"Gesch\u00e4tzte Lesezeit":"2\u00a0Minuten"},"schema":{"@context":"https:\/\/schema.org","@graph":[{"@type":"WebPage","@id":"https:\/\/primalflow.eu\/product\/chaga-capsules\/","url":"https:\/\/primalflow.eu\/product\/chaga-capsules\/","name":"Chaga Capsules - Primal Flow","isPartOf":{"@id":"https:\/\/primalflow.eu\/de\/#website"},"primaryImageOfPage":{"@id":"https:\/\/primalflow.eu\/product\/chaga-capsules\/#primaryimage"},"image":{"@id":"https:\/\/primalflow.eu\/product\/chaga-capsules\/#primaryimage"},"thumbnailUrl":"https:\/\/primalflow.eu\/wp-content\/uploads\/2025\/03\/Primal-Flow-4.webp","datePublished":"2024-10-09T13:05:08+00:00","dateModified":"2025-04-03T16:09:35+00:00","description":"Chaga Capsules, your natural defense booster. Discover their benefits for immune support, stress relief, and healthy digestion.","breadcrumb":{"@id":"https:\/\/primalflow.eu\/product\/chaga-capsules\/#breadcrumb"},"inLanguage":"de","potentialAction":[{"@type":"ReadAction","target":["https:\/\/primalflow.eu\/product\/chaga-capsules\/"]}]},{"@type":"ImageObject","inLanguage":"de","@id":"https:\/\/primalflow.eu\/product\/chaga-capsules\/#primaryimage","url":"https:\/\/primalflow.eu\/wp-content\/uploads\/2025\/03\/Primal-Flow-4.webp","contentUrl":"https:\/\/primalflow.eu\/wp-content\/uploads\/2025\/03\/Primal-Flow-4.webp","width":1080,"height":1080},{"@type":"BreadcrumbList","@id":"https:\/\/primalflow.eu\/product\/chaga-capsules\/#breadcrumb","itemListElement":[{"@type":"ListItem","position":1,"name":"Home","item":"https:\/\/primalflow.eu\/de\/"},{"@type":"ListItem","position":2,"name":"Produkte","item":"https:\/\/primalflow.eu\/de\/shop\/"},{"@type":"ListItem","position":3,"name":"Chaga Capsules"}]},{"@type":"WebSite","@id":"https:\/\/primalflow.eu\/de\/#website","url":"https:\/\/primalflow.eu\/de\/","name":"Primal Flow","description":"Fuel Your Flow with the Power of Mushrooms","publisher":{"@id":"https:\/\/primalflow.eu\/de\/#organization"},"potentialAction":[{"@type":"SearchAction","target":{"@type":"EntryPoint","urlTemplate":"https:\/\/primalflow.eu\/de\/?s={search_term_string}"},"query-input":{"@type":"PropertyValueSpecification","valueRequired":true,"valueName":"search_term_string"}}],"inLanguage":"de"},{"@type":"Organization","@id":"https:\/\/primalflow.eu\/de\/#organization","name":"Primal Flow","url":"https:\/\/primalflow.eu\/de\/","logo":{"@type":"ImageObject","inLanguage":"de","@id":"https:\/\/primalflow.eu\/de\/#\/schema\/logo\/image\/","url":"https:\/\/primalflow.eu\/wp-content\/uploads\/2024\/10\/Primal-B.V.-logo-4.svg","contentUrl":"https:\/\/primalflow.eu\/wp-content\/uploads\/2024\/10\/Primal-B.V.-logo-4.svg","width":50,"height":50,"caption":"Primal Flow"},"image":{"@id":"https:\/\/primalflow.eu\/de\/#\/schema\/logo\/image\/"}}]}},"jetpack_sharing_enabled":true,"_links":{"self":[{"href":"https:\/\/primalflow.eu\/de\/wp-json\/wp\/v2\/product\/461818","targetHints":{"allow":["GET"]}}],"collection":[{"href":"https:\/\/primalflow.eu\/de\/wp-json\/wp\/v2\/product"}],"about":[{"href":"https:\/\/primalflow.eu\/de\/wp-json\/wp\/v2\/types\/product"}],"replies":[{"embeddable":true,"href":"https:\/\/primalflow.eu\/de\/wp-json\/wp\/v2\/comments?post=461818"}],"wp:featuredmedia":[{"embeddable":true,"href":"https:\/\/primalflow.eu\/de\/wp-json\/wp\/v2\/media\/467907"}],"wp:attachment":[{"href":"https:\/\/primalflow.eu\/de\/wp-json\/wp\/v2\/media?parent=461818"}],"wp:term":[{"taxonomy":"product_brand","embeddable":true,"href":"https:\/\/primalflow.eu\/de\/wp-json\/wp\/v2\/product_brand?post=461818"},{"taxonomy":"product_cat","embeddable":true,"href":"https:\/\/primalflow.eu\/de\/wp-json\/wp\/v2\/product_cat?post=461818"},{"taxonomy":"product_tag","embeddable":true,"href":"https:\/\/primalflow.eu\/de\/wp-json\/wp\/v2\/product_tag?post=461818"}],"curies":[{"name":"wp","href":"https:\/\/api.w.org\/{rel}","templated":true}]}}