{"id":2187,"date":"2023-01-17T14:08:47","date_gmt":"2023-01-17T13:08:47","guid":{"rendered":"http:\/\/primalflow.eu\/?page_id=2187"},"modified":"2024-10-17T14:29:07","modified_gmt":"2024-10-17T12:29:07","slug":"terms-and-conditions","status":"publish","type":"page","link":"https:\/\/primalflow.eu\/de\/terms-and-conditions\/","title":{"rendered":"Terms and Conditions"},"content":{"rendered":"<div data-elementor-type=\"wp-page\" data-elementor-id=\"2187\" class=\"elementor elementor-2187\" data-elementor-post-type=\"page\">\n\t\t\t\t\t\t<section class=\"elementor-section elementor-top-section elementor-element elementor-element-1f494f4 elementor-section-boxed elementor-section-height-default elementor-section-height-default\" data-id=\"1f494f4\" data-element_type=\"section\" data-e-type=\"section\">\n\t\t\t\t\t\t<div class=\"elementor-container elementor-column-gap-default\">\n\t\t\t\t\t<div class=\"elementor-column elementor-col-100 elementor-top-column elementor-element elementor-element-e868114\" data-id=\"e868114\" data-element_type=\"column\" data-e-type=\"column\">\n\t\t\t<div class=\"elementor-widget-wrap elementor-element-populated\">\n\t\t\t\t\t\t<div class=\"elementor-element elementor-element-d6cfa7 elementor-widget elementor-widget-heading\" data-id=\"d6cfa7\" data-element_type=\"widget\" data-e-type=\"widget\" data-widget_type=\"heading.default\">\n\t\t\t\t<div class=\"elementor-widget-container\">\n\t\t\t\t\t<h1 class=\"elementor-heading-title elementor-size-default\"><b>TERMS<\/b> &amp; <b>BEDINGUNGEN<\/b><\/h1>\t\t\t\t<\/div>\n\t\t\t\t<\/div>\n\t\t\t\t\t<\/div>\n\t\t<\/div>\n\t\t\t\t\t<\/div>\n\t\t<\/section>\n\t\t\t\t<section class=\"elementor-section elementor-top-section elementor-element elementor-element-3efcee8 elementor-section-boxed elementor-section-height-default elementor-section-height-default\" data-id=\"3efcee8\" data-element_type=\"section\" data-e-type=\"section\">\n\t\t\t\t\t\t<div class=\"elementor-container elementor-column-gap-default\">\n\t\t\t\t\t<div class=\"elementor-column elementor-col-100 elementor-top-column elementor-element elementor-element-f5521ed\" data-id=\"f5521ed\" data-element_type=\"column\" data-e-type=\"column\">\n\t\t\t<div class=\"elementor-widget-wrap elementor-element-populated\">\n\t\t\t\t\t\t<div class=\"elementor-element elementor-element-1ad4d95 elementor-widget elementor-widget-text-editor\" data-id=\"1ad4d95\" data-element_type=\"widget\" data-e-type=\"widget\" data-widget_type=\"text-editor.default\">\n\t\t\t\t<div class=\"elementor-widget-container\">\n\t\t\t\t\t\t\t\t\t<p><strong>Artikel 1 - Definitionen:<\/strong><\/p>\n<ol>\n<li>Unternehmer: die nat\u00fcrliche oder juristische Person, die Verbrauchern im Fernabsatz Produkte, (Zugang zu) digitalen Inhalten und\/oder Dienstleistungen anbietet.<\/li>\n<li>Verbraucher: eine nat\u00fcrliche Person, die nicht zu Zwecken handelt, die mit ihrem Handel, Gewerbe, Handwerk oder Beruf zusammenh\u00e4ngen.<\/li>\n<li>Fernabsatzvertrag: ein Vertrag, bei dem im Rahmen eines vom Unternehmer organisierten Systems f\u00fcr den Fernabsatz von Produkten, digitalen Inhalten und\/oder Dienstleistungen nur eine oder mehrere Kommunikationstechniken bis zum Abschluss des Vertrags verwendet werden.<\/li>\n<li>Bedenkzeit: der Zeitraum, in dem der Verbraucher von seinem Widerrufsrecht Gebrauch machen kann.<\/li>\n<li>Widerrufsrecht: Die M\u00f6glichkeit des Verbrauchers, den Fernabsatzvertrag innerhalb der Bedenkzeit nicht abzuschlie\u00dfen.<\/li>\n<li>Tag: Kalendertag.<\/li>\n<li>Dauerhafter Datentr\u00e4ger: jedes Instrument, einschlie\u00dflich E-Mail, das es dem Verbraucher oder Unternehmer erm\u00f6glicht, an ihn pers\u00f6nlich gerichtete Informationen so zu speichern, dass eine k\u00fcnftige Abfrage und unver\u00e4nderte Wiedergabe der gespeicherten Informationen m\u00f6glich ist.<\/li>\n<\/ol>\n<p><strong>Artikel 2 - Identit\u00e4t des Unternehmers:<\/strong> <br>Primal Flow<br>van Oldenbarneveltstraat 32<br>6512AX, Nijmegen<br>info@primalflow.eu<\/p>\n<p><strong>Artikel 3 - Anwendbarkeit:<\/strong><\/p>\n<ol>\n<li>Diese Allgemeinen Gesch\u00e4ftsbedingungen gelten f\u00fcr jedes Angebot des Unternehmers und f\u00fcr jeden zwischen dem Unternehmer und dem Verbraucher geschlossenen Fernabsatzvertrag.<\/li>\n<li>Vor dem Abschluss eines Fernabsatzvertrags wird der Text dieser Allgemeinen Gesch\u00e4ftsbedingungen dem Verbraucher zur Verf\u00fcgung gestellt. Ist dies nach vern\u00fcnftigem Ermessen nicht m\u00f6glich, gibt der Unternehmer vor Abschluss des Fernabsatzvertrags an, wie die Allgemeinen Gesch\u00e4ftsbedingungen in den Gesch\u00e4ftsr\u00e4umen des Unternehmers eingesehen werden k\u00f6nnen und dass sie dem Verbraucher auf dessen Wunsch so bald wie m\u00f6glich kostenlos zugesandt werden.<\/li>\n<\/ol>\n<p><strong>Artikel 4 - Das Angebot:<\/strong><\/p>\n<ol>\n<li>Wenn ein Angebot von begrenzter Dauer ist oder bestimmte Bedingungen gelten, wird dies im Angebot ausdr\u00fccklich angegeben.<\/li>\n<li>Das Angebot enth\u00e4lt eine vollst\u00e4ndige und genaue Beschreibung der angebotenen Produkte, digitalen Inhalte und\/oder Dienstleistungen. Die Beschreibung ist hinreichend detailliert, um dem Verbraucher eine angemessene Bewertung des Angebots zu erm\u00f6glichen.<\/li>\n<li>Jedes Angebot enth\u00e4lt solche Informationen, die dem Verbraucher deutlich machen, welche Rechte und Pflichten mit der Annahme des Angebots verbunden sind.<\/li>\n<\/ol>\n<p><strong>Artikel 5 - Das Abkommen:<\/strong><\/p>\n<ol>\n<li>Der Vertrag kommt, vorbehaltlich der Bestimmungen in Absatz 4, in dem Moment zustande, in dem der Verbraucher das Angebot annimmt und die darin festgelegten Bedingungen erf\u00fcllt sind.<\/li>\n<li>Hat der Verbraucher das Angebot auf elektronischem Wege angenommen, best\u00e4tigt der Unternehmer unverz\u00fcglich den Eingang der elektronischen Annahme des Angebots. Solange der Erhalt dieser Annahme vom Unternehmer nicht best\u00e4tigt wurde, kann der Verbraucher den Vertrag aufl\u00f6sen.<\/li>\n<li>Kommt der Vertrag auf elektronischem Wege zustande, trifft der Unternehmer geeignete technische und organisatorische Ma\u00dfnahmen zur Sicherung der elektronischen Daten\u00fcbermittlung und sorgt f\u00fcr eine sichere Webumgebung. Wenn der Verbraucher die M\u00f6glichkeit hat, elektronisch zu bezahlen, wird der Unternehmer geeignete Sicherheitsma\u00dfnahmen ergreifen.<\/li>\n<li>Der Unternehmer kann sich im Rahmen der gesetzlichen Bestimmungen dar\u00fcber informieren, ob der Verbraucher seinen Zahlungsverpflichtungen nachkommen kann, sowie \u00fcber all jene Tatsachen und Faktoren, die f\u00fcr einen verantwortungsvollen Abschluss des Fernabsatzvertrages wichtig sind. Wenn der Unternehmer auf der Grundlage dieser Untersuchung einen guten Grund hat, den Vertrag nicht abzuschlie\u00dfen, ist er berechtigt, eine Bestellung oder einen Antrag abzulehnen oder die Ausf\u00fchrung an besondere Bedingungen zu kn\u00fcpfen.<\/li>\n<li>Der Unternehmer wird sp\u00e4testens bei der Lieferung des Produkts, der Dienstleistung oder der digitalen Inhalte an den Verbraucher folgende Informationen schriftlich oder in einer f\u00fcr den Verbraucher zug\u00e4nglichen Weise auf einem dauerhaften Datentr\u00e4ger \u00fcbermitteln: a. die Besuchsadresse der Niederlassung des Unternehmers, an die sich der Verbraucher mit Beschwerden wenden kann; b. die Bedingungen und die Art und Weise, in der der Verbraucher das Widerrufsrecht aus\u00fcben kann, oder eine klare Erkl\u00e4rung \u00fcber den Ausschluss des Widerrufsrechts; c. die Informationen \u00fcber die Garantie und den bestehenden Kundendienst; d. den Preis, einschlie\u00dflich aller Steuern, der Ware, der Dienstleistung oder der digitalen Inhalte; gegebenenfalls die Lieferkosten; und die Art der Zahlung, der Lieferung oder der Erf\u00fcllung des Fernabsatzvertrags; e. die Voraussetzungen f\u00fcr die Beendigung des Vertrags, wenn der Vertrag eine Laufzeit von mehr als einem Jahr hat oder unbefristet ist; f. wenn der Verbraucher ein Widerrufsrecht hat, das Musterformular f\u00fcr den Widerruf.<\/li>\n<li>Im Falle eines Laufzeitvertrags gilt die Bestimmung des vorstehenden Absatzes nur f\u00fcr die erste Lieferung.<\/li>\n<\/ol>\n<p><strong>Artikel 6 - Ausschluss des R\u00fccktrittsrechts:<\/strong> Der Gewerbetreibende kann die folgenden Produkte und Dienstleistungen vom Widerrufsrecht ausschlie\u00dfen, allerdings nur, wenn er dies bei der Abgabe des Angebots oder zumindest rechtzeitig vor Vertragsabschluss deutlich angegeben hat:<\/p>\n<ol>\n<li>Produkte oder Dienstleistungen, deren Preis von Schwankungen auf dem Finanzmarkt abh\u00e4ngt, auf die der Unternehmer keinen Einfluss hat und die innerhalb der Widerrufsfrist auftreten k\u00f6nnen;<\/li>\n<li>Vertr\u00e4ge, die w\u00e4hrend einer \u00f6ffentlichen Versteigerung geschlossen werden. Eine \u00f6ffentliche Versteigerung ist definiert als eine Verkaufsmethode, bei der der Gewerbetreibende dem Verbraucher, der bei der Versteigerung pers\u00f6nlich anwesend ist oder die M\u00f6glichkeit hat, pers\u00f6nlich anwesend zu sein, unter der Leitung eines Auktionators Produkte, digitale Inhalte und\/oder Dienstleistungen anbietet und bei der der erfolgreiche Bieter verpflichtet ist, die Produkte, digitalen Inhalte und\/oder Dienstleistungen zu erwerben;<\/li>\n<li>Dienstleistungsvertr\u00e4ge nach vollst\u00e4ndiger Ausf\u00fchrung der Dienstleistung, jedoch nur, wenn: a. mit der Ausf\u00fchrung mit ausdr\u00fccklicher vorheriger Zustimmung des Verbrauchers begonnen wurde; und b. der Verbraucher erkl\u00e4rt hat, dass er sein Widerrufsrecht verliert, sobald der Unternehmer den Vertrag vollst\u00e4ndig ausgef\u00fchrt hat;<\/li>\n<li>Pauschalreisen im Sinne von Artikel 7:500 Zivilgesetzbuch und Vertr\u00e4ge \u00fcber die Personenbef\u00f6rderung;<\/li>\n<li>Dienstleistungsauftr\u00e4ge \u00fcber die Bereitstellung von Unterk\u00fcnften, wenn der Vertrag ein bestimmtes Datum oder einen bestimmten Zeitraum f\u00fcr die Ausf\u00fchrung vorsieht und nicht f\u00fcr Wohnzwecke, die Bef\u00f6rderung von Waren, Autovermietung und Catering;<\/li>\n<li>Vereinbarungen \u00fcber Freizeitaktivit\u00e4ten, wenn die Vereinbarung ein bestimmtes Datum oder einen bestimmten Zeitraum f\u00fcr die Erf\u00fcllung vorsieht;<\/li>\n<li>Nach den Spezifikationen des Verbrauchers hergestellte Produkte, die nicht vorgefertigt sind und die aufgrund einer individuellen Wahl oder Entscheidung des Verbrauchers hergestellt werden oder die eindeutig f\u00fcr eine bestimmte Person bestimmt sind;<\/li>\n<li>Produkte, die schnell verderben oder eine begrenzte Haltbarkeitsdauer haben;<\/li>\n<li>Versiegelte Produkte, die aus Gr\u00fcnden des Gesundheitsschutzes oder der Hygiene nicht zur R\u00fcckgabe geeignet sind und deren Versiegelung nach der Lieferung aufgebrochen wurde;<\/li>\n<li>Produkte, die nach der Lieferung aufgrund ihrer Beschaffenheit unwiderruflich mit anderen Produkten vermischt sind;<\/li>\n<li>Alkoholische Getr\u00e4nke, deren Preis bei Vertragsabschluss vereinbart wurde, deren Lieferung aber erst nach 30 Tagen erfolgen kann und deren tats\u00e4chlicher Wert von Schwankungen auf dem Markt abh\u00e4ngt, auf die der Unternehmer keinen Einfluss hat;<\/li>\n<li>Versiegelte Audio- und Videoaufzeichnungen sowie Computersoftware, deren Siegel nach der Lieferung gebrochen wurde;<\/li>\n<li>Zeitungen, Zeitschriften oder Journale, mit Ausnahme von Abonnements f\u00fcr diese;<\/li>\n<li>Die Lieferung von digitalen Inhalten, die nicht auf einem materiellen Datentr\u00e4ger gespeichert sind, jedoch nur, wenn: a. mit der Ausf\u00fchrung mit ausdr\u00fccklicher vorheriger Zustimmung des Verbrauchers begonnen wurde; und b. der Verbraucher erkl\u00e4rt hat, dass er dadurch sein Widerrufsrecht verliert.<\/li><\/ol>\n<p><strong>Artikel 7 - Vertragserf\u00fcllung und zus\u00e4tzliche Garantie:<\/strong><\/p>\n<ol>\n<li>Der Unternehmer garantiert, dass die Produkte und\/oder Dienstleistungen dem Vertrag, den im Angebot angegebenen Spezifikationen, den angemessenen Anforderungen an Zuverl\u00e4ssigkeit und\/oder Brauchbarkeit und den zum Zeitpunkt des Vertragsabschlusses geltenden gesetzlichen Bestimmungen und\/oder beh\u00f6rdlichen Vorschriften entsprechen. Falls vereinbart, gew\u00e4hrleistet der Unternehmer auch, dass das Produkt f\u00fcr eine andere als die normale Verwendung geeignet ist.<\/li>\n<li>Eine zus\u00e4tzliche Garantie des Unternehmers, seines Lieferanten, Herstellers oder Importeurs schr\u00e4nkt niemals die gesetzlichen Rechte und Anspr\u00fcche ein, die der Verbraucher aus dem Vertrag gegen\u00fcber dem Unternehmer geltend machen kann, wenn der Unternehmer seinen Teil des Vertrages nicht erf\u00fcllt hat.<\/li>\n<li>Unter zus\u00e4tzlicher Gew\u00e4hrleistung ist jede Zusage des Unternehmers, seines Lieferanten, Importeurs oder Herstellers zu verstehen, mit der er dem Verbraucher bestimmte Rechte oder Anspr\u00fcche einr\u00e4umt, die \u00fcber das hinausgehen, wozu er gesetzlich verpflichtet ist, falls er seinen Teil des Vertrages nicht erf\u00fcllt hat.<\/li>\n<\/ol>\n<p><strong>Artikel 8 - Lieferung und Vollstreckung:<\/strong><\/p>\n<ol>\n<li>Der Unternehmer wird bei der Entgegennahme und Ausf\u00fchrung von Bestellungen von Produkten und bei der Beurteilung von Antr\u00e4gen auf Erbringung von Dienstleistungen die gr\u00f6\u00dftm\u00f6gliche Sorgfalt walten lassen.<\/li>\n<li>Der Ort der Lieferung ist die Adresse, die der Verbraucher dem Unternehmer mitgeteilt hat.<\/li>\n<li>Unter Beachtung der Bestimmungen in Artikel 4 dieser Allgemeinen Gesch\u00e4ftsbedingungen f\u00fchrt der Unternehmer angenommene Bestellungen so schnell wie m\u00f6glich aus, mindestens jedoch innerhalb von 30 Tagen, es sei denn, es wurde eine andere Lieferfrist vereinbart. Wenn sich die Lieferung verz\u00f6gert oder wenn eine Bestellung nicht oder nur teilweise ausgef\u00fchrt werden kann, wird der Verbraucher innerhalb von 30 Tagen nach seiner Bestellung dar\u00fcber informiert. Der Verbraucher hat in diesem Fall das Recht, den Vertrag ohne Vertragsstrafe und ohne Anspruch auf eine Entsch\u00e4digung zu k\u00fcndigen.<\/li>\n<li>Nach der Aufl\u00f6sung gem\u00e4\u00df dem vorstehenden Absatz erstattet der Unternehmer dem Verbraucher unverz\u00fcglich den gezahlten Betrag.<\/li>\n<li>Das Risiko der Besch\u00e4digung und\/oder des Verlusts von Produkten liegt beim Unternehmer bis zum Zeitpunkt der Lieferung an den Verbraucher oder einen zuvor benannten und vereinbarten Vertreter, sofern nicht ausdr\u00fccklich etwas anderes vereinbart wurde.<\/li>\n<\/ol>\n<p>Im Falle von Widerspr\u00fcchen zwischen der englischen und anderen Versionen ist die englische Version ma\u00dfgebend. Primal Flow beh\u00e4lt sich das Recht vor, diese Allgemeinen Gesch\u00e4ftsbedingungen zu \u00e4ndern. Dem Verbraucher wird empfohlen, die Allgemeinen Gesch\u00e4ftsbedingungen regelm\u00e4\u00dfig auf m\u00f6gliche \u00c4nderungen hin zu \u00fcberpr\u00fcfen.<\/p>\t\t\t\t\t\t\t\t<\/div>\n\t\t\t\t<\/div>\n\t\t\t\t\t<\/div>\n\t\t<\/div>\n\t\t\t\t\t<\/div>\n\t\t<\/section>\n\t\t\t\t<section class=\"elementor-section elementor-top-section elementor-element elementor-element-f59577a elementor-section-boxed elementor-section-height-default elementor-section-height-default\" data-id=\"f59577a\" data-element_type=\"section\" data-e-type=\"section\">\n\t\t\t\t\t\t<div class=\"elementor-container elementor-column-gap-default\">\n\t\t\t\t\t<div class=\"elementor-column elementor-col-100 elementor-top-column elementor-element elementor-element-9c67fd3\" data-id=\"9c67fd3\" data-element_type=\"column\" data-e-type=\"column\">\n\t\t\t<div class=\"elementor-widget-wrap elementor-element-populated\">\n\t\t\t\t\t\t<div class=\"elementor-element elementor-element-76404e9 elementor-align-center elementor-widget elementor-widget-button\" data-id=\"76404e9\" data-element_type=\"widget\" data-e-type=\"widget\" data-widget_type=\"button.default\">\n\t\t\t\t<div class=\"elementor-widget-container\">\n\t\t\t\t\t\t\t\t\t<div class=\"elementor-button-wrapper\">\n\t\t\t\t\t<a class=\"elementor-button elementor-button-link elementor-size-sm\" href=\"\/de\/products\/\">\n\t\t\t\t\t\t<span class=\"elementor-button-content-wrapper\">\n\t\t\t\t\t\t\t\t\t<span class=\"elementor-button-text\">Zu rpoducts gehen<\/span>\n\t\t\t\t\t<\/span>\n\t\t\t\t\t<\/a>\n\t\t\t\t<\/div>\n\t\t\t\t\t\t\t\t<\/div>\n\t\t\t\t<\/div>\n\t\t\t\t\t<\/div>\n\t\t<\/div>\n\t\t\t\t\t<\/div>\n\t\t<\/section>\n\t\t\t\t<\/div>","protected":false},"excerpt":{"rendered":"<p>TERMS &amp; CONDITIONS Article 1 &#8211; Definitions: Entrepreneur: the natural or legal person who offers products, (access to) digital content, and\/or services to consumers at a distance. Consumer: the natural person who does not act for purposes related to their trade, business, craft, or profession. Distance Contract: an agreement where, within the framework of a [&hellip;]<\/p>","protected":false},"author":1,"featured_media":0,"parent":0,"menu_order":0,"comment_status":"closed","ping_status":"closed","template":"","meta":{"site-sidebar-layout":"no-sidebar","site-content-layout":"page-builder","ast-site-content-layout":"full-width-container","site-content-style":"unboxed","site-sidebar-style":"unboxed","ast-global-header-display":"","ast-banner-title-visibility":"","ast-main-header-display":"","ast-hfb-above-header-display":"","ast-hfb-below-header-display":"","ast-hfb-mobile-header-display":"","site-post-title":"disabled","ast-breadcrumbs-content":"","ast-featured-img":"disabled","footer-sml-layout":"","theme-transparent-header-meta":"disabled","adv-header-id-meta":"","stick-header-meta":"","header-above-stick-meta":"","header-main-stick-meta":"","header-below-stick-meta":"","astra-migrate-meta-layouts":"set","ast-page-background-enabled":"default","ast-page-background-meta":{"desktop":{"background-color":"","background-image":"","background-repeat":"repeat","background-position":"center center","background-size":"auto","background-attachment":"scroll","background-type":"","background-media":"","overlay-type":"","overlay-color":"","overlay-opacity":"","overlay-gradient":""},"tablet":{"background-color":"","background-image":"","background-repeat":"repeat","background-position":"center center","background-size":"auto","background-attachment":"scroll","background-type":"","background-media":"","overlay-type":"","overlay-color":"","overlay-opacity":"","overlay-gradient":""},"mobile":{"background-color":"","background-image":"","background-repeat":"repeat","background-position":"center center","background-size":"auto","background-attachment":"scroll","background-type":"","background-media":"","overlay-type":"","overlay-color":"","overlay-opacity":"","overlay-gradient":""}},"ast-content-background-meta":{"desktop":{"background-color":"var(--ast-global-color-5)","background-image":"","background-repeat":"repeat","background-position":"center center","background-size":"auto","background-attachment":"scroll","background-type":"","background-media":"","overlay-type":"","overlay-color":"","overlay-opacity":"","overlay-gradient":""},"tablet":{"background-color":"var(--ast-global-color-5)","background-image":"","background-repeat":"repeat","background-position":"center center","background-size":"auto","background-attachment":"scroll","background-type":"","background-media":"","overlay-type":"","overlay-color":"","overlay-opacity":"","overlay-gradient":""},"mobile":{"background-color":"var(--ast-global-color-5)","background-image":"","background-repeat":"repeat","background-position":"center center","background-size":"auto","background-attachment":"scroll","background-type":"","background-media":"","overlay-type":"","overlay-color":"","overlay-opacity":"","overlay-gradient":""}},"footnotes":""},"class_list":["post-2187","page","type-page","status-publish","hentry"],"yoast_head":"<!-- This site is optimized with the Yoast SEO plugin v27.6 - https:\/\/yoast.com\/product\/yoast-seo-wordpress\/ -->\n<title>Terms and Conditions - Primal Flow<\/title>\n<meta name=\"description\" content=\"Review Primal Flow&#039;s terms and conditions. Understand the policies regarding your purchases and your rights as a customer.\" \/>\n<meta name=\"robots\" content=\"index, follow, max-snippet:-1, max-image-preview:large, max-video-preview:-1\" \/>\n<link rel=\"canonical\" href=\"https:\/\/primalflow.eu\/de\/terms-and-conditions\/\" \/>\n<meta property=\"og:locale\" content=\"de_DE\" \/>\n<meta property=\"og:type\" content=\"article\" \/>\n<meta property=\"og:title\" content=\"Terms and Conditions - Primal Flow\" \/>\n<meta property=\"og:description\" content=\"Review Primal Flow&#039;s terms and conditions. Understand the policies regarding your purchases and your rights as a customer.\" \/>\n<meta property=\"og:url\" content=\"https:\/\/primalflow.eu\/de\/terms-and-conditions\/\" \/>\n<meta property=\"og:site_name\" content=\"Primal Flow\" \/>\n<meta property=\"article:modified_time\" content=\"2024-10-17T12:29:07+00:00\" \/>\n<meta name=\"twitter:card\" content=\"summary_large_image\" \/>\n<meta name=\"twitter:label1\" content=\"Gesch\u00e4tzte Lesezeit\" \/>\n\t<meta name=\"twitter:data1\" content=\"7\u00a0Minuten\" \/>\n<script type=\"application\/ld+json\" class=\"yoast-schema-graph\">{\"@context\":\"https:\\\/\\\/schema.org\",\"@graph\":[{\"@type\":\"WebPage\",\"@id\":\"https:\\\/\\\/primalflow.eu\\\/terms-and-conditions\\\/\",\"url\":\"https:\\\/\\\/primalflow.eu\\\/terms-and-conditions\\\/\",\"name\":\"Terms and Conditions - Primal Flow\",\"isPartOf\":{\"@id\":\"https:\\\/\\\/primalflow.eu\\\/de\\\/#website\"},\"datePublished\":\"2023-01-17T13:08:47+00:00\",\"dateModified\":\"2024-10-17T12:29:07+00:00\",\"description\":\"Review Primal Flow's terms and conditions. Understand the policies regarding your purchases and your rights as a customer.\",\"breadcrumb\":{\"@id\":\"https:\\\/\\\/primalflow.eu\\\/terms-and-conditions\\\/#breadcrumb\"},\"inLanguage\":\"de\",\"potentialAction\":[{\"@type\":\"ReadAction\",\"target\":[\"https:\\\/\\\/primalflow.eu\\\/terms-and-conditions\\\/\"]}]},{\"@type\":\"BreadcrumbList\",\"@id\":\"https:\\\/\\\/primalflow.eu\\\/terms-and-conditions\\\/#breadcrumb\",\"itemListElement\":[{\"@type\":\"ListItem\",\"position\":1,\"name\":\"Home\",\"item\":\"https:\\\/\\\/primalflow.eu\\\/de\\\/\"},{\"@type\":\"ListItem\",\"position\":2,\"name\":\"Terms and Conditions\"}]},{\"@type\":\"WebSite\",\"@id\":\"https:\\\/\\\/primalflow.eu\\\/de\\\/#website\",\"url\":\"https:\\\/\\\/primalflow.eu\\\/de\\\/\",\"name\":\"Primal Flow\",\"description\":\"Fuel Your Flow with the Power of Mushrooms\",\"publisher\":{\"@id\":\"https:\\\/\\\/primalflow.eu\\\/de\\\/#organization\"},\"potentialAction\":[{\"@type\":\"SearchAction\",\"target\":{\"@type\":\"EntryPoint\",\"urlTemplate\":\"https:\\\/\\\/primalflow.eu\\\/de\\\/?s={search_term_string}\"},\"query-input\":{\"@type\":\"PropertyValueSpecification\",\"valueRequired\":true,\"valueName\":\"search_term_string\"}}],\"inLanguage\":\"de\"},{\"@type\":\"Organization\",\"@id\":\"https:\\\/\\\/primalflow.eu\\\/de\\\/#organization\",\"name\":\"Primal Flow\",\"url\":\"https:\\\/\\\/primalflow.eu\\\/de\\\/\",\"logo\":{\"@type\":\"ImageObject\",\"inLanguage\":\"de\",\"@id\":\"https:\\\/\\\/primalflow.eu\\\/de\\\/#\\\/schema\\\/logo\\\/image\\\/\",\"url\":\"https:\\\/\\\/primalflow.eu\\\/wp-content\\\/uploads\\\/2024\\\/10\\\/Primal-B.V.-logo-4.svg\",\"contentUrl\":\"https:\\\/\\\/primalflow.eu\\\/wp-content\\\/uploads\\\/2024\\\/10\\\/Primal-B.V.-logo-4.svg\",\"width\":50,\"height\":50,\"caption\":\"Primal Flow\"},\"image\":{\"@id\":\"https:\\\/\\\/primalflow.eu\\\/de\\\/#\\\/schema\\\/logo\\\/image\\\/\"}}]}<\/script>\n<!-- \/ Yoast SEO plugin. -->","yoast_head_json":{"title":"Terms and Conditions - Primal Flow","description":"Review Primal Flow's terms and conditions. Understand the policies regarding your purchases and your rights as a customer.","robots":{"index":"index","follow":"follow","max-snippet":"max-snippet:-1","max-image-preview":"max-image-preview:large","max-video-preview":"max-video-preview:-1"},"canonical":"https:\/\/primalflow.eu\/de\/terms-and-conditions\/","og_locale":"de_DE","og_type":"article","og_title":"Terms and Conditions - Primal Flow","og_description":"Review Primal Flow's terms and conditions. Understand the policies regarding your purchases and your rights as a customer.","og_url":"https:\/\/primalflow.eu\/de\/terms-and-conditions\/","og_site_name":"Primal Flow","article_modified_time":"2024-10-17T12:29:07+00:00","twitter_card":"summary_large_image","twitter_misc":{"Gesch\u00e4tzte Lesezeit":"7\u00a0Minuten"},"schema":{"@context":"https:\/\/schema.org","@graph":[{"@type":"WebPage","@id":"https:\/\/primalflow.eu\/terms-and-conditions\/","url":"https:\/\/primalflow.eu\/terms-and-conditions\/","name":"Terms and Conditions - Primal Flow","isPartOf":{"@id":"https:\/\/primalflow.eu\/de\/#website"},"datePublished":"2023-01-17T13:08:47+00:00","dateModified":"2024-10-17T12:29:07+00:00","description":"Review Primal Flow's terms and conditions. Understand the policies regarding your purchases and your rights as a customer.","breadcrumb":{"@id":"https:\/\/primalflow.eu\/terms-and-conditions\/#breadcrumb"},"inLanguage":"de","potentialAction":[{"@type":"ReadAction","target":["https:\/\/primalflow.eu\/terms-and-conditions\/"]}]},{"@type":"BreadcrumbList","@id":"https:\/\/primalflow.eu\/terms-and-conditions\/#breadcrumb","itemListElement":[{"@type":"ListItem","position":1,"name":"Home","item":"https:\/\/primalflow.eu\/de\/"},{"@type":"ListItem","position":2,"name":"Terms and Conditions"}]},{"@type":"WebSite","@id":"https:\/\/primalflow.eu\/de\/#website","url":"https:\/\/primalflow.eu\/de\/","name":"Primal Flow","description":"Fuel Your Flow with the Power of Mushrooms","publisher":{"@id":"https:\/\/primalflow.eu\/de\/#organization"},"potentialAction":[{"@type":"SearchAction","target":{"@type":"EntryPoint","urlTemplate":"https:\/\/primalflow.eu\/de\/?s={search_term_string}"},"query-input":{"@type":"PropertyValueSpecification","valueRequired":true,"valueName":"search_term_string"}}],"inLanguage":"de"},{"@type":"Organization","@id":"https:\/\/primalflow.eu\/de\/#organization","name":"Primal Flow","url":"https:\/\/primalflow.eu\/de\/","logo":{"@type":"ImageObject","inLanguage":"de","@id":"https:\/\/primalflow.eu\/de\/#\/schema\/logo\/image\/","url":"https:\/\/primalflow.eu\/wp-content\/uploads\/2024\/10\/Primal-B.V.-logo-4.svg","contentUrl":"https:\/\/primalflow.eu\/wp-content\/uploads\/2024\/10\/Primal-B.V.-logo-4.svg","width":50,"height":50,"caption":"Primal Flow"},"image":{"@id":"https:\/\/primalflow.eu\/de\/#\/schema\/logo\/image\/"}}]}},"jetpack_sharing_enabled":true,"_links":{"self":[{"href":"https:\/\/primalflow.eu\/de\/wp-json\/wp\/v2\/pages\/2187","targetHints":{"allow":["GET"]}}],"collection":[{"href":"https:\/\/primalflow.eu\/de\/wp-json\/wp\/v2\/pages"}],"about":[{"href":"https:\/\/primalflow.eu\/de\/wp-json\/wp\/v2\/types\/page"}],"author":[{"embeddable":true,"href":"https:\/\/primalflow.eu\/de\/wp-json\/wp\/v2\/users\/1"}],"replies":[{"embeddable":true,"href":"https:\/\/primalflow.eu\/de\/wp-json\/wp\/v2\/comments?post=2187"}],"version-history":[{"count":0,"href":"https:\/\/primalflow.eu\/de\/wp-json\/wp\/v2\/pages\/2187\/revisions"}],"wp:attachment":[{"href":"https:\/\/primalflow.eu\/de\/wp-json\/wp\/v2\/media?parent=2187"}],"curies":[{"name":"wp","href":"https:\/\/api.w.org\/{rel}","templated":true}]}}